{"id":9987,"date":"2024-09-20T09:32:17","date_gmt":"2024-09-20T06:32:17","guid":{"rendered":"https:\/\/underwood.shop\/?post_type=product&#038;p=9987"},"modified":"2024-10-09T09:59:42","modified_gmt":"2024-10-09T06:59:42","slug":"waterrower-natural-ash-airesanas-trenazieris-osis-kopeeri","status":"publish","type":"product","link":"https:\/\/underwood.shop\/lv\/Prece\/waterrower-natural-ash-airesanas-trenazieris-osis-kopeeri\/","title":{"rendered":"WaterRower Pure VR3"},"content":{"rendered":"<p>The entry-level wooden-framed WaterRower, the VR3 offers a lower-cost alternative to the WaterRower Original Series. Manufactured in the USA, the VR3 features the same patented WaterFlywheel technology and dual rail seat action as other models in the WaterRower range.<\/p>\n<p>Fitted with the S4 Performance Monitor as standard, the solid oak frame on the VR3 uses slimmer timber sections compared to WaterRower Original and Performance rowing machines. Designed for home use, as with all WaterRower models, the VR3 can stand on end for space-saving storage.<\/p>\n","protected":false},"excerpt":{"rendered":"<ul>\n<li>R\u0101mja materi\u0101ls: ozols<\/li>\n<li>Maksim\u0101lais lietot\u0101ja svars: 130 kg<\/li>\n<li>Garums horizont\u0101li: 208 cm<\/li>\n<li>Platums: 56 cm<\/li>\n<li>Augstums: 45 cm<\/li>\n<li>Svars: 25 kg (ar \u016bdeni aptuveni 42 kg)<\/li>\n<li>Rokturis: 15&#8243; (standarta apr\u012bkojum\u0101)<\/li>\n<li>Dators: S4<\/li>\n<\/ul>\n<p>Air\u0113\u0161anas trena\u017eieris WaterRower Pure VR3 ir ar rok\u0101m izgatavots no ozola koka. Air\u0113\u0161anas trena\u017eiera koka karkass ir iedarbojies ar \u012bpa\u0161u d\u0101\u0146u da\u013cu, kas nodro\u0161ina dzi\u013cu sp\u012bdumu un skaistumu.<\/p>\n","protected":false},"featured_media":9994,"template":"","meta":[],"product_brand":[],"product_cat":[226],"product_tag":[],"class_list":{"0":"post-9987","1":"product","2":"type-product","3":"status-publish","4":"has-post-thumbnail","6":"product_cat-waterrower-airesanas-trenazieris","7":"product_shipping_class-20e-piemaksa-lv","9":"first","10":"instock","11":"taxable","12":"shipping-taxable","13":"purchasable","14":"product-type-simple","15":"thumb-has-effect","16":"prod-rating-on"},"yoast_head":"<!-- This site is optimized with the Yoast SEO Premium plugin v15.4 - https:\/\/yoast.com\/wordpress\/plugins\/seo\/ -->\n<title>WaterRower Pure VR3 - Waterrower<\/title>\n<meta name=\"robots\" content=\"index, follow, max-snippet:-1, max-image-preview:large, max-video-preview:-1\" \/>\n<link rel=\"canonical\" href=\"https:\/\/underwood.shop\/lv\/Prece\/waterrower-natural-ash-airesanas-trenazieris-osis-kopeeri\/\" \/>\n<meta property=\"og:locale\" content=\"lv_LV\" \/>\n<meta property=\"og:type\" content=\"article\" \/>\n<meta property=\"og:title\" content=\"WaterRower Pure VR3 - Waterrower\" \/>\n<meta property=\"og:description\" content=\"R\u0101mja materi\u0101ls: ozols  Maksim\u0101lais lietot\u0101ja svars: 130 kg  Garums horizont\u0101li: 208 cm  Platums: 56 cm  Augstums: 45 cm  Svars: 25 kg (ar \u016bdeni aptuveni 42 kg)  Rokturis: 15&quot; (standarta apr\u012bkojum\u0101)  Dators: S4  Air\u0113\u0161anas trena\u017eieris WaterRower Pure VR3 ir ar rok\u0101m izgatavots no ozola koka. Air\u0113\u0161anas trena\u017eiera koka karkass ir iedarbojies ar \u012bpa\u0161u d\u0101\u0146u da\u013cu, kas nodro\u0161ina dzi\u013cu sp\u012bdumu un skaistumu.\" \/>\n<meta property=\"og:url\" content=\"https:\/\/underwood.shop\/lv\/Prece\/waterrower-natural-ash-airesanas-trenazieris-osis-kopeeri\/\" \/>\n<meta property=\"og:site_name\" content=\"Waterrower\" \/>\n<meta property=\"article:publisher\" content=\"https:\/\/www.facebook.com\/waterrowerestonia\/?__tn__=kCH-R&amp;amp%3beid=ARAHna99jrDdgHX4Qh4qbjJkFTpB4Rwy04X3-WA-4U2KCSk1EprOpmgRUXpe4abCNxt2chxG6BVLWZ9c&amp;amp%3bhc_ref=ARSxIXDOcUF0ktwkMczSBfWtc1fZ9u55etWQkZNNCRCuUe4coWN4nqGgxEvEyaa79_I&amp;amp%3bfref=nf&amp;amp%3b__xts__%5b0%5d=68.ARCYkSnJqv07cWt_rtH40XwNXpPvnNDwq-c0oxKJjQtwENHIXyQcbmKmIx74uSjtgZFfsTfyLEBbKQIICK07KQVhZnDYF-9XAOSImiVGnc3nHwbftJHs_4Zo0kXfvYL_HAh-9aLqykXKd9KjeqMVCr0-FP3q9bNk5Wtr5x5v3PPQW7WdGl1BUoKfO8XXxc0SBxo0lRaSzWTsYpbMsWCEWJGV-O7-SMGlKr72Vh-hTpEOIsz8VDnxdGTTJGROy_FL6N70jWTGZcPzrJqNVZ5FXY8oD5vrCAgYNkAUN_A-cirAtWZjSwQaxPlYzGkVQXsplX6562coH6Dslig6V9fj\" \/>\n<meta property=\"article:modified_time\" content=\"2024-10-09T06:59:42+00:00\" \/>\n<meta property=\"og:image\" content=\"https:\/\/underwood.shop\/wp-content\/uploads\/2024\/09\/VR3_1-1.jpg\" \/>\n\t<meta property=\"og:image:width\" content=\"1640\" \/>\n\t<meta property=\"og:image:height\" content=\"858\" \/>\n<meta name=\"twitter:card\" content=\"summary_large_image\" \/>\n<meta name=\"twitter:label1\" content=\"Written by\">\n\t<meta name=\"twitter:data1\" content=\"Jaanus Veskla\">\n\t<meta name=\"twitter:label2\" content=\"Est. reading time\">\n\t<meta name=\"twitter:data2\" content=\"0 minutes\">\n<script type=\"application\/ld+json\" class=\"yoast-schema-graph\">{\"@context\":\"https:\/\/schema.org\",\"@graph\":[{\"@type\":\"WebSite\",\"@id\":\"https:\/\/underwood.shop\/lv\/#website\",\"url\":\"https:\/\/underwood.shop\/lv\/\",\"name\":\"Waterrower\",\"description\":\"Sac\\u012bk\\u0161u autom\\u0101tu un m\\u0101c\\u012bbu autom\\u0101tu tirdzniec\\u012bba\",\"potentialAction\":[{\"@type\":\"SearchAction\",\"target\":\"https:\/\/underwood.shop\/lv\/?s={search_term_string}\",\"query-input\":\"required name=search_term_string\"}],\"inLanguage\":\"lv-LV\"},{\"@type\":\"ImageObject\",\"@id\":\"https:\/\/underwood.shop\/lv\/Prece\/waterrower-natural-ash-airesanas-trenazieris-osis-kopeeri\/#primaryimage\",\"inLanguage\":\"lv-LV\",\"url\":\"https:\/\/underwood.shop\/wp-content\/uploads\/2024\/09\/VR3_1-1.jpg\",\"width\":1640,\"height\":858},{\"@type\":\"WebPage\",\"@id\":\"https:\/\/underwood.shop\/lv\/Prece\/waterrower-natural-ash-airesanas-trenazieris-osis-kopeeri\/#webpage\",\"url\":\"https:\/\/underwood.shop\/lv\/Prece\/waterrower-natural-ash-airesanas-trenazieris-osis-kopeeri\/\",\"name\":\"WaterRower Pure VR3 - Waterrower\",\"isPartOf\":{\"@id\":\"https:\/\/underwood.shop\/lv\/#website\"},\"primaryImageOfPage\":{\"@id\":\"https:\/\/underwood.shop\/lv\/Prece\/waterrower-natural-ash-airesanas-trenazieris-osis-kopeeri\/#primaryimage\"},\"datePublished\":\"2024-09-20T06:32:17+00:00\",\"dateModified\":\"2024-10-09T06:59:42+00:00\",\"inLanguage\":\"lv-LV\",\"potentialAction\":[{\"@type\":\"ReadAction\",\"target\":[\"https:\/\/underwood.shop\/lv\/Prece\/waterrower-natural-ash-airesanas-trenazieris-osis-kopeeri\/\"]}]}]}<\/script>\n<!-- \/ Yoast SEO Premium plugin. -->","_links":{"self":[{"href":"https:\/\/underwood.shop\/lv\/wp-json\/wp\/v2\/product\/9987","targetHints":{"allow":["GET"]}}],"collection":[{"href":"https:\/\/underwood.shop\/lv\/wp-json\/wp\/v2\/product"}],"about":[{"href":"https:\/\/underwood.shop\/lv\/wp-json\/wp\/v2\/types\/product"}],"wp:featuredmedia":[{"embeddable":true,"href":"https:\/\/underwood.shop\/lv\/wp-json\/wp\/v2\/media\/9994"}],"wp:attachment":[{"href":"https:\/\/underwood.shop\/lv\/wp-json\/wp\/v2\/media?parent=9987"}],"wp:term":[{"taxonomy":"product_brand","embeddable":true,"href":"https:\/\/underwood.shop\/lv\/wp-json\/wp\/v2\/product_brand?post=9987"},{"taxonomy":"product_cat","embeddable":true,"href":"https:\/\/underwood.shop\/lv\/wp-json\/wp\/v2\/product_cat?post=9987"},{"taxonomy":"product_tag","embeddable":true,"href":"https:\/\/underwood.shop\/lv\/wp-json\/wp\/v2\/product_tag?post=9987"}],"curies":[{"name":"wp","href":"https:\/\/api.w.org\/{rel}","templated":true}]}}