{"id":9099,"date":"2023-08-18T10:41:00","date_gmt":"2023-08-18T07:41:00","guid":{"rendered":"https:\/\/underwood.shop\/?post_type=product&#038;p=9099"},"modified":"2024-03-11T14:10:56","modified_gmt":"2024-03-11T12:10:56","slug":"waterrower-a1-oak-airesanas-trenazieris","status":"publish","type":"product","link":"https:\/\/underwood.shop\/lv\/Prece\/waterrower-a1-oak-airesanas-trenazieris\/","title":{"rendered":"WaterRower A1 Oak air\u0113\u0161anas trena\u017eieris"},"content":{"rendered":"<p>Patent\u0113ts \u016bdens spararats ir veidots t\u0101, lai atdarin\u0101tu re\u0101lu laivas kust\u012bbas dinamiku, air\u0113\u0161anas laik\u0101 radot pat\u012bkamu un hipnotiski klusu \u016bdens burbu\u013co\u0161anas ska\u0146u. \u0160\u0137iet, ka air\u0113 re\u0101l\u0101 \u016bdenskr\u0101tuv\u0113 \u012bst\u0101 laiv\u0101!<\/p>\n<p>Ier\u012bcei ir A1 dators, kas \u013cauj atainot pamatr\u0101d\u012bt\u0101jus, piem\u0113ram, laiku, distanci un air\u0113\u0161anas \u0101trumu\/intensit\u0101ti.<\/p>\n<p>Papildus ir iesp\u0113jams uzst\u0101d\u012bt SmartRow sp\u0113j\u012bguma sensoru, kas nodro\u0161ina Bluetooth savienojumu ar viedier\u012bc\u0113m.<\/p>\n<p>Komplekt\u0101 ietilpst: air\u0113\u0161anas ergometrs, \u016bdens s\u016bknis, hlor\u012bda tabletes, lieto\u0161anas un mont\u0101\u017eas instrukcija. Standarta apr\u012bkojum\u0101 ir 17\u201c rokturis.<\/p>\n<p>Iepakojuma izm\u0113ri: 72,5\u00d762,5\u00d752 cm, 22 kg; 138,5\u00d743,5\u00d726,5 cm, 13 kg (garums \u00d7 platums \u00d7\u00a0 augstums, svars)<\/p>\n<p>Ra\u017eot\u0101js: WaterRower (USA)<\/p>\n","protected":false},"excerpt":{"rendered":"<ul>\n<li>R\u0101mja materi\u0101ls: ozols, alum\u012bnijs<\/li>\n<li>Ier\u012bcei ir unik\u0101ls patent\u0113ts \u016bdens spararats<\/li>\n<li>Garums horizont\u0101li: 212 cm<\/li>\n<li>Platums: 57 cm<\/li>\n<li>Augstums: 51 cm<\/li>\n<li>Svars: 28 kg (ar \u016bdeni aptuveni 45 kg)<\/li>\n<li>Rokturis: 17&#8243; (standarta apr\u012bkojum\u0101)<\/li>\n<li>Dators: A1<\/li>\n<\/ul>\n<p>Ier\u012bce ir izgatavota no o\u0161a koksnes, monosliede ir izgatavota no alum\u012bnija un p\u0101rkl\u0101ta ar melnu pulverkr\u0101su.<\/p>\n","protected":false},"featured_media":4739,"template":"","meta":[],"product_brand":[],"product_cat":[226],"product_tag":[],"class_list":{"0":"post-9099","1":"product","2":"type-product","3":"status-publish","4":"has-post-thumbnail","6":"product_cat-waterrower-airesanas-trenazieris","7":"product_shipping_class-20e-piemaksa-lv","9":"first","10":"instock","11":"taxable","12":"shipping-taxable","13":"purchasable","14":"product-type-simple","15":"thumb-has-effect","16":"prod-rating-on"},"yoast_head":"<!-- This site is optimized with the Yoast SEO Premium plugin v15.4 - https:\/\/yoast.com\/wordpress\/plugins\/seo\/ -->\n<title>WaterRower A1 Oak air\u0113\u0161anas trena\u017eieris - Waterrower<\/title>\n<meta name=\"robots\" content=\"index, follow, max-snippet:-1, max-image-preview:large, max-video-preview:-1\" \/>\n<link rel=\"canonical\" href=\"https:\/\/underwood.shop\/lv\/Prece\/waterrower-a1-oak-airesanas-trenazieris\/\" \/>\n<meta property=\"og:locale\" content=\"lv_LV\" \/>\n<meta property=\"og:type\" content=\"article\" \/>\n<meta property=\"og:title\" content=\"WaterRower A1 Oak air\u0113\u0161anas trena\u017eieris - Waterrower\" \/>\n<meta property=\"og:description\" content=\"R\u0101mja materi\u0101ls: ozols, alum\u012bnijs  Ier\u012bcei ir unik\u0101ls patent\u0113ts \u016bdens spararats  Garums horizont\u0101li: 212 cm  Platums: 57 cm  Augstums: 51 cm  Svars: 28 kg (ar \u016bdeni aptuveni 45 kg)  Rokturis: 17&quot; (standarta apr\u012bkojum\u0101)  Dators: A1  Ier\u012bce ir izgatavota no o\u0161a koksnes, monosliede ir izgatavota no alum\u012bnija un p\u0101rkl\u0101ta ar melnu pulverkr\u0101su.\" \/>\n<meta property=\"og:url\" content=\"https:\/\/underwood.shop\/lv\/Prece\/waterrower-a1-oak-airesanas-trenazieris\/\" \/>\n<meta property=\"og:site_name\" content=\"Waterrower\" \/>\n<meta property=\"article:publisher\" content=\"https:\/\/www.facebook.com\/waterrowerestonia\/?__tn__=kCH-R&amp;amp%3beid=ARAHna99jrDdgHX4Qh4qbjJkFTpB4Rwy04X3-WA-4U2KCSk1EprOpmgRUXpe4abCNxt2chxG6BVLWZ9c&amp;amp%3bhc_ref=ARSxIXDOcUF0ktwkMczSBfWtc1fZ9u55etWQkZNNCRCuUe4coWN4nqGgxEvEyaa79_I&amp;amp%3bfref=nf&amp;amp%3b__xts__%5b0%5d=68.ARCYkSnJqv07cWt_rtH40XwNXpPvnNDwq-c0oxKJjQtwENHIXyQcbmKmIx74uSjtgZFfsTfyLEBbKQIICK07KQVhZnDYF-9XAOSImiVGnc3nHwbftJHs_4Zo0kXfvYL_HAh-9aLqykXKd9KjeqMVCr0-FP3q9bNk5Wtr5x5v3PPQW7WdGl1BUoKfO8XXxc0SBxo0lRaSzWTsYpbMsWCEWJGV-O7-SMGlKr72Vh-hTpEOIsz8VDnxdGTTJGROy_FL6N70jWTGZcPzrJqNVZ5FXY8oD5vrCAgYNkAUN_A-cirAtWZjSwQaxPlYzGkVQXsplX6562coH6Dslig6V9fj\" \/>\n<meta property=\"article:modified_time\" content=\"2024-03-11T12:10:56+00:00\" \/>\n<meta property=\"og:image\" content=\"https:\/\/underwood.shop\/wp-content\/uploads\/2018\/11\/wr_a1_studio.jpg\" \/>\n\t<meta property=\"og:image:width\" content=\"660\" \/>\n\t<meta property=\"og:image:height\" content=\"345\" \/>\n<meta name=\"twitter:card\" content=\"summary_large_image\" \/>\n<meta name=\"twitter:label1\" content=\"Written by\">\n\t<meta name=\"twitter:data1\" content=\"Jaanus Veskla\">\n\t<meta name=\"twitter:label2\" content=\"Est. reading time\">\n\t<meta name=\"twitter:data2\" content=\"0 minutes\">\n<script type=\"application\/ld+json\" class=\"yoast-schema-graph\">{\"@context\":\"https:\/\/schema.org\",\"@graph\":[{\"@type\":\"WebSite\",\"@id\":\"https:\/\/underwood.shop\/lv\/#website\",\"url\":\"https:\/\/underwood.shop\/lv\/\",\"name\":\"Waterrower\",\"description\":\"Sac\\u012bk\\u0161u autom\\u0101tu un m\\u0101c\\u012bbu autom\\u0101tu tirdzniec\\u012bba\",\"potentialAction\":[{\"@type\":\"SearchAction\",\"target\":\"https:\/\/underwood.shop\/lv\/?s={search_term_string}\",\"query-input\":\"required name=search_term_string\"}],\"inLanguage\":\"lv-LV\"},{\"@type\":\"ImageObject\",\"@id\":\"https:\/\/underwood.shop\/lv\/Prece\/waterrower-a1-oak-airesanas-trenazieris\/#primaryimage\",\"inLanguage\":\"lv-LV\",\"url\":\"https:\/\/underwood.shop\/wp-content\/uploads\/2018\/11\/wr_a1_studio.jpg\",\"width\":660,\"height\":345},{\"@type\":\"WebPage\",\"@id\":\"https:\/\/underwood.shop\/lv\/Prece\/waterrower-a1-oak-airesanas-trenazieris\/#webpage\",\"url\":\"https:\/\/underwood.shop\/lv\/Prece\/waterrower-a1-oak-airesanas-trenazieris\/\",\"name\":\"WaterRower A1 Oak air\\u0113\\u0161anas trena\\u017eieris - Waterrower\",\"isPartOf\":{\"@id\":\"https:\/\/underwood.shop\/lv\/#website\"},\"primaryImageOfPage\":{\"@id\":\"https:\/\/underwood.shop\/lv\/Prece\/waterrower-a1-oak-airesanas-trenazieris\/#primaryimage\"},\"datePublished\":\"2023-08-18T07:41:00+00:00\",\"dateModified\":\"2024-03-11T12:10:56+00:00\",\"inLanguage\":\"lv-LV\",\"potentialAction\":[{\"@type\":\"ReadAction\",\"target\":[\"https:\/\/underwood.shop\/lv\/Prece\/waterrower-a1-oak-airesanas-trenazieris\/\"]}]}]}<\/script>\n<!-- \/ Yoast SEO Premium plugin. -->","_links":{"self":[{"href":"https:\/\/underwood.shop\/lv\/wp-json\/wp\/v2\/product\/9099","targetHints":{"allow":["GET"]}}],"collection":[{"href":"https:\/\/underwood.shop\/lv\/wp-json\/wp\/v2\/product"}],"about":[{"href":"https:\/\/underwood.shop\/lv\/wp-json\/wp\/v2\/types\/product"}],"wp:featuredmedia":[{"embeddable":true,"href":"https:\/\/underwood.shop\/lv\/wp-json\/wp\/v2\/media\/4739"}],"wp:attachment":[{"href":"https:\/\/underwood.shop\/lv\/wp-json\/wp\/v2\/media?parent=9099"}],"wp:term":[{"taxonomy":"product_brand","embeddable":true,"href":"https:\/\/underwood.shop\/lv\/wp-json\/wp\/v2\/product_brand?post=9099"},{"taxonomy":"product_cat","embeddable":true,"href":"https:\/\/underwood.shop\/lv\/wp-json\/wp\/v2\/product_cat?post=9099"},{"taxonomy":"product_tag","embeddable":true,"href":"https:\/\/underwood.shop\/lv\/wp-json\/wp\/v2\/product_tag?post=9099"}],"curies":[{"name":"wp","href":"https:\/\/api.w.org\/{rel}","templated":true}]}}