{"id":4961,"date":"2018-04-30T11:20:02","date_gmt":"2018-04-30T08:20:02","guid":{"rendered":"https:\/\/underwood.shop\/product\/slipais-vingrosanas-sols-ar-adas-parvalku\/"},"modified":"2021-03-18T23:12:19","modified_gmt":"2021-03-18T21:12:19","slug":"slipais-vingrosanas-sols-ar-adas-parvalku","status":"publish","type":"product","link":"https:\/\/underwood.shop\/lv\/Prece\/slipais-vingrosanas-sols-ar-adas-parvalku\/","title":{"rendered":"Sl\u012bpais vingro\u0161anas sols ar \u0101das p\u0101rvalku"},"content":{"rendered":"<p>Ra\u017eot\u0101js: NOHrD (V\u0101cija)<\/p>\n","protected":false},"excerpt":{"rendered":"<p>Sl\u012bpais vingro\u0161anas sols treni\u0146u vari\u0113\u0161anai.<br \/>\n\u2022 Ar m\u0101ksl\u012bg\u0101s vai dab\u012bg\u0101s \u0101das p\u0101rvalku<br \/>\n\u2022 Pieejam\u0101s \u0101das kr\u0101sas: b\u0113\u0161s, melns, tum\u0161i br\u016bns, tum\u0161i sarkans<br \/>\n\u2022 Piem\u0113rots 10 un 14 sprai\u0161\u013cu vingro\u0161anas sienai<br \/>\n\u2022 Piekarams da\u017e\u0101dos augstumos<br \/>\n\u2022 Izm\u0113ri 136 x 33 cm<\/p>\n","protected":false},"featured_media":4965,"template":"","meta":[],"product_brand":[],"product_cat":[249],"product_tag":[],"class_list":{"0":"post-4961","1":"product","2":"type-product","3":"status-publish","4":"has-post-thumbnail","6":"product_cat-wallbars-papildu-aprikojums","7":"pa_materjal-adas-imitacijas-parvalks-melns","8":"pa_materjal-dabigas-adas-parvalks-melns","10":"first","11":"instock","12":"taxable","13":"shipping-taxable","14":"purchasable","15":"product-type-variable","16":"thumb-has-effect","17":"prod-rating-on"},"yoast_head":"<!-- This site is optimized with the Yoast SEO Premium plugin v15.4 - https:\/\/yoast.com\/wordpress\/plugins\/seo\/ -->\n<title>Sl\u012bpais vingro\u0161anas sols ar \u0101das p\u0101rvalku - Waterrower<\/title>\n<meta name=\"robots\" content=\"index, follow, max-snippet:-1, max-image-preview:large, max-video-preview:-1\" \/>\n<link rel=\"canonical\" href=\"https:\/\/underwood.shop\/lv\/Prece\/slipais-vingrosanas-sols-ar-adas-parvalku\/\" \/>\n<meta property=\"og:locale\" content=\"lv_LV\" \/>\n<meta property=\"og:type\" content=\"article\" \/>\n<meta property=\"og:title\" content=\"Sl\u012bpais vingro\u0161anas sols ar \u0101das p\u0101rvalku - Waterrower\" \/>\n<meta property=\"og:description\" content=\"Sl\u012bpais vingro\u0161anas sols treni\u0146u vari\u0113\u0161anai. \u2022 Ar m\u0101ksl\u012bg\u0101s vai dab\u012bg\u0101s \u0101das p\u0101rvalku \u2022 Pieejam\u0101s \u0101das kr\u0101sas: b\u0113\u0161s, melns, tum\u0161i br\u016bns, tum\u0161i sarkans \u2022 Piem\u0113rots 10 un 14 sprai\u0161\u013cu vingro\u0161anas sienai \u2022 Piekarams da\u017e\u0101dos augstumos \u2022 Izm\u0113ri 136 x 33 cm\" \/>\n<meta property=\"og:url\" content=\"https:\/\/underwood.shop\/lv\/Prece\/slipais-vingrosanas-sols-ar-adas-parvalku\/\" \/>\n<meta property=\"og:site_name\" content=\"Waterrower\" \/>\n<meta property=\"article:publisher\" content=\"https:\/\/www.facebook.com\/waterrowerestonia\/?__tn__=kCH-R&amp;amp%3beid=ARAHna99jrDdgHX4Qh4qbjJkFTpB4Rwy04X3-WA-4U2KCSk1EprOpmgRUXpe4abCNxt2chxG6BVLWZ9c&amp;amp%3bhc_ref=ARSxIXDOcUF0ktwkMczSBfWtc1fZ9u55etWQkZNNCRCuUe4coWN4nqGgxEvEyaa79_I&amp;amp%3bfref=nf&amp;amp%3b__xts__%5b0%5d=68.ARCYkSnJqv07cWt_rtH40XwNXpPvnNDwq-c0oxKJjQtwENHIXyQcbmKmIx74uSjtgZFfsTfyLEBbKQIICK07KQVhZnDYF-9XAOSImiVGnc3nHwbftJHs_4Zo0kXfvYL_HAh-9aLqykXKd9KjeqMVCr0-FP3q9bNk5Wtr5x5v3PPQW7WdGl1BUoKfO8XXxc0SBxo0lRaSzWTsYpbMsWCEWJGV-O7-SMGlKr72Vh-hTpEOIsz8VDnxdGTTJGROy_FL6N70jWTGZcPzrJqNVZ5FXY8oD5vrCAgYNkAUN_A-cirAtWZjSwQaxPlYzGkVQXsplX6562coH6Dslig6V9fj\" \/>\n<meta property=\"article:modified_time\" content=\"2021-03-18T21:12:19+00:00\" \/>\n<meta property=\"og:image\" content=\"https:\/\/underwood.shop\/wp-content\/uploads\/2018\/04\/wb_pink.jpg\" \/>\n\t<meta property=\"og:image:width\" content=\"360\" \/>\n\t<meta property=\"og:image:height\" content=\"360\" \/>\n<meta name=\"twitter:card\" content=\"summary_large_image\" \/>\n<meta name=\"twitter:label1\" content=\"Written by\">\n\t<meta name=\"twitter:data1\" content=\"Jaanus Veskla\">\n\t<meta name=\"twitter:label2\" content=\"Est. reading time\">\n\t<meta name=\"twitter:data2\" content=\"0 minutes\">\n<script type=\"application\/ld+json\" class=\"yoast-schema-graph\">{\"@context\":\"https:\/\/schema.org\",\"@graph\":[{\"@type\":\"WebSite\",\"@id\":\"https:\/\/underwood.shop\/lv\/#website\",\"url\":\"https:\/\/underwood.shop\/lv\/\",\"name\":\"Waterrower\",\"description\":\"Sac\\u012bk\\u0161u autom\\u0101tu un m\\u0101c\\u012bbu autom\\u0101tu tirdzniec\\u012bba\",\"potentialAction\":[{\"@type\":\"SearchAction\",\"target\":\"https:\/\/underwood.shop\/lv\/?s={search_term_string}\",\"query-input\":\"required name=search_term_string\"}],\"inLanguage\":\"lv-LV\"},{\"@type\":\"ImageObject\",\"@id\":\"https:\/\/underwood.shop\/lv\/Prece\/slipais-vingrosanas-sols-ar-adas-parvalku\/#primaryimage\",\"inLanguage\":\"lv-LV\",\"url\":\"https:\/\/underwood.shop\/wp-content\/uploads\/2018\/04\/wb_pink.jpg\",\"width\":360,\"height\":360},{\"@type\":\"WebPage\",\"@id\":\"https:\/\/underwood.shop\/lv\/Prece\/slipais-vingrosanas-sols-ar-adas-parvalku\/#webpage\",\"url\":\"https:\/\/underwood.shop\/lv\/Prece\/slipais-vingrosanas-sols-ar-adas-parvalku\/\",\"name\":\"Sl\\u012bpais vingro\\u0161anas sols ar \\u0101das p\\u0101rvalku - Waterrower\",\"isPartOf\":{\"@id\":\"https:\/\/underwood.shop\/lv\/#website\"},\"primaryImageOfPage\":{\"@id\":\"https:\/\/underwood.shop\/lv\/Prece\/slipais-vingrosanas-sols-ar-adas-parvalku\/#primaryimage\"},\"datePublished\":\"2018-04-30T08:20:02+00:00\",\"dateModified\":\"2021-03-18T21:12:19+00:00\",\"inLanguage\":\"lv-LV\",\"potentialAction\":[{\"@type\":\"ReadAction\",\"target\":[\"https:\/\/underwood.shop\/lv\/Prece\/slipais-vingrosanas-sols-ar-adas-parvalku\/\"]}]}]}<\/script>\n<!-- \/ Yoast SEO Premium plugin. -->","_links":{"self":[{"href":"https:\/\/underwood.shop\/lv\/wp-json\/wp\/v2\/product\/4961","targetHints":{"allow":["GET"]}}],"collection":[{"href":"https:\/\/underwood.shop\/lv\/wp-json\/wp\/v2\/product"}],"about":[{"href":"https:\/\/underwood.shop\/lv\/wp-json\/wp\/v2\/types\/product"}],"wp:featuredmedia":[{"embeddable":true,"href":"https:\/\/underwood.shop\/lv\/wp-json\/wp\/v2\/media\/4965"}],"wp:attachment":[{"href":"https:\/\/underwood.shop\/lv\/wp-json\/wp\/v2\/media?parent=4961"}],"wp:term":[{"taxonomy":"product_brand","embeddable":true,"href":"https:\/\/underwood.shop\/lv\/wp-json\/wp\/v2\/product_brand?post=4961"},{"taxonomy":"product_cat","embeddable":true,"href":"https:\/\/underwood.shop\/lv\/wp-json\/wp\/v2\/product_cat?post=4961"},{"taxonomy":"product_tag","embeddable":true,"href":"https:\/\/underwood.shop\/lv\/wp-json\/wp\/v2\/product_tag?post=4961"}],"curies":[{"name":"wp","href":"https:\/\/api.w.org\/{rel}","templated":true}]}}