{"id":4953,"date":"2018-04-30T11:25:30","date_gmt":"2018-04-30T08:25:30","guid":{"rendered":"https:\/\/underwood.shop\/product\/vingrosanas-sienas-pagarinajums\/"},"modified":"2021-03-18T23:12:19","modified_gmt":"2021-03-18T21:12:19","slug":"vingrosanas-sienas-pagarinajums","status":"publish","type":"product","link":"https:\/\/underwood.shop\/lv\/Prece\/vingrosanas-sienas-pagarinajums\/","title":{"rendered":"Vingro\u0161anas sienas pagarin\u0101jums"},"content":{"rendered":"<p>Ra\u017eot\u0101js: NOHrD (V\u0101cija)<\/p>\n","protected":false},"excerpt":{"rendered":"<p>Vingro\u0161anas sienas pagarin\u0101jums 21,5 cm.<br \/>\n\u2022 Piem\u0113rots 10 un 14 sprai\u0161\u013cu vingro\u0161anas sienai<br \/>\n\u2022 Vingro\u0161anas sienas augstums kop\u0101 ar pagarin\u0101jumu 251,5 cm<br \/>\n\u2022 Papildu r\u012bka materi\u0101ls atbilst sienas materi\u0101lam (ozols, osis, Club, \u0137ir\u0161koks, riekstkoks)<\/p>\n","protected":false},"featured_media":4954,"template":"","meta":[],"product_brand":[],"product_cat":[249],"product_tag":[],"class_list":{"0":"post-4953","1":"product","2":"type-product","3":"status-publish","4":"has-post-thumbnail","6":"product_cat-wallbars-papildu-aprikojums","7":"pa_materjal-toon-kirskoks","8":"pa_materjal-toon-riekstkoks","9":"pa_materjal-toon-osis","10":"pa_materjal-toon-ozols","11":"pa_materjal-toon-black-lv","12":"pa_materjal-toon-club-lv","14":"first","15":"instock","16":"taxable","17":"shipping-taxable","18":"purchasable","19":"product-type-variable","20":"thumb-no-effect","21":"prod-rating-on"},"yoast_head":"<!-- This site is optimized with the Yoast SEO Premium plugin v15.4 - https:\/\/yoast.com\/wordpress\/plugins\/seo\/ -->\n<title>Vingro\u0161anas sienas pagarin\u0101jums - Waterrower<\/title>\n<meta name=\"robots\" content=\"index, follow, max-snippet:-1, max-image-preview:large, max-video-preview:-1\" \/>\n<link rel=\"canonical\" href=\"https:\/\/underwood.shop\/lv\/Prece\/vingrosanas-sienas-pagarinajums\/\" \/>\n<meta property=\"og:locale\" content=\"lv_LV\" \/>\n<meta property=\"og:type\" content=\"article\" \/>\n<meta property=\"og:title\" content=\"Vingro\u0161anas sienas pagarin\u0101jums - Waterrower\" \/>\n<meta property=\"og:description\" content=\"Vingro\u0161anas sienas pagarin\u0101jums 21,5 cm. \u2022 Piem\u0113rots 10 un 14 sprai\u0161\u013cu vingro\u0161anas sienai \u2022 Vingro\u0161anas sienas augstums kop\u0101 ar pagarin\u0101jumu 251,5 cm \u2022 Papildu r\u012bka materi\u0101ls atbilst sienas materi\u0101lam (ozols, osis, Club, \u0137ir\u0161koks, riekstkoks)\" \/>\n<meta property=\"og:url\" content=\"https:\/\/underwood.shop\/lv\/Prece\/vingrosanas-sienas-pagarinajums\/\" \/>\n<meta property=\"og:site_name\" content=\"Waterrower\" \/>\n<meta property=\"article:publisher\" content=\"https:\/\/www.facebook.com\/waterrowerestonia\/?__tn__=kCH-R&amp;amp%3beid=ARAHna99jrDdgHX4Qh4qbjJkFTpB4Rwy04X3-WA-4U2KCSk1EprOpmgRUXpe4abCNxt2chxG6BVLWZ9c&amp;amp%3bhc_ref=ARSxIXDOcUF0ktwkMczSBfWtc1fZ9u55etWQkZNNCRCuUe4coWN4nqGgxEvEyaa79_I&amp;amp%3bfref=nf&amp;amp%3b__xts__%5b0%5d=68.ARCYkSnJqv07cWt_rtH40XwNXpPvnNDwq-c0oxKJjQtwENHIXyQcbmKmIx74uSjtgZFfsTfyLEBbKQIICK07KQVhZnDYF-9XAOSImiVGnc3nHwbftJHs_4Zo0kXfvYL_HAh-9aLqykXKd9KjeqMVCr0-FP3q9bNk5Wtr5x5v3PPQW7WdGl1BUoKfO8XXxc0SBxo0lRaSzWTsYpbMsWCEWJGV-O7-SMGlKr72Vh-hTpEOIsz8VDnxdGTTJGROy_FL6N70jWTGZcPzrJqNVZ5FXY8oD5vrCAgYNkAUN_A-cirAtWZjSwQaxPlYzGkVQXsplX6562coH6Dslig6V9fj\" \/>\n<meta property=\"article:modified_time\" content=\"2021-03-18T21:12:19+00:00\" \/>\n<meta property=\"og:image\" content=\"https:\/\/underwood.shop\/wp-content\/uploads\/2018\/04\/wallbars_zubehoer_accessories_verlaengerung_wallbars-extension-scaled.jpg\" \/>\n\t<meta property=\"og:image:width\" content=\"2560\" \/>\n\t<meta property=\"og:image:height\" content=\"2133\" \/>\n<meta name=\"twitter:card\" content=\"summary_large_image\" \/>\n<meta name=\"twitter:label1\" content=\"Written by\">\n\t<meta name=\"twitter:data1\" content=\"Jaanus Veskla\">\n\t<meta name=\"twitter:label2\" content=\"Est. reading time\">\n\t<meta name=\"twitter:data2\" content=\"0 minutes\">\n<script type=\"application\/ld+json\" class=\"yoast-schema-graph\">{\"@context\":\"https:\/\/schema.org\",\"@graph\":[{\"@type\":\"WebSite\",\"@id\":\"https:\/\/underwood.shop\/lv\/#website\",\"url\":\"https:\/\/underwood.shop\/lv\/\",\"name\":\"Waterrower\",\"description\":\"Sac\\u012bk\\u0161u autom\\u0101tu un m\\u0101c\\u012bbu autom\\u0101tu tirdzniec\\u012bba\",\"potentialAction\":[{\"@type\":\"SearchAction\",\"target\":\"https:\/\/underwood.shop\/lv\/?s={search_term_string}\",\"query-input\":\"required name=search_term_string\"}],\"inLanguage\":\"lv-LV\"},{\"@type\":\"ImageObject\",\"@id\":\"https:\/\/underwood.shop\/lv\/Prece\/vingrosanas-sienas-pagarinajums\/#primaryimage\",\"inLanguage\":\"lv-LV\",\"url\":\"https:\/\/underwood.shop\/wp-content\/uploads\/2018\/04\/wallbars_zubehoer_accessories_verlaengerung_wallbars-extension-scaled.jpg\",\"width\":2560,\"height\":2133},{\"@type\":\"WebPage\",\"@id\":\"https:\/\/underwood.shop\/lv\/Prece\/vingrosanas-sienas-pagarinajums\/#webpage\",\"url\":\"https:\/\/underwood.shop\/lv\/Prece\/vingrosanas-sienas-pagarinajums\/\",\"name\":\"Vingro\\u0161anas sienas pagarin\\u0101jums - Waterrower\",\"isPartOf\":{\"@id\":\"https:\/\/underwood.shop\/lv\/#website\"},\"primaryImageOfPage\":{\"@id\":\"https:\/\/underwood.shop\/lv\/Prece\/vingrosanas-sienas-pagarinajums\/#primaryimage\"},\"datePublished\":\"2018-04-30T08:25:30+00:00\",\"dateModified\":\"2021-03-18T21:12:19+00:00\",\"inLanguage\":\"lv-LV\",\"potentialAction\":[{\"@type\":\"ReadAction\",\"target\":[\"https:\/\/underwood.shop\/lv\/Prece\/vingrosanas-sienas-pagarinajums\/\"]}]}]}<\/script>\n<!-- \/ Yoast SEO Premium plugin. -->","_links":{"self":[{"href":"https:\/\/underwood.shop\/lv\/wp-json\/wp\/v2\/product\/4953","targetHints":{"allow":["GET"]}}],"collection":[{"href":"https:\/\/underwood.shop\/lv\/wp-json\/wp\/v2\/product"}],"about":[{"href":"https:\/\/underwood.shop\/lv\/wp-json\/wp\/v2\/types\/product"}],"wp:featuredmedia":[{"embeddable":true,"href":"https:\/\/underwood.shop\/lv\/wp-json\/wp\/v2\/media\/4954"}],"wp:attachment":[{"href":"https:\/\/underwood.shop\/lv\/wp-json\/wp\/v2\/media?parent=4953"}],"wp:term":[{"taxonomy":"product_brand","embeddable":true,"href":"https:\/\/underwood.shop\/lv\/wp-json\/wp\/v2\/product_brand?post=4953"},{"taxonomy":"product_cat","embeddable":true,"href":"https:\/\/underwood.shop\/lv\/wp-json\/wp\/v2\/product_cat?post=4953"},{"taxonomy":"product_tag","embeddable":true,"href":"https:\/\/underwood.shop\/lv\/wp-json\/wp\/v2\/product_tag?post=4953"}],"curies":[{"name":"wp","href":"https:\/\/api.w.org\/{rel}","templated":true}]}}