{"id":4939,"date":"2018-04-30T11:31:57","date_gmt":"2018-04-30T08:31:57","guid":{"rendered":"https:\/\/underwood.shop\/product\/combi-trainer\/"},"modified":"2023-11-28T23:01:33","modified_gmt":"2023-11-28T21:01:33","slug":"combi-trainer","status":"publish","type":"product","link":"https:\/\/underwood.shop\/lv\/Prece\/combi-trainer\/","title":{"rendered":"Combi-Trainer"},"content":{"rendered":"<p>Ra\u017eot\u0101js: NOHrD (V\u0101cija)<\/p>\n","protected":false},"excerpt":{"rendered":"<p>Combi trena\u017eieri pie vingro\u0161anas sienas ir pieliekami da\u017e\u0101dos augstumos. Muguras balsta virsma no nesl\u012bdo\u0161a materi\u0101la. Vingrin\u0101jumu izpild\u0113 izmantojams savs \u0137erme\u0146a svars.<br \/>\n\u2022 Slodzi regul\u0113 mainot r\u012bka novietojuma le\u0146\u0137i attiec\u012bb\u0101 pret vingro\u0161anas sienu.<br \/>\n\u2022 Piem\u0113rots 10 un 14 sprai\u0161\u013cu vingro\u0161anas sienai<br \/>\n\u2022 Piekarams da\u017e\u0101dos augstumos<br \/>\n\u2022 Combi trena\u017eiera materi\u0101ls atbilst vingro\u0161anas sienas materi\u0101lam (ozols, osis, Club-Sport, \u0137ir\u0161koks, riekstkoks)<\/p>\n","protected":false},"featured_media":4940,"template":"","meta":[],"product_brand":[],"product_cat":[249],"product_tag":[],"class_list":{"0":"post-4939","1":"product","2":"type-product","3":"status-publish","4":"has-post-thumbnail","6":"product_cat-wallbars-papildu-aprikojums","7":"product_shipping_class-10e-piemaksa-lv","9":"first","10":"instock","11":"taxable","12":"shipping-taxable","13":"purchasable","14":"product-type-variable","15":"thumb-has-effect","16":"prod-rating-on"},"yoast_head":"<!-- This site is optimized with the Yoast SEO Premium plugin v15.4 - https:\/\/yoast.com\/wordpress\/plugins\/seo\/ -->\n<title>Combi-Trainer - Waterrower<\/title>\n<meta name=\"robots\" content=\"index, follow, max-snippet:-1, max-image-preview:large, max-video-preview:-1\" \/>\n<link rel=\"canonical\" href=\"https:\/\/underwood.shop\/lv\/Prece\/combi-trainer\/\" \/>\n<meta property=\"og:locale\" content=\"lv_LV\" \/>\n<meta property=\"og:type\" content=\"article\" \/>\n<meta property=\"og:title\" content=\"Combi-Trainer - Waterrower\" \/>\n<meta property=\"og:description\" content=\"Combi trena\u017eieri pie vingro\u0161anas sienas ir pieliekami da\u017e\u0101dos augstumos. Muguras balsta virsma no nesl\u012bdo\u0161a materi\u0101la. Vingrin\u0101jumu izpild\u0113 izmantojams savs \u0137erme\u0146a svars. \u2022 Slodzi regul\u0113 mainot r\u012bka novietojuma le\u0146\u0137i attiec\u012bb\u0101 pret vingro\u0161anas sienu. \u2022 Piem\u0113rots 10 un 14 sprai\u0161\u013cu vingro\u0161anas sienai \u2022 Piekarams da\u017e\u0101dos augstumos \u2022 Combi trena\u017eiera materi\u0101ls atbilst vingro\u0161anas sienas materi\u0101lam (ozols, osis, Club-Sport, \u0137ir\u0161koks, riekstkoks)\" \/>\n<meta property=\"og:url\" content=\"https:\/\/underwood.shop\/lv\/Prece\/combi-trainer\/\" \/>\n<meta property=\"og:site_name\" content=\"Waterrower\" \/>\n<meta property=\"article:publisher\" content=\"https:\/\/www.facebook.com\/waterrowerestonia\/?__tn__=kCH-R&amp;amp%3beid=ARAHna99jrDdgHX4Qh4qbjJkFTpB4Rwy04X3-WA-4U2KCSk1EprOpmgRUXpe4abCNxt2chxG6BVLWZ9c&amp;amp%3bhc_ref=ARSxIXDOcUF0ktwkMczSBfWtc1fZ9u55etWQkZNNCRCuUe4coWN4nqGgxEvEyaa79_I&amp;amp%3bfref=nf&amp;amp%3b__xts__%5b0%5d=68.ARCYkSnJqv07cWt_rtH40XwNXpPvnNDwq-c0oxKJjQtwENHIXyQcbmKmIx74uSjtgZFfsTfyLEBbKQIICK07KQVhZnDYF-9XAOSImiVGnc3nHwbftJHs_4Zo0kXfvYL_HAh-9aLqykXKd9KjeqMVCr0-FP3q9bNk5Wtr5x5v3PPQW7WdGl1BUoKfO8XXxc0SBxo0lRaSzWTsYpbMsWCEWJGV-O7-SMGlKr72Vh-hTpEOIsz8VDnxdGTTJGROy_FL6N70jWTGZcPzrJqNVZ5FXY8oD5vrCAgYNkAUN_A-cirAtWZjSwQaxPlYzGkVQXsplX6562coH6Dslig6V9fj\" \/>\n<meta property=\"article:modified_time\" content=\"2023-11-28T21:01:33+00:00\" \/>\n<meta property=\"og:image\" content=\"https:\/\/underwood.shop\/wp-content\/uploads\/2018\/04\/wallbars_zubehoer_accessories_combi-trainer-scaled.jpg\" \/>\n\t<meta property=\"og:image:width\" content=\"2484\" \/>\n\t<meta property=\"og:image:height\" content=\"2560\" \/>\n<meta name=\"twitter:card\" content=\"summary_large_image\" \/>\n<meta name=\"twitter:label1\" content=\"Written by\">\n\t<meta name=\"twitter:data1\" content=\"Jaanus Veskla\">\n\t<meta name=\"twitter:label2\" content=\"Est. reading time\">\n\t<meta name=\"twitter:data2\" content=\"0 minutes\">\n<script type=\"application\/ld+json\" class=\"yoast-schema-graph\">{\"@context\":\"https:\/\/schema.org\",\"@graph\":[{\"@type\":\"WebSite\",\"@id\":\"https:\/\/underwood.shop\/lv\/#website\",\"url\":\"https:\/\/underwood.shop\/lv\/\",\"name\":\"Waterrower\",\"description\":\"Sac\\u012bk\\u0161u autom\\u0101tu un m\\u0101c\\u012bbu autom\\u0101tu tirdzniec\\u012bba\",\"potentialAction\":[{\"@type\":\"SearchAction\",\"target\":\"https:\/\/underwood.shop\/lv\/?s={search_term_string}\",\"query-input\":\"required name=search_term_string\"}],\"inLanguage\":\"lv-LV\"},{\"@type\":\"ImageObject\",\"@id\":\"https:\/\/underwood.shop\/lv\/Prece\/combi-trainer\/#primaryimage\",\"inLanguage\":\"lv-LV\",\"url\":\"https:\/\/underwood.shop\/wp-content\/uploads\/2018\/04\/wallbars_zubehoer_accessories_combi-trainer-scaled.jpg\",\"width\":2484,\"height\":2560},{\"@type\":\"WebPage\",\"@id\":\"https:\/\/underwood.shop\/lv\/Prece\/combi-trainer\/#webpage\",\"url\":\"https:\/\/underwood.shop\/lv\/Prece\/combi-trainer\/\",\"name\":\"Combi-Trainer - Waterrower\",\"isPartOf\":{\"@id\":\"https:\/\/underwood.shop\/lv\/#website\"},\"primaryImageOfPage\":{\"@id\":\"https:\/\/underwood.shop\/lv\/Prece\/combi-trainer\/#primaryimage\"},\"datePublished\":\"2018-04-30T08:31:57+00:00\",\"dateModified\":\"2023-11-28T21:01:33+00:00\",\"inLanguage\":\"lv-LV\",\"potentialAction\":[{\"@type\":\"ReadAction\",\"target\":[\"https:\/\/underwood.shop\/lv\/Prece\/combi-trainer\/\"]}]}]}<\/script>\n<!-- \/ Yoast SEO Premium plugin. -->","_links":{"self":[{"href":"https:\/\/underwood.shop\/lv\/wp-json\/wp\/v2\/product\/4939","targetHints":{"allow":["GET"]}}],"collection":[{"href":"https:\/\/underwood.shop\/lv\/wp-json\/wp\/v2\/product"}],"about":[{"href":"https:\/\/underwood.shop\/lv\/wp-json\/wp\/v2\/types\/product"}],"wp:featuredmedia":[{"embeddable":true,"href":"https:\/\/underwood.shop\/lv\/wp-json\/wp\/v2\/media\/4940"}],"wp:attachment":[{"href":"https:\/\/underwood.shop\/lv\/wp-json\/wp\/v2\/media?parent=4939"}],"wp:term":[{"taxonomy":"product_brand","embeddable":true,"href":"https:\/\/underwood.shop\/lv\/wp-json\/wp\/v2\/product_brand?post=4939"},{"taxonomy":"product_cat","embeddable":true,"href":"https:\/\/underwood.shop\/lv\/wp-json\/wp\/v2\/product_cat?post=4939"},{"taxonomy":"product_tag","embeddable":true,"href":"https:\/\/underwood.shop\/lv\/wp-json\/wp\/v2\/product_tag?post=4939"}],"curies":[{"name":"wp","href":"https:\/\/api.w.org\/{rel}","templated":true}]}}