{"id":4905,"date":"2018-05-14T07:08:19","date_gmt":"2018-05-14T04:08:19","guid":{"rendered":"https:\/\/underwood.shop\/product\/nohrd-wallbars-vingrosanas-siena-kirskoks\/"},"modified":"2021-03-18T23:12:11","modified_gmt":"2021-03-18T21:12:11","slug":"nohrd-wallbars-vingrosanas-siena-kirskoks","status":"publish","type":"product","link":"https:\/\/underwood.shop\/lv\/Prece\/nohrd-wallbars-vingrosanas-siena-kirskoks\/","title":{"rendered":"NOHrD WallBars vingro\u0161anas siena \u2013 \u0137ir\u0161koks"},"content":{"rendered":"<p>Vingro\u0161anas siena ir lielisks r\u012bks lokan\u012bbas att\u012bst\u012b\u0161anai un stiep\u0161an\u0101s vingrin\u0101jumu pild\u012b\u0161anai. Turkl\u0101t uz WallBars var kar\u0101ties un izpild\u012bt pievilk\u0161anos pie stie\u0146a. Kar\u0101\u0161an\u0101s spraisli var nolaist un pacelt.<\/p>\n<p>Ra\u017eot\u0101js: NOHrD (V\u0101cija)<\/p>\n","protected":false},"excerpt":{"rendered":"<p>\u2022 Materi\u0101ls: \u0137ir\u0161koks<br \/>\n\u2022 Sprai\u0161\u013cu skaits 10 vai 14<br \/>\n\u2022 Augstums no gr\u012bdas 230 cm<br \/>\n\u2022 Platums 80 cm<br \/>\n\u2022 Att\u0101lums no sienas 6-19 cm<br \/>\n\u2022 Nestsp\u0113ja 120 kg<\/p>\n<p>\u0136ir\u0161koka Wallbars vingro\u0161anas siena ir apstr\u0101d\u0101ta ar speci\u0101lu d\u0101\u0146u e\u013c\u013cu, lai pan\u0101ktu \u012bpa\u0161i sp\u012bd\u012bgu virsmu un ilgsto\u0161i pievilc\u012bgu izskatu. Laika gait\u0101 dienas gaismas ietekm\u0113 koksne ieg\u016bst dzi\u013ci sarkan\u012bgu toni.<\/p>\n","protected":false},"featured_media":4910,"template":"","meta":[],"product_brand":[],"product_cat":[248],"product_tag":[],"class_list":{"0":"post-4905","1":"product","2":"type-product","3":"status-publish","4":"has-post-thumbnail","6":"product_cat-wallbars-vingrosanas-siena","7":"product_shipping_class-10e-piemaksa-lv","8":"pa_pulkade-arv-14-spraisli","9":"pa_pulkade-arv-10-spraisli","11":"first","12":"onbackorder","13":"taxable","14":"shipping-taxable","15":"purchasable","16":"product-type-variable","17":"thumb-no-effect","18":"prod-rating-on"},"yoast_head":"<!-- This site is optimized with the Yoast SEO Premium plugin v15.4 - https:\/\/yoast.com\/wordpress\/plugins\/seo\/ -->\n<title>NOHrD WallBars vingro\u0161anas siena \u2013 \u0137ir\u0161koks - Waterrower<\/title>\n<meta name=\"robots\" content=\"index, follow, max-snippet:-1, max-image-preview:large, max-video-preview:-1\" \/>\n<link rel=\"canonical\" href=\"https:\/\/underwood.shop\/lv\/Prece\/nohrd-wallbars-vingrosanas-siena-kirskoks\/\" \/>\n<meta property=\"og:locale\" content=\"lv_LV\" \/>\n<meta property=\"og:type\" content=\"article\" \/>\n<meta property=\"og:title\" content=\"NOHrD WallBars vingro\u0161anas siena \u2013 \u0137ir\u0161koks - Waterrower\" \/>\n<meta property=\"og:description\" content=\"\u2022 Materi\u0101ls: \u0137ir\u0161koks \u2022 Sprai\u0161\u013cu skaits 10 vai 14 \u2022 Augstums no gr\u012bdas 230 cm \u2022 Platums 80 cm \u2022 Att\u0101lums no sienas 6-19 cm \u2022 Nestsp\u0113ja 120 kg  \u0136ir\u0161koka Wallbars vingro\u0161anas siena ir apstr\u0101d\u0101ta ar speci\u0101lu d\u0101\u0146u e\u013c\u013cu, lai pan\u0101ktu \u012bpa\u0161i sp\u012bd\u012bgu virsmu un ilgsto\u0161i pievilc\u012bgu izskatu. Laika gait\u0101 dienas gaismas ietekm\u0113 koksne ieg\u016bst dzi\u013ci sarkan\u012bgu toni.\" \/>\n<meta property=\"og:url\" content=\"https:\/\/underwood.shop\/lv\/Prece\/nohrd-wallbars-vingrosanas-siena-kirskoks\/\" \/>\n<meta property=\"og:site_name\" content=\"Waterrower\" \/>\n<meta property=\"article:publisher\" content=\"https:\/\/www.facebook.com\/waterrowerestonia\/?__tn__=kCH-R&amp;amp%3beid=ARAHna99jrDdgHX4Qh4qbjJkFTpB4Rwy04X3-WA-4U2KCSk1EprOpmgRUXpe4abCNxt2chxG6BVLWZ9c&amp;amp%3bhc_ref=ARSxIXDOcUF0ktwkMczSBfWtc1fZ9u55etWQkZNNCRCuUe4coWN4nqGgxEvEyaa79_I&amp;amp%3bfref=nf&amp;amp%3b__xts__%5b0%5d=68.ARCYkSnJqv07cWt_rtH40XwNXpPvnNDwq-c0oxKJjQtwENHIXyQcbmKmIx74uSjtgZFfsTfyLEBbKQIICK07KQVhZnDYF-9XAOSImiVGnc3nHwbftJHs_4Zo0kXfvYL_HAh-9aLqykXKd9KjeqMVCr0-FP3q9bNk5Wtr5x5v3PPQW7WdGl1BUoKfO8XXxc0SBxo0lRaSzWTsYpbMsWCEWJGV-O7-SMGlKr72Vh-hTpEOIsz8VDnxdGTTJGROy_FL6N70jWTGZcPzrJqNVZ5FXY8oD5vrCAgYNkAUN_A-cirAtWZjSwQaxPlYzGkVQXsplX6562coH6Dslig6V9fj\" \/>\n<meta property=\"article:modified_time\" content=\"2021-03-18T21:12:11+00:00\" \/>\n<meta property=\"og:image\" content=\"https:\/\/underwood.shop\/wp-content\/uploads\/2018\/06\/wb_kirss.jpg\" \/>\n\t<meta property=\"og:image:width\" content=\"300\" \/>\n\t<meta property=\"og:image:height\" content=\"350\" \/>\n<meta name=\"twitter:card\" content=\"summary_large_image\" \/>\n<meta name=\"twitter:label1\" content=\"Written by\">\n\t<meta name=\"twitter:data1\" content=\"Jaanus Veskla\">\n\t<meta name=\"twitter:label2\" content=\"Est. reading time\">\n\t<meta name=\"twitter:data2\" content=\"0 minutes\">\n<script type=\"application\/ld+json\" class=\"yoast-schema-graph\">{\"@context\":\"https:\/\/schema.org\",\"@graph\":[{\"@type\":\"WebSite\",\"@id\":\"https:\/\/underwood.shop\/lv\/#website\",\"url\":\"https:\/\/underwood.shop\/lv\/\",\"name\":\"Waterrower\",\"description\":\"Sac\\u012bk\\u0161u autom\\u0101tu un m\\u0101c\\u012bbu autom\\u0101tu tirdzniec\\u012bba\",\"potentialAction\":[{\"@type\":\"SearchAction\",\"target\":\"https:\/\/underwood.shop\/lv\/?s={search_term_string}\",\"query-input\":\"required name=search_term_string\"}],\"inLanguage\":\"lv-LV\"},{\"@type\":\"ImageObject\",\"@id\":\"https:\/\/underwood.shop\/lv\/Prece\/nohrd-wallbars-vingrosanas-siena-kirskoks\/#primaryimage\",\"inLanguage\":\"lv-LV\",\"url\":\"https:\/\/underwood.shop\/wp-content\/uploads\/2018\/06\/wb_kirss.jpg\",\"width\":300,\"height\":350},{\"@type\":\"WebPage\",\"@id\":\"https:\/\/underwood.shop\/lv\/Prece\/nohrd-wallbars-vingrosanas-siena-kirskoks\/#webpage\",\"url\":\"https:\/\/underwood.shop\/lv\/Prece\/nohrd-wallbars-vingrosanas-siena-kirskoks\/\",\"name\":\"NOHrD WallBars vingro\\u0161anas siena \\u2013 \\u0137ir\\u0161koks - Waterrower\",\"isPartOf\":{\"@id\":\"https:\/\/underwood.shop\/lv\/#website\"},\"primaryImageOfPage\":{\"@id\":\"https:\/\/underwood.shop\/lv\/Prece\/nohrd-wallbars-vingrosanas-siena-kirskoks\/#primaryimage\"},\"datePublished\":\"2018-05-14T04:08:19+00:00\",\"dateModified\":\"2021-03-18T21:12:11+00:00\",\"inLanguage\":\"lv-LV\",\"potentialAction\":[{\"@type\":\"ReadAction\",\"target\":[\"https:\/\/underwood.shop\/lv\/Prece\/nohrd-wallbars-vingrosanas-siena-kirskoks\/\"]}]}]}<\/script>\n<!-- \/ Yoast SEO Premium plugin. -->","_links":{"self":[{"href":"https:\/\/underwood.shop\/lv\/wp-json\/wp\/v2\/product\/4905","targetHints":{"allow":["GET"]}}],"collection":[{"href":"https:\/\/underwood.shop\/lv\/wp-json\/wp\/v2\/product"}],"about":[{"href":"https:\/\/underwood.shop\/lv\/wp-json\/wp\/v2\/types\/product"}],"wp:featuredmedia":[{"embeddable":true,"href":"https:\/\/underwood.shop\/lv\/wp-json\/wp\/v2\/media\/4910"}],"wp:attachment":[{"href":"https:\/\/underwood.shop\/lv\/wp-json\/wp\/v2\/media?parent=4905"}],"wp:term":[{"taxonomy":"product_brand","embeddable":true,"href":"https:\/\/underwood.shop\/lv\/wp-json\/wp\/v2\/product_brand?post=4905"},{"taxonomy":"product_cat","embeddable":true,"href":"https:\/\/underwood.shop\/lv\/wp-json\/wp\/v2\/product_cat?post=4905"},{"taxonomy":"product_tag","embeddable":true,"href":"https:\/\/underwood.shop\/lv\/wp-json\/wp\/v2\/product_tag?post=4905"}],"curies":[{"name":"wp","href":"https:\/\/api.w.org\/{rel}","templated":true}]}}