{"id":4893,"date":"2018-05-14T07:14:12","date_gmt":"2018-05-14T04:14:12","guid":{"rendered":"https:\/\/underwood.shop\/product\/nohrd-wallbars-black-vingrosanas-siena\/"},"modified":"2021-03-18T23:12:09","modified_gmt":"2021-03-18T21:12:09","slug":"nohrd-wallbars-black-vingrosanas-siena","status":"publish","type":"product","link":"https:\/\/underwood.shop\/lv\/Prece\/nohrd-wallbars-black-vingrosanas-siena\/","title":{"rendered":"NOHrD WallBars Black vingro\u0161anas siena"},"content":{"rendered":"<p>Vingro\u0161anas siena ir lielisks r\u012bks lokan\u012bbas att\u012bst\u012b\u0161anai un stiep\u0161an\u0101s vingrin\u0101jumu pild\u012b\u0161anai. Turkl\u0101t uz WallBars var kar\u0101ties un izpild\u012bt pievilk\u0161anos pie stie\u0146a. Kar\u0101\u0161an\u0101s spraisli var nolaist un pacelt.<\/p>\n<p>Ra\u017eot\u0101js: NOHrD (V\u0101cija)<\/p>\n","protected":false},"excerpt":{"rendered":"<ul>\n<li>Materi\u0101ls: osis<\/li>\n<li>Sprai\u0161\u013cu skaits 10 vai 14<\/li>\n<li>Augstums no gr\u012bdas 230 cm<\/li>\n<li>Platums 80 cm<\/li>\n<li>Att\u0101lums no sienas 6-19 cm<\/li>\n<li>Nestsp\u0113ja 120 kg<\/li>\n<\/ul>\n<p>Melnas kr\u0101sas o\u0161koka vingro\u0161anas siena ir melni ton\u0113ta. Meln\u0101 kr\u0101sa izce\u013c o\u0161a koksnei rakstur\u012bgo skaisto rakstu.<\/p>\n","protected":false},"featured_media":5333,"template":"","meta":[],"product_brand":[],"product_cat":[248],"product_tag":[],"class_list":{"0":"post-4893","1":"product","2":"type-product","3":"status-publish","4":"has-post-thumbnail","6":"product_cat-wallbars-vingrosanas-siena","7":"product_shipping_class-10e-piemaksa-lv","8":"pa_pulkade-arv-14-spraisli","9":"pa_pulkade-arv-10-spraisli","11":"first","12":"instock","13":"taxable","14":"shipping-taxable","15":"purchasable","16":"product-type-variable","17":"thumb-has-effect","18":"prod-rating-on"},"yoast_head":"<!-- This site is optimized with the Yoast SEO Premium plugin v15.4 - https:\/\/yoast.com\/wordpress\/plugins\/seo\/ -->\n<title>NOHrD WallBars Black vingro\u0161anas siena - Waterrower<\/title>\n<meta name=\"robots\" content=\"index, follow, max-snippet:-1, max-image-preview:large, max-video-preview:-1\" \/>\n<link rel=\"canonical\" href=\"https:\/\/underwood.shop\/lv\/Prece\/nohrd-wallbars-black-vingrosanas-siena\/\" \/>\n<meta property=\"og:locale\" content=\"lv_LV\" \/>\n<meta property=\"og:type\" content=\"article\" \/>\n<meta property=\"og:title\" content=\"NOHrD WallBars Black vingro\u0161anas siena - Waterrower\" \/>\n<meta property=\"og:description\" content=\"Materi\u0101ls: osis  Sprai\u0161\u013cu skaits 10 vai 14  Augstums no gr\u012bdas 230 cm  Platums 80 cm  Att\u0101lums no sienas 6-19 cm  Nestsp\u0113ja 120 kg  Melnas kr\u0101sas o\u0161koka vingro\u0161anas siena ir melni ton\u0113ta. Meln\u0101 kr\u0101sa izce\u013c o\u0161a koksnei rakstur\u012bgo skaisto rakstu.\" \/>\n<meta property=\"og:url\" content=\"https:\/\/underwood.shop\/lv\/Prece\/nohrd-wallbars-black-vingrosanas-siena\/\" \/>\n<meta property=\"og:site_name\" content=\"Waterrower\" \/>\n<meta property=\"article:publisher\" content=\"https:\/\/www.facebook.com\/waterrowerestonia\/?__tn__=kCH-R&amp;amp%3beid=ARAHna99jrDdgHX4Qh4qbjJkFTpB4Rwy04X3-WA-4U2KCSk1EprOpmgRUXpe4abCNxt2chxG6BVLWZ9c&amp;amp%3bhc_ref=ARSxIXDOcUF0ktwkMczSBfWtc1fZ9u55etWQkZNNCRCuUe4coWN4nqGgxEvEyaa79_I&amp;amp%3bfref=nf&amp;amp%3b__xts__%5b0%5d=68.ARCYkSnJqv07cWt_rtH40XwNXpPvnNDwq-c0oxKJjQtwENHIXyQcbmKmIx74uSjtgZFfsTfyLEBbKQIICK07KQVhZnDYF-9XAOSImiVGnc3nHwbftJHs_4Zo0kXfvYL_HAh-9aLqykXKd9KjeqMVCr0-FP3q9bNk5Wtr5x5v3PPQW7WdGl1BUoKfO8XXxc0SBxo0lRaSzWTsYpbMsWCEWJGV-O7-SMGlKr72Vh-hTpEOIsz8VDnxdGTTJGROy_FL6N70jWTGZcPzrJqNVZ5FXY8oD5vrCAgYNkAUN_A-cirAtWZjSwQaxPlYzGkVQXsplX6562coH6Dslig6V9fj\" \/>\n<meta property=\"article:modified_time\" content=\"2021-03-18T21:12:09+00:00\" \/>\n<meta property=\"og:image\" content=\"https:\/\/underwood.shop\/wp-content\/uploads\/2018\/05\/wb_shadow.jpg\" \/>\n\t<meta property=\"og:image:width\" content=\"1028\" \/>\n\t<meta property=\"og:image:height\" content=\"1200\" \/>\n<meta name=\"twitter:card\" content=\"summary_large_image\" \/>\n<meta name=\"twitter:label1\" content=\"Written by\">\n\t<meta name=\"twitter:data1\" content=\"Jaanus Veskla\">\n\t<meta name=\"twitter:label2\" content=\"Est. reading time\">\n\t<meta name=\"twitter:data2\" content=\"0 minutes\">\n<script type=\"application\/ld+json\" class=\"yoast-schema-graph\">{\"@context\":\"https:\/\/schema.org\",\"@graph\":[{\"@type\":\"WebSite\",\"@id\":\"https:\/\/underwood.shop\/lv\/#website\",\"url\":\"https:\/\/underwood.shop\/lv\/\",\"name\":\"Waterrower\",\"description\":\"Sac\\u012bk\\u0161u autom\\u0101tu un m\\u0101c\\u012bbu autom\\u0101tu tirdzniec\\u012bba\",\"potentialAction\":[{\"@type\":\"SearchAction\",\"target\":\"https:\/\/underwood.shop\/lv\/?s={search_term_string}\",\"query-input\":\"required name=search_term_string\"}],\"inLanguage\":\"lv-LV\"},{\"@type\":\"ImageObject\",\"@id\":\"https:\/\/underwood.shop\/lv\/Prece\/nohrd-wallbars-black-vingrosanas-siena\/#primaryimage\",\"inLanguage\":\"lv-LV\",\"url\":\"https:\/\/underwood.shop\/wp-content\/uploads\/2018\/05\/wb_shadow.jpg\",\"width\":1028,\"height\":1200},{\"@type\":\"WebPage\",\"@id\":\"https:\/\/underwood.shop\/lv\/Prece\/nohrd-wallbars-black-vingrosanas-siena\/#webpage\",\"url\":\"https:\/\/underwood.shop\/lv\/Prece\/nohrd-wallbars-black-vingrosanas-siena\/\",\"name\":\"NOHrD WallBars Black vingro\\u0161anas siena - Waterrower\",\"isPartOf\":{\"@id\":\"https:\/\/underwood.shop\/lv\/#website\"},\"primaryImageOfPage\":{\"@id\":\"https:\/\/underwood.shop\/lv\/Prece\/nohrd-wallbars-black-vingrosanas-siena\/#primaryimage\"},\"datePublished\":\"2018-05-14T04:14:12+00:00\",\"dateModified\":\"2021-03-18T21:12:09+00:00\",\"inLanguage\":\"lv-LV\",\"potentialAction\":[{\"@type\":\"ReadAction\",\"target\":[\"https:\/\/underwood.shop\/lv\/Prece\/nohrd-wallbars-black-vingrosanas-siena\/\"]}]}]}<\/script>\n<!-- \/ Yoast SEO Premium plugin. -->","_links":{"self":[{"href":"https:\/\/underwood.shop\/lv\/wp-json\/wp\/v2\/product\/4893","targetHints":{"allow":["GET"]}}],"collection":[{"href":"https:\/\/underwood.shop\/lv\/wp-json\/wp\/v2\/product"}],"about":[{"href":"https:\/\/underwood.shop\/lv\/wp-json\/wp\/v2\/types\/product"}],"wp:featuredmedia":[{"embeddable":true,"href":"https:\/\/underwood.shop\/lv\/wp-json\/wp\/v2\/media\/5333"}],"wp:attachment":[{"href":"https:\/\/underwood.shop\/lv\/wp-json\/wp\/v2\/media?parent=4893"}],"wp:term":[{"taxonomy":"product_brand","embeddable":true,"href":"https:\/\/underwood.shop\/lv\/wp-json\/wp\/v2\/product_brand?post=4893"},{"taxonomy":"product_cat","embeddable":true,"href":"https:\/\/underwood.shop\/lv\/wp-json\/wp\/v2\/product_cat?post=4893"},{"taxonomy":"product_tag","embeddable":true,"href":"https:\/\/underwood.shop\/lv\/wp-json\/wp\/v2\/product_tag?post=4893"}],"curies":[{"name":"wp","href":"https:\/\/api.w.org\/{rel}","templated":true}]}}