{"id":4599,"date":"2018-04-30T07:51:30","date_gmt":"2018-04-30T04:51:30","guid":{"rendered":"https:\/\/underwood.shop\/product\/oarsome-potential-rowing-grips\/"},"modified":"2021-03-18T23:12:43","modified_gmt":"2021-03-18T21:12:43","slug":"oarsome-potential-rowing-grips","status":"publish","type":"product","link":"https:\/\/underwood.shop\/lv\/Prece\/oarsome-potential-rowing-grips\/","title":{"rendered":"Oarsome Potential Rowing Grips"},"content":{"rendered":"<p>Ra\u017eot\u0101js: Oarsome Potential (UK)<br \/>\n<a href=\"https:\/\/oarsomegrips.com\/\">https:\/\/oarsomegrips.com\/<\/a><\/p>\n","protected":false},"excerpt":{"rendered":"<p>Oarsome Potential Rowing Grips ergonomiskie roktura adapteri cie\u0161i piegu\u013c ap air\u0113\u0161anas iek\u0101rtas rokturi.<br \/>\n\u2022 Izgatavoti no antibakteri\u0101la materi\u0101la<br \/>\n\u2022 Nov\u0113r\u0161 tulznu ra\u0161anos plaukst\u0101s, veicot garas distances<br \/>\n\u2022 Rokturu adapterus var izmantot divos veidos \u2013 atrodi sev piem\u0113rotu iestat\u012bjumu<br \/>\n\u2022 Piem\u0113roti gan WaterRower, gan Concept2 air\u0113\u0161anas trena\u017eieriem<\/p>\n","protected":false},"featured_media":8583,"template":"","meta":[],"product_brand":[],"product_cat":[238],"product_tag":[],"class_list":{"0":"post-4599","1":"product","2":"type-product","3":"status-publish","4":"has-post-thumbnail","6":"product_cat-waterrower-papildaprikojums","8":"first","9":"instock","10":"taxable","11":"shipping-taxable","12":"purchasable","13":"product-type-simple","14":"thumb-has-effect","15":"prod-rating-on"},"yoast_head":"<!-- This site is optimized with the Yoast SEO Premium plugin v15.4 - https:\/\/yoast.com\/wordpress\/plugins\/seo\/ -->\n<title>Oarsome Potential Rowing Grips - Waterrower<\/title>\n<meta name=\"robots\" content=\"index, follow, max-snippet:-1, max-image-preview:large, max-video-preview:-1\" \/>\n<link rel=\"canonical\" href=\"https:\/\/underwood.shop\/lv\/Prece\/oarsome-potential-rowing-grips\/\" \/>\n<meta property=\"og:locale\" content=\"lv_LV\" \/>\n<meta property=\"og:type\" content=\"article\" \/>\n<meta property=\"og:title\" content=\"Oarsome Potential Rowing Grips - Waterrower\" \/>\n<meta property=\"og:description\" content=\"Oarsome Potential Rowing Grips ergonomiskie roktura adapteri cie\u0161i piegu\u013c ap air\u0113\u0161anas iek\u0101rtas rokturi. \u2022 Izgatavoti no antibakteri\u0101la materi\u0101la \u2022 Nov\u0113r\u0161 tulznu ra\u0161anos plaukst\u0101s, veicot garas distances \u2022 Rokturu adapterus var izmantot divos veidos \u2013 atrodi sev piem\u0113rotu iestat\u012bjumu \u2022 Piem\u0113roti gan WaterRower, gan Concept2 air\u0113\u0161anas trena\u017eieriem\" \/>\n<meta property=\"og:url\" content=\"https:\/\/underwood.shop\/lv\/Prece\/oarsome-potential-rowing-grips\/\" \/>\n<meta property=\"og:site_name\" content=\"Waterrower\" \/>\n<meta property=\"article:publisher\" content=\"https:\/\/www.facebook.com\/waterrowerestonia\/?__tn__=kCH-R&amp;amp%3beid=ARAHna99jrDdgHX4Qh4qbjJkFTpB4Rwy04X3-WA-4U2KCSk1EprOpmgRUXpe4abCNxt2chxG6BVLWZ9c&amp;amp%3bhc_ref=ARSxIXDOcUF0ktwkMczSBfWtc1fZ9u55etWQkZNNCRCuUe4coWN4nqGgxEvEyaa79_I&amp;amp%3bfref=nf&amp;amp%3b__xts__%5b0%5d=68.ARCYkSnJqv07cWt_rtH40XwNXpPvnNDwq-c0oxKJjQtwENHIXyQcbmKmIx74uSjtgZFfsTfyLEBbKQIICK07KQVhZnDYF-9XAOSImiVGnc3nHwbftJHs_4Zo0kXfvYL_HAh-9aLqykXKd9KjeqMVCr0-FP3q9bNk5Wtr5x5v3PPQW7WdGl1BUoKfO8XXxc0SBxo0lRaSzWTsYpbMsWCEWJGV-O7-SMGlKr72Vh-hTpEOIsz8VDnxdGTTJGROy_FL6N70jWTGZcPzrJqNVZ5FXY8oD5vrCAgYNkAUN_A-cirAtWZjSwQaxPlYzGkVQXsplX6562coH6Dslig6V9fj\" \/>\n<meta property=\"article:modified_time\" content=\"2021-03-18T21:12:43+00:00\" \/>\n<meta property=\"og:image\" content=\"https:\/\/underwood.shop\/wp-content\/uploads\/2018\/04\/lisa-oarsome-black.jpg\" \/>\n\t<meta property=\"og:image:width\" content=\"900\" \/>\n\t<meta property=\"og:image:height\" content=\"900\" \/>\n<meta name=\"twitter:card\" content=\"summary_large_image\" \/>\n<meta name=\"twitter:label1\" content=\"Written by\">\n\t<meta name=\"twitter:data1\" content=\"Jaanus Veskla\">\n\t<meta name=\"twitter:label2\" content=\"Est. reading time\">\n\t<meta name=\"twitter:data2\" content=\"0 minutes\">\n<script type=\"application\/ld+json\" class=\"yoast-schema-graph\">{\"@context\":\"https:\/\/schema.org\",\"@graph\":[{\"@type\":\"WebSite\",\"@id\":\"https:\/\/underwood.shop\/lv\/#website\",\"url\":\"https:\/\/underwood.shop\/lv\/\",\"name\":\"Waterrower\",\"description\":\"Sac\\u012bk\\u0161u autom\\u0101tu un m\\u0101c\\u012bbu autom\\u0101tu tirdzniec\\u012bba\",\"potentialAction\":[{\"@type\":\"SearchAction\",\"target\":\"https:\/\/underwood.shop\/lv\/?s={search_term_string}\",\"query-input\":\"required name=search_term_string\"}],\"inLanguage\":\"lv-LV\"},{\"@type\":\"ImageObject\",\"@id\":\"https:\/\/underwood.shop\/lv\/Prece\/oarsome-potential-rowing-grips\/#primaryimage\",\"inLanguage\":\"lv-LV\",\"url\":\"https:\/\/underwood.shop\/wp-content\/uploads\/2018\/04\/lisa-oarsome-black.jpg\",\"width\":900,\"height\":900},{\"@type\":\"WebPage\",\"@id\":\"https:\/\/underwood.shop\/lv\/Prece\/oarsome-potential-rowing-grips\/#webpage\",\"url\":\"https:\/\/underwood.shop\/lv\/Prece\/oarsome-potential-rowing-grips\/\",\"name\":\"Oarsome Potential Rowing Grips - Waterrower\",\"isPartOf\":{\"@id\":\"https:\/\/underwood.shop\/lv\/#website\"},\"primaryImageOfPage\":{\"@id\":\"https:\/\/underwood.shop\/lv\/Prece\/oarsome-potential-rowing-grips\/#primaryimage\"},\"datePublished\":\"2018-04-30T04:51:30+00:00\",\"dateModified\":\"2021-03-18T21:12:43+00:00\",\"inLanguage\":\"lv-LV\",\"potentialAction\":[{\"@type\":\"ReadAction\",\"target\":[\"https:\/\/underwood.shop\/lv\/Prece\/oarsome-potential-rowing-grips\/\"]}]}]}<\/script>\n<!-- \/ Yoast SEO Premium plugin. -->","_links":{"self":[{"href":"https:\/\/underwood.shop\/lv\/wp-json\/wp\/v2\/product\/4599","targetHints":{"allow":["GET"]}}],"collection":[{"href":"https:\/\/underwood.shop\/lv\/wp-json\/wp\/v2\/product"}],"about":[{"href":"https:\/\/underwood.shop\/lv\/wp-json\/wp\/v2\/types\/product"}],"wp:featuredmedia":[{"embeddable":true,"href":"https:\/\/underwood.shop\/lv\/wp-json\/wp\/v2\/media\/8583"}],"wp:attachment":[{"href":"https:\/\/underwood.shop\/lv\/wp-json\/wp\/v2\/media?parent=4599"}],"wp:term":[{"taxonomy":"product_brand","embeddable":true,"href":"https:\/\/underwood.shop\/lv\/wp-json\/wp\/v2\/product_brand?post=4599"},{"taxonomy":"product_cat","embeddable":true,"href":"https:\/\/underwood.shop\/lv\/wp-json\/wp\/v2\/product_cat?post=4599"},{"taxonomy":"product_tag","embeddable":true,"href":"https:\/\/underwood.shop\/lv\/wp-json\/wp\/v2\/product_tag?post=4599"}],"curies":[{"name":"wp","href":"https:\/\/api.w.org\/{rel}","templated":true}]}}