{"id":4597,"date":"2018-04-30T07:52:14","date_gmt":"2018-04-30T04:52:14","guid":{"rendered":"https:\/\/underwood.shop\/product\/kopsanas-lidzekli-a1-modeliem\/"},"modified":"2021-03-18T23:12:41","modified_gmt":"2021-03-18T21:12:41","slug":"kopsanas-lidzekli-a1-modeliem","status":"publish","type":"product","link":"https:\/\/underwood.shop\/lv\/Prece\/kopsanas-lidzekli-a1-modeliem\/","title":{"rendered":"Kop\u0161anas l\u012bdzek\u013ci A1 mode\u013ciem"},"content":{"rendered":"","protected":false},"excerpt":{"rendered":"<p>WaterRower A1 Home un A1 Studio air\u0113\u0161anas iek\u0101rtas kop\u0161anas un t\u012br\u012b\u0161anas l\u012bdzek\u013ci:<br \/>\n\u2022 Koka kop\u0161anas e\u013c\u013ca, pudele ar smidzin\u0101t\u0101ju<br \/>\n\u2022 Tvertnes un met\u0101la virsmu t\u012br\u012b\u0161anas l\u012bdzeklis, izsmidzin\u0101ms<br \/>\n\u2022 Abraz\u012bva t\u012br\u012b\u0161anas dr\u0101na<br \/>\n\u2022 M\u012bksta t\u012br\u012b\u0161anas dr\u0101na<br \/>\n\u2022 Puritabs hlor\u012bda tabletes<br \/>\n\u2022 \u012apa\u0161a A1 monosliedes t\u012br\u012b\u0161anas suka<\/p>\n","protected":false},"featured_media":4598,"template":"","meta":[],"product_brand":[],"product_cat":[485],"product_tag":[],"class_list":{"0":"post-4597","1":"product","2":"type-product","3":"status-publish","4":"has-post-thumbnail","6":"product_cat-apkope-un-rezerves-dalas","8":"first","9":"onbackorder","10":"taxable","11":"shipping-taxable","12":"purchasable","13":"product-type-simple","14":"thumb-no-effect","15":"prod-rating-on"},"yoast_head":"<!-- This site is optimized with the Yoast SEO Premium plugin v15.4 - https:\/\/yoast.com\/wordpress\/plugins\/seo\/ -->\n<title>Kop\u0161anas l\u012bdzek\u013ci A1 mode\u013ciem - Waterrower<\/title>\n<meta name=\"robots\" content=\"index, follow, max-snippet:-1, max-image-preview:large, max-video-preview:-1\" \/>\n<link rel=\"canonical\" href=\"https:\/\/underwood.shop\/lv\/Prece\/kopsanas-lidzekli-a1-modeliem\/\" \/>\n<meta property=\"og:locale\" content=\"lv_LV\" \/>\n<meta property=\"og:type\" content=\"article\" \/>\n<meta property=\"og:title\" content=\"Kop\u0161anas l\u012bdzek\u013ci A1 mode\u013ciem - Waterrower\" \/>\n<meta property=\"og:description\" content=\"WaterRower A1 Home un A1 Studio air\u0113\u0161anas iek\u0101rtas kop\u0161anas un t\u012br\u012b\u0161anas l\u012bdzek\u013ci: \u2022 Koka kop\u0161anas e\u013c\u013ca, pudele ar smidzin\u0101t\u0101ju \u2022 Tvertnes un met\u0101la virsmu t\u012br\u012b\u0161anas l\u012bdzeklis, izsmidzin\u0101ms \u2022 Abraz\u012bva t\u012br\u012b\u0161anas dr\u0101na \u2022 M\u012bksta t\u012br\u012b\u0161anas dr\u0101na \u2022 Puritabs hlor\u012bda tabletes \u2022 \u012apa\u0161a A1 monosliedes t\u012br\u012b\u0161anas suka\" \/>\n<meta property=\"og:url\" content=\"https:\/\/underwood.shop\/lv\/Prece\/kopsanas-lidzekli-a1-modeliem\/\" \/>\n<meta property=\"og:site_name\" content=\"Waterrower\" \/>\n<meta property=\"article:publisher\" content=\"https:\/\/www.facebook.com\/waterrowerestonia\/?__tn__=kCH-R&amp;amp%3beid=ARAHna99jrDdgHX4Qh4qbjJkFTpB4Rwy04X3-WA-4U2KCSk1EprOpmgRUXpe4abCNxt2chxG6BVLWZ9c&amp;amp%3bhc_ref=ARSxIXDOcUF0ktwkMczSBfWtc1fZ9u55etWQkZNNCRCuUe4coWN4nqGgxEvEyaa79_I&amp;amp%3bfref=nf&amp;amp%3b__xts__%5b0%5d=68.ARCYkSnJqv07cWt_rtH40XwNXpPvnNDwq-c0oxKJjQtwENHIXyQcbmKmIx74uSjtgZFfsTfyLEBbKQIICK07KQVhZnDYF-9XAOSImiVGnc3nHwbftJHs_4Zo0kXfvYL_HAh-9aLqykXKd9KjeqMVCr0-FP3q9bNk5Wtr5x5v3PPQW7WdGl1BUoKfO8XXxc0SBxo0lRaSzWTsYpbMsWCEWJGV-O7-SMGlKr72Vh-hTpEOIsz8VDnxdGTTJGROy_FL6N70jWTGZcPzrJqNVZ5FXY8oD5vrCAgYNkAUN_A-cirAtWZjSwQaxPlYzGkVQXsplX6562coH6Dslig6V9fj\" \/>\n<meta property=\"article:modified_time\" content=\"2021-03-18T21:12:41+00:00\" \/>\n<meta property=\"og:image\" content=\"https:\/\/underwood.shop\/wp-content\/uploads\/2018\/04\/lisa-a1-kit.png\" \/>\n\t<meta property=\"og:image:width\" content=\"500\" \/>\n\t<meta property=\"og:image:height\" content=\"400\" \/>\n<meta name=\"twitter:card\" content=\"summary_large_image\" \/>\n<meta name=\"twitter:label1\" content=\"Written by\">\n\t<meta name=\"twitter:data1\" content=\"Jaanus Veskla\">\n<script type=\"application\/ld+json\" class=\"yoast-schema-graph\">{\"@context\":\"https:\/\/schema.org\",\"@graph\":[{\"@type\":\"WebSite\",\"@id\":\"https:\/\/underwood.shop\/lv\/#website\",\"url\":\"https:\/\/underwood.shop\/lv\/\",\"name\":\"Waterrower\",\"description\":\"Sac\\u012bk\\u0161u autom\\u0101tu un m\\u0101c\\u012bbu autom\\u0101tu tirdzniec\\u012bba\",\"potentialAction\":[{\"@type\":\"SearchAction\",\"target\":\"https:\/\/underwood.shop\/lv\/?s={search_term_string}\",\"query-input\":\"required name=search_term_string\"}],\"inLanguage\":\"lv-LV\"},{\"@type\":\"ImageObject\",\"@id\":\"https:\/\/underwood.shop\/lv\/Prece\/kopsanas-lidzekli-a1-modeliem\/#primaryimage\",\"inLanguage\":\"lv-LV\",\"url\":\"https:\/\/underwood.shop\/wp-content\/uploads\/2018\/04\/lisa-a1-kit.png\",\"width\":500,\"height\":400},{\"@type\":\"WebPage\",\"@id\":\"https:\/\/underwood.shop\/lv\/Prece\/kopsanas-lidzekli-a1-modeliem\/#webpage\",\"url\":\"https:\/\/underwood.shop\/lv\/Prece\/kopsanas-lidzekli-a1-modeliem\/\",\"name\":\"Kop\\u0161anas l\\u012bdzek\\u013ci A1 mode\\u013ciem - Waterrower\",\"isPartOf\":{\"@id\":\"https:\/\/underwood.shop\/lv\/#website\"},\"primaryImageOfPage\":{\"@id\":\"https:\/\/underwood.shop\/lv\/Prece\/kopsanas-lidzekli-a1-modeliem\/#primaryimage\"},\"datePublished\":\"2018-04-30T04:52:14+00:00\",\"dateModified\":\"2021-03-18T21:12:41+00:00\",\"inLanguage\":\"lv-LV\",\"potentialAction\":[{\"@type\":\"ReadAction\",\"target\":[\"https:\/\/underwood.shop\/lv\/Prece\/kopsanas-lidzekli-a1-modeliem\/\"]}]}]}<\/script>\n<!-- \/ Yoast SEO Premium plugin. -->","_links":{"self":[{"href":"https:\/\/underwood.shop\/lv\/wp-json\/wp\/v2\/product\/4597","targetHints":{"allow":["GET"]}}],"collection":[{"href":"https:\/\/underwood.shop\/lv\/wp-json\/wp\/v2\/product"}],"about":[{"href":"https:\/\/underwood.shop\/lv\/wp-json\/wp\/v2\/types\/product"}],"wp:featuredmedia":[{"embeddable":true,"href":"https:\/\/underwood.shop\/lv\/wp-json\/wp\/v2\/media\/4598"}],"wp:attachment":[{"href":"https:\/\/underwood.shop\/lv\/wp-json\/wp\/v2\/media?parent=4597"}],"wp:term":[{"taxonomy":"product_brand","embeddable":true,"href":"https:\/\/underwood.shop\/lv\/wp-json\/wp\/v2\/product_brand?post=4597"},{"taxonomy":"product_cat","embeddable":true,"href":"https:\/\/underwood.shop\/lv\/wp-json\/wp\/v2\/product_cat?post=4597"},{"taxonomy":"product_tag","embeddable":true,"href":"https:\/\/underwood.shop\/lv\/wp-json\/wp\/v2\/product_tag?post=4597"}],"curies":[{"name":"wp","href":"https:\/\/api.w.org\/{rel}","templated":true}]}}