{"id":4563,"date":"2018-04-30T09:53:03","date_gmt":"2018-04-30T06:53:03","guid":{"rendered":"https:\/\/underwood.shop\/product\/xl-sliedes-koka-modeliem\/"},"modified":"2021-03-18T23:12:36","modified_gmt":"2021-03-18T21:12:36","slug":"xl-sliedes-koka-modeliem","status":"publish","type":"product","link":"https:\/\/underwood.shop\/lv\/Prece\/xl-sliedes-koka-modeliem\/","title":{"rendered":"XL sliedes koka mode\u013ciem"},"content":{"rendered":"<p>Ra\u017eot\u0101js: WaterRower (ASV)<\/p>\n","protected":false},"excerpt":{"rendered":"<p>XL sliedes pagarina air\u0113\u0161anas iek\u0101rtas slie\u017eu garumu par 100\u00a0mm, nodro\u0161inot piem\u0113rot\u012bbu air\u0113t\u0101jam, kura k\u0101jas iek\u0161malas garums ir l\u012bdz 1065\u00a0mm. Standarta garuma sliedes ir piem\u0113rotas air\u0113t\u0101jam, kura k\u0101jas iek\u0161mala ir, maksimums, 965\u00a0mm.<\/p>\n<p>Min\u0113t\u0101 cena ir sp\u0113k\u0101, ja XL sliedes pas\u016bta, vienlaic\u012bgi ieg\u0101d\u0101joties air\u0113\u0161anas iek\u0101rtu.<\/p>\n<p>Pieejams Natural Oak, Natural Ash, Club, Oxbridge ja Classic mode\u013ciem.<\/p>\n","protected":false},"featured_media":4564,"template":"","meta":[],"product_brand":[],"product_cat":[238],"product_tag":[],"class_list":{"0":"post-4563","1":"product","2":"type-product","3":"status-publish","4":"has-post-thumbnail","6":"product_cat-waterrower-papildaprikojums","8":"first","9":"instock","10":"taxable","11":"shipping-taxable","12":"purchasable","13":"product-type-variable","14":"thumb-no-effect","15":"prod-rating-on"},"yoast_head":"<!-- This site is optimized with the Yoast SEO Premium plugin v15.4 - https:\/\/yoast.com\/wordpress\/plugins\/seo\/ -->\n<title>XL sliedes koka mode\u013ciem - Waterrower<\/title>\n<meta name=\"robots\" content=\"index, follow, max-snippet:-1, max-image-preview:large, max-video-preview:-1\" \/>\n<link rel=\"canonical\" href=\"https:\/\/underwood.shop\/lv\/Prece\/xl-sliedes-koka-modeliem\/\" \/>\n<meta property=\"og:locale\" content=\"lv_LV\" \/>\n<meta property=\"og:type\" content=\"article\" \/>\n<meta property=\"og:title\" content=\"XL sliedes koka mode\u013ciem - Waterrower\" \/>\n<meta property=\"og:description\" content=\"XL sliedes pagarina air\u0113\u0161anas iek\u0101rtas slie\u017eu garumu par 100\u00a0mm, nodro\u0161inot piem\u0113rot\u012bbu air\u0113t\u0101jam, kura k\u0101jas iek\u0161malas garums ir l\u012bdz 1065\u00a0mm. Standarta garuma sliedes ir piem\u0113rotas air\u0113t\u0101jam, kura k\u0101jas iek\u0161mala ir, maksimums, 965\u00a0mm.  Min\u0113t\u0101 cena ir sp\u0113k\u0101, ja XL sliedes pas\u016bta, vienlaic\u012bgi ieg\u0101d\u0101joties air\u0113\u0161anas iek\u0101rtu.  Pieejams Natural Oak, Natural Ash, Club, Oxbridge ja Classic mode\u013ciem.\" \/>\n<meta property=\"og:url\" content=\"https:\/\/underwood.shop\/lv\/Prece\/xl-sliedes-koka-modeliem\/\" \/>\n<meta property=\"og:site_name\" content=\"Waterrower\" \/>\n<meta property=\"article:publisher\" content=\"https:\/\/www.facebook.com\/waterrowerestonia\/?__tn__=kCH-R&amp;amp%3beid=ARAHna99jrDdgHX4Qh4qbjJkFTpB4Rwy04X3-WA-4U2KCSk1EprOpmgRUXpe4abCNxt2chxG6BVLWZ9c&amp;amp%3bhc_ref=ARSxIXDOcUF0ktwkMczSBfWtc1fZ9u55etWQkZNNCRCuUe4coWN4nqGgxEvEyaa79_I&amp;amp%3bfref=nf&amp;amp%3b__xts__%5b0%5d=68.ARCYkSnJqv07cWt_rtH40XwNXpPvnNDwq-c0oxKJjQtwENHIXyQcbmKmIx74uSjtgZFfsTfyLEBbKQIICK07KQVhZnDYF-9XAOSImiVGnc3nHwbftJHs_4Zo0kXfvYL_HAh-9aLqykXKd9KjeqMVCr0-FP3q9bNk5Wtr5x5v3PPQW7WdGl1BUoKfO8XXxc0SBxo0lRaSzWTsYpbMsWCEWJGV-O7-SMGlKr72Vh-hTpEOIsz8VDnxdGTTJGROy_FL6N70jWTGZcPzrJqNVZ5FXY8oD5vrCAgYNkAUN_A-cirAtWZjSwQaxPlYzGkVQXsplX6562coH6Dslig6V9fj\" \/>\n<meta property=\"article:modified_time\" content=\"2021-03-18T21:12:36+00:00\" \/>\n<meta property=\"og:image\" content=\"https:\/\/underwood.shop\/wp-content\/uploads\/2018\/04\/lisa-xl-rails.jpg\" \/>\n\t<meta property=\"og:image:width\" content=\"200\" \/>\n\t<meta property=\"og:image:height\" content=\"200\" \/>\n<meta name=\"twitter:card\" content=\"summary_large_image\" \/>\n<meta name=\"twitter:label1\" content=\"Written by\">\n\t<meta name=\"twitter:data1\" content=\"Jaanus Veskla\">\n\t<meta name=\"twitter:label2\" content=\"Est. reading time\">\n\t<meta name=\"twitter:data2\" content=\"0 minutes\">\n<script type=\"application\/ld+json\" class=\"yoast-schema-graph\">{\"@context\":\"https:\/\/schema.org\",\"@graph\":[{\"@type\":\"WebSite\",\"@id\":\"https:\/\/underwood.shop\/lv\/#website\",\"url\":\"https:\/\/underwood.shop\/lv\/\",\"name\":\"Waterrower\",\"description\":\"Sac\\u012bk\\u0161u autom\\u0101tu un m\\u0101c\\u012bbu autom\\u0101tu tirdzniec\\u012bba\",\"potentialAction\":[{\"@type\":\"SearchAction\",\"target\":\"https:\/\/underwood.shop\/lv\/?s={search_term_string}\",\"query-input\":\"required name=search_term_string\"}],\"inLanguage\":\"lv-LV\"},{\"@type\":\"ImageObject\",\"@id\":\"https:\/\/underwood.shop\/lv\/Prece\/xl-sliedes-koka-modeliem\/#primaryimage\",\"inLanguage\":\"lv-LV\",\"url\":\"https:\/\/underwood.shop\/wp-content\/uploads\/2018\/04\/lisa-xl-rails.jpg\",\"width\":200,\"height\":200},{\"@type\":\"WebPage\",\"@id\":\"https:\/\/underwood.shop\/lv\/Prece\/xl-sliedes-koka-modeliem\/#webpage\",\"url\":\"https:\/\/underwood.shop\/lv\/Prece\/xl-sliedes-koka-modeliem\/\",\"name\":\"XL sliedes koka mode\\u013ciem - Waterrower\",\"isPartOf\":{\"@id\":\"https:\/\/underwood.shop\/lv\/#website\"},\"primaryImageOfPage\":{\"@id\":\"https:\/\/underwood.shop\/lv\/Prece\/xl-sliedes-koka-modeliem\/#primaryimage\"},\"datePublished\":\"2018-04-30T06:53:03+00:00\",\"dateModified\":\"2021-03-18T21:12:36+00:00\",\"inLanguage\":\"lv-LV\",\"potentialAction\":[{\"@type\":\"ReadAction\",\"target\":[\"https:\/\/underwood.shop\/lv\/Prece\/xl-sliedes-koka-modeliem\/\"]}]}]}<\/script>\n<!-- \/ Yoast SEO Premium plugin. -->","_links":{"self":[{"href":"https:\/\/underwood.shop\/lv\/wp-json\/wp\/v2\/product\/4563","targetHints":{"allow":["GET"]}}],"collection":[{"href":"https:\/\/underwood.shop\/lv\/wp-json\/wp\/v2\/product"}],"about":[{"href":"https:\/\/underwood.shop\/lv\/wp-json\/wp\/v2\/types\/product"}],"wp:featuredmedia":[{"embeddable":true,"href":"https:\/\/underwood.shop\/lv\/wp-json\/wp\/v2\/media\/4564"}],"wp:attachment":[{"href":"https:\/\/underwood.shop\/lv\/wp-json\/wp\/v2\/media?parent=4563"}],"wp:term":[{"taxonomy":"product_brand","embeddable":true,"href":"https:\/\/underwood.shop\/lv\/wp-json\/wp\/v2\/product_brand?post=4563"},{"taxonomy":"product_cat","embeddable":true,"href":"https:\/\/underwood.shop\/lv\/wp-json\/wp\/v2\/product_cat?post=4563"},{"taxonomy":"product_tag","embeddable":true,"href":"https:\/\/underwood.shop\/lv\/wp-json\/wp\/v2\/product_tag?post=4563"}],"curies":[{"name":"wp","href":"https:\/\/api.w.org\/{rel}","templated":true}]}}