{"id":4546,"date":"2018-04-30T10:48:02","date_gmt":"2018-04-30T07:48:02","guid":{"rendered":"https:\/\/underwood.shop\/product\/smartrow-spejiguma-sensors\/"},"modified":"2021-06-08T21:51:42","modified_gmt":"2021-06-08T18:51:42","slug":"smartrow-spejiguma-sensors","status":"publish","type":"product","link":"https:\/\/underwood.shop\/lv\/Prece\/smartrow-spejiguma-sensors\/","title":{"rendered":"SmartRow sp\u0113j\u012bguma sensors"},"content":{"rendered":"","protected":false},"excerpt":{"rendered":"<p>Nodro\u0161ina Bluetooth savienojuma iesp\u0113ju ar IOS vai Android ier\u012bci (SmartRow aplik\u0101cija).<br \/>\n\u2022\u00a0Uzst\u0101da air\u0113\u0161anas iek\u0101rtas galven\u0101 rull\u012b\u0161a viet\u0101<br \/>\n\u2022\u00a0Prec\u012bzi izm\u0113ra katr\u0101 vilcien\u0101 piem\u0113roto sp\u0113ku un vilciena dinamiku neatkar\u012bgi no \u016bdens daudzuma tvertn\u0113<br \/>\n\u2022\u00a0SmartRow aplik\u0101cija ataino sp\u0113ku, distanci , \u201c<em>work-per-stroke<\/em>\u201d, kalorijas, piem\u0113rot\u0101 sp\u0113ka grafiku, \u201c<em>watts-per-beat<\/em>\u201d, \u201c<em>watts-per-kilogram<\/em>\u201d, pulsa l\u012bkni, ved treni\u0146u dienasgr\u0101matu un v\u0113l daudz ko citu<br \/>\n\u2022\u00a0Savietojams ar Bluetooth pulsa jost\u0101m<br \/>\n\u2022 Piem\u0113rots visiem WaterRower koka mode\u013ciem, t. sk. A1<\/p>\n","protected":false},"featured_media":6346,"template":"","meta":[],"product_brand":[],"product_cat":[238],"product_tag":[],"class_list":{"0":"post-4546","1":"product","2":"type-product","3":"status-publish","4":"has-post-thumbnail","6":"product_cat-waterrower-papildaprikojums","8":"first","9":"instock","10":"taxable","11":"shipping-taxable","12":"purchasable","13":"product-type-simple","14":"thumb-has-effect","15":"prod-rating-on"},"yoast_head":"<!-- This site is optimized with the Yoast SEO Premium plugin v15.4 - https:\/\/yoast.com\/wordpress\/plugins\/seo\/ -->\n<title>SmartRow sp\u0113j\u012bguma sensors - Waterrower<\/title>\n<meta name=\"robots\" content=\"index, follow, max-snippet:-1, max-image-preview:large, max-video-preview:-1\" \/>\n<link rel=\"canonical\" href=\"https:\/\/underwood.shop\/lv\/Prece\/smartrow-spejiguma-sensors\/\" \/>\n<meta property=\"og:locale\" content=\"lv_LV\" \/>\n<meta property=\"og:type\" content=\"article\" \/>\n<meta property=\"og:title\" content=\"SmartRow sp\u0113j\u012bguma sensors - Waterrower\" \/>\n<meta property=\"og:description\" content=\"Nodro\u0161ina Bluetooth savienojuma iesp\u0113ju ar IOS vai Android ier\u012bci (SmartRow aplik\u0101cija). \u2022\u00a0Uzst\u0101da air\u0113\u0161anas iek\u0101rtas galven\u0101 rull\u012b\u0161a viet\u0101 \u2022\u00a0Prec\u012bzi izm\u0113ra katr\u0101 vilcien\u0101 piem\u0113roto sp\u0113ku un vilciena dinamiku neatkar\u012bgi no \u016bdens daudzuma tvertn\u0113 \u2022\u00a0SmartRow aplik\u0101cija ataino sp\u0113ku, distanci , \u201cwork-per-stroke\u201d, kalorijas, piem\u0113rot\u0101 sp\u0113ka grafiku, \u201cwatts-per-beat\u201d, \u201cwatts-per-kilogram\u201d, pulsa l\u012bkni, ved treni\u0146u dienasgr\u0101matu un v\u0113l daudz ko citu \u2022\u00a0Savietojams ar Bluetooth pulsa jost\u0101m \u2022 Piem\u0113rots visiem WaterRower koka mode\u013ciem, t. sk. A1\" \/>\n<meta property=\"og:url\" content=\"https:\/\/underwood.shop\/lv\/Prece\/smartrow-spejiguma-sensors\/\" \/>\n<meta property=\"og:site_name\" content=\"Waterrower\" \/>\n<meta property=\"article:publisher\" content=\"https:\/\/www.facebook.com\/waterrowerestonia\/?__tn__=kCH-R&amp;amp%3beid=ARAHna99jrDdgHX4Qh4qbjJkFTpB4Rwy04X3-WA-4U2KCSk1EprOpmgRUXpe4abCNxt2chxG6BVLWZ9c&amp;amp%3bhc_ref=ARSxIXDOcUF0ktwkMczSBfWtc1fZ9u55etWQkZNNCRCuUe4coWN4nqGgxEvEyaa79_I&amp;amp%3bfref=nf&amp;amp%3b__xts__%5b0%5d=68.ARCYkSnJqv07cWt_rtH40XwNXpPvnNDwq-c0oxKJjQtwENHIXyQcbmKmIx74uSjtgZFfsTfyLEBbKQIICK07KQVhZnDYF-9XAOSImiVGnc3nHwbftJHs_4Zo0kXfvYL_HAh-9aLqykXKd9KjeqMVCr0-FP3q9bNk5Wtr5x5v3PPQW7WdGl1BUoKfO8XXxc0SBxo0lRaSzWTsYpbMsWCEWJGV-O7-SMGlKr72Vh-hTpEOIsz8VDnxdGTTJGROy_FL6N70jWTGZcPzrJqNVZ5FXY8oD5vrCAgYNkAUN_A-cirAtWZjSwQaxPlYzGkVQXsplX6562coH6Dslig6V9fj\" \/>\n<meta property=\"article:modified_time\" content=\"2021-06-08T18:51:42+00:00\" \/>\n<meta property=\"og:image\" content=\"https:\/\/underwood.shop\/wp-content\/uploads\/2018\/04\/smartrow_1-1.jpg\" \/>\n\t<meta property=\"og:image:width\" content=\"1200\" \/>\n\t<meta property=\"og:image:height\" content=\"1200\" \/>\n<meta name=\"twitter:card\" content=\"summary_large_image\" \/>\n<meta name=\"twitter:label1\" content=\"Written by\">\n\t<meta name=\"twitter:data1\" content=\"Jaanus Veskla\">\n<script type=\"application\/ld+json\" class=\"yoast-schema-graph\">{\"@context\":\"https:\/\/schema.org\",\"@graph\":[{\"@type\":\"WebSite\",\"@id\":\"https:\/\/underwood.shop\/lv\/#website\",\"url\":\"https:\/\/underwood.shop\/lv\/\",\"name\":\"Waterrower\",\"description\":\"Sac\\u012bk\\u0161u autom\\u0101tu un m\\u0101c\\u012bbu autom\\u0101tu tirdzniec\\u012bba\",\"potentialAction\":[{\"@type\":\"SearchAction\",\"target\":\"https:\/\/underwood.shop\/lv\/?s={search_term_string}\",\"query-input\":\"required name=search_term_string\"}],\"inLanguage\":\"lv-LV\"},{\"@type\":\"ImageObject\",\"@id\":\"https:\/\/underwood.shop\/lv\/Prece\/smartrow-spejiguma-sensors\/#primaryimage\",\"inLanguage\":\"lv-LV\",\"url\":\"https:\/\/underwood.shop\/wp-content\/uploads\/2018\/04\/smartrow_1-1.jpg\",\"width\":1200,\"height\":1200},{\"@type\":\"WebPage\",\"@id\":\"https:\/\/underwood.shop\/lv\/Prece\/smartrow-spejiguma-sensors\/#webpage\",\"url\":\"https:\/\/underwood.shop\/lv\/Prece\/smartrow-spejiguma-sensors\/\",\"name\":\"SmartRow sp\\u0113j\\u012bguma sensors - Waterrower\",\"isPartOf\":{\"@id\":\"https:\/\/underwood.shop\/lv\/#website\"},\"primaryImageOfPage\":{\"@id\":\"https:\/\/underwood.shop\/lv\/Prece\/smartrow-spejiguma-sensors\/#primaryimage\"},\"datePublished\":\"2018-04-30T07:48:02+00:00\",\"dateModified\":\"2021-06-08T18:51:42+00:00\",\"inLanguage\":\"lv-LV\",\"potentialAction\":[{\"@type\":\"ReadAction\",\"target\":[\"https:\/\/underwood.shop\/lv\/Prece\/smartrow-spejiguma-sensors\/\"]}]}]}<\/script>\n<!-- \/ Yoast SEO Premium plugin. -->","_links":{"self":[{"href":"https:\/\/underwood.shop\/lv\/wp-json\/wp\/v2\/product\/4546","targetHints":{"allow":["GET"]}}],"collection":[{"href":"https:\/\/underwood.shop\/lv\/wp-json\/wp\/v2\/product"}],"about":[{"href":"https:\/\/underwood.shop\/lv\/wp-json\/wp\/v2\/types\/product"}],"wp:featuredmedia":[{"embeddable":true,"href":"https:\/\/underwood.shop\/lv\/wp-json\/wp\/v2\/media\/6346"}],"wp:attachment":[{"href":"https:\/\/underwood.shop\/lv\/wp-json\/wp\/v2\/media?parent=4546"}],"wp:term":[{"taxonomy":"product_brand","embeddable":true,"href":"https:\/\/underwood.shop\/lv\/wp-json\/wp\/v2\/product_brand?post=4546"},{"taxonomy":"product_cat","embeddable":true,"href":"https:\/\/underwood.shop\/lv\/wp-json\/wp\/v2\/product_cat?post=4546"},{"taxonomy":"product_tag","embeddable":true,"href":"https:\/\/underwood.shop\/lv\/wp-json\/wp\/v2\/product_tag?post=4546"}],"curies":[{"name":"wp","href":"https:\/\/api.w.org\/{rel}","templated":true}]}}