{"id":4542,"date":"2018-04-30T10:50:52","date_gmt":"2018-04-30T07:50:52","guid":{"rendered":"https:\/\/underwood.shop\/product\/waterblue\/"},"modified":"2021-03-18T23:12:29","modified_gmt":"2021-03-18T21:12:29","slug":"waterblue","status":"publish","type":"product","link":"https:\/\/underwood.shop\/lv\/Prece\/waterblue\/","title":{"rendered":"WaterBlue kr\u0101sas koncentr\u0101ts"},"content":{"rendered":"<p>Ieteicams samais\u012bt piem\u0113rotu toni pirms \u016bdens pievieno\u0161anas air\u0113\u0161anas iek\u0101rtas tvertn\u0113.<\/p>\n<p>Vienlaic\u012bgi pievienot apm. 1\/3\u20261\/2 pudeles.<\/p>\n","protected":false},"excerpt":{"rendered":"<p>Kr\u0101sas koncentr\u0101ts pievieno\u0161anai air\u0113\u0161anas iek\u0101rtas \u016bdens tvertn\u0113.<\/p>\n<ul>\n<li>Maina \u016bdens kr\u0101su un l\u012bdz ar to j\u016bsu WaterRower air\u0113\u0161anas iek\u0101rtas izskatu<\/li>\n<li>Uztur \u016bdeni t\u012bru air\u0113\u0161anas iek\u0101rtas \u016bdens tvertn\u0113<\/li>\n<li>Aizst\u0101j hlor\u012bda tabletes<\/li>\n<li>Neizmantot kop\u0101 ar hlor\u012bda tablet\u0113m<\/li>\n<li>Tonis \u2013 zils<\/li>\n<\/ul>\n","protected":false},"featured_media":4543,"template":"","meta":[],"product_brand":[],"product_cat":[485,238],"product_tag":[],"class_list":{"0":"post-4542","1":"product","2":"type-product","3":"status-publish","4":"has-post-thumbnail","6":"product_cat-apkope-un-rezerves-dalas","7":"product_cat-waterrower-papildaprikojums","8":"product_shipping_class-5e-piemaksa-lv","10":"first","11":"instock","12":"taxable","13":"shipping-taxable","14":"purchasable","15":"product-type-simple","16":"thumb-has-effect","17":"prod-rating-on"},"yoast_head":"<!-- This site is optimized with the Yoast SEO Premium plugin v15.4 - https:\/\/yoast.com\/wordpress\/plugins\/seo\/ -->\n<title>WaterBlue kr\u0101sas koncentr\u0101ts - Waterrower<\/title>\n<meta name=\"robots\" content=\"index, follow, max-snippet:-1, max-image-preview:large, max-video-preview:-1\" \/>\n<link rel=\"canonical\" href=\"https:\/\/underwood.shop\/lv\/Prece\/waterblue\/\" \/>\n<meta property=\"og:locale\" content=\"lv_LV\" \/>\n<meta property=\"og:type\" content=\"article\" \/>\n<meta property=\"og:title\" content=\"WaterBlue kr\u0101sas koncentr\u0101ts - Waterrower\" \/>\n<meta property=\"og:description\" content=\"Kr\u0101sas koncentr\u0101ts pievieno\u0161anai air\u0113\u0161anas iek\u0101rtas \u016bdens tvertn\u0113.   Maina \u016bdens kr\u0101su un l\u012bdz ar to j\u016bsu WaterRower air\u0113\u0161anas iek\u0101rtas izskatu  Uztur \u016bdeni t\u012bru air\u0113\u0161anas iek\u0101rtas \u016bdens tvertn\u0113  Aizst\u0101j hlor\u012bda tabletes  Neizmantot kop\u0101 ar hlor\u012bda tablet\u0113m  Tonis \u2013 zils\" \/>\n<meta property=\"og:url\" content=\"https:\/\/underwood.shop\/lv\/Prece\/waterblue\/\" \/>\n<meta property=\"og:site_name\" content=\"Waterrower\" \/>\n<meta property=\"article:publisher\" content=\"https:\/\/www.facebook.com\/waterrowerestonia\/?__tn__=kCH-R&amp;amp%3beid=ARAHna99jrDdgHX4Qh4qbjJkFTpB4Rwy04X3-WA-4U2KCSk1EprOpmgRUXpe4abCNxt2chxG6BVLWZ9c&amp;amp%3bhc_ref=ARSxIXDOcUF0ktwkMczSBfWtc1fZ9u55etWQkZNNCRCuUe4coWN4nqGgxEvEyaa79_I&amp;amp%3bfref=nf&amp;amp%3b__xts__%5b0%5d=68.ARCYkSnJqv07cWt_rtH40XwNXpPvnNDwq-c0oxKJjQtwENHIXyQcbmKmIx74uSjtgZFfsTfyLEBbKQIICK07KQVhZnDYF-9XAOSImiVGnc3nHwbftJHs_4Zo0kXfvYL_HAh-9aLqykXKd9KjeqMVCr0-FP3q9bNk5Wtr5x5v3PPQW7WdGl1BUoKfO8XXxc0SBxo0lRaSzWTsYpbMsWCEWJGV-O7-SMGlKr72Vh-hTpEOIsz8VDnxdGTTJGROy_FL6N70jWTGZcPzrJqNVZ5FXY8oD5vrCAgYNkAUN_A-cirAtWZjSwQaxPlYzGkVQXsplX6562coH6Dslig6V9fj\" \/>\n<meta property=\"article:modified_time\" content=\"2021-03-18T21:12:29+00:00\" \/>\n<meta property=\"og:image\" content=\"https:\/\/underwood.shop\/wp-content\/uploads\/2018\/04\/lisa-waterblue.jpg\" \/>\n\t<meta property=\"og:image:width\" content=\"380\" \/>\n\t<meta property=\"og:image:height\" content=\"380\" \/>\n<meta name=\"twitter:card\" content=\"summary_large_image\" \/>\n<meta name=\"twitter:label1\" content=\"Written by\">\n\t<meta name=\"twitter:data1\" content=\"Jaanus Veskla\">\n\t<meta name=\"twitter:label2\" content=\"Est. reading time\">\n\t<meta name=\"twitter:data2\" content=\"0 minutes\">\n<script type=\"application\/ld+json\" class=\"yoast-schema-graph\">{\"@context\":\"https:\/\/schema.org\",\"@graph\":[{\"@type\":\"WebSite\",\"@id\":\"https:\/\/underwood.shop\/lv\/#website\",\"url\":\"https:\/\/underwood.shop\/lv\/\",\"name\":\"Waterrower\",\"description\":\"Sac\\u012bk\\u0161u autom\\u0101tu un m\\u0101c\\u012bbu autom\\u0101tu tirdzniec\\u012bba\",\"potentialAction\":[{\"@type\":\"SearchAction\",\"target\":\"https:\/\/underwood.shop\/lv\/?s={search_term_string}\",\"query-input\":\"required name=search_term_string\"}],\"inLanguage\":\"lv-LV\"},{\"@type\":\"ImageObject\",\"@id\":\"https:\/\/underwood.shop\/lv\/Prece\/waterblue\/#primaryimage\",\"inLanguage\":\"lv-LV\",\"url\":\"https:\/\/underwood.shop\/wp-content\/uploads\/2018\/04\/lisa-waterblue.jpg\",\"width\":380,\"height\":380},{\"@type\":\"WebPage\",\"@id\":\"https:\/\/underwood.shop\/lv\/Prece\/waterblue\/#webpage\",\"url\":\"https:\/\/underwood.shop\/lv\/Prece\/waterblue\/\",\"name\":\"WaterBlue kr\\u0101sas koncentr\\u0101ts - Waterrower\",\"isPartOf\":{\"@id\":\"https:\/\/underwood.shop\/lv\/#website\"},\"primaryImageOfPage\":{\"@id\":\"https:\/\/underwood.shop\/lv\/Prece\/waterblue\/#primaryimage\"},\"datePublished\":\"2018-04-30T07:50:52+00:00\",\"dateModified\":\"2021-03-18T21:12:29+00:00\",\"inLanguage\":\"lv-LV\",\"potentialAction\":[{\"@type\":\"ReadAction\",\"target\":[\"https:\/\/underwood.shop\/lv\/Prece\/waterblue\/\"]}]}]}<\/script>\n<!-- \/ Yoast SEO Premium plugin. -->","_links":{"self":[{"href":"https:\/\/underwood.shop\/lv\/wp-json\/wp\/v2\/product\/4542","targetHints":{"allow":["GET"]}}],"collection":[{"href":"https:\/\/underwood.shop\/lv\/wp-json\/wp\/v2\/product"}],"about":[{"href":"https:\/\/underwood.shop\/lv\/wp-json\/wp\/v2\/types\/product"}],"wp:featuredmedia":[{"embeddable":true,"href":"https:\/\/underwood.shop\/lv\/wp-json\/wp\/v2\/media\/4543"}],"wp:attachment":[{"href":"https:\/\/underwood.shop\/lv\/wp-json\/wp\/v2\/media?parent=4542"}],"wp:term":[{"taxonomy":"product_brand","embeddable":true,"href":"https:\/\/underwood.shop\/lv\/wp-json\/wp\/v2\/product_brand?post=4542"},{"taxonomy":"product_cat","embeddable":true,"href":"https:\/\/underwood.shop\/lv\/wp-json\/wp\/v2\/product_cat?post=4542"},{"taxonomy":"product_tag","embeddable":true,"href":"https:\/\/underwood.shop\/lv\/wp-json\/wp\/v2\/product_tag?post=4542"}],"curies":[{"name":"wp","href":"https:\/\/api.w.org\/{rel}","templated":true}]}}