{"id":4540,"date":"2018-04-30T10:53:49","date_gmt":"2018-04-30T07:53:49","guid":{"rendered":"https:\/\/underwood.shop\/product\/waterrower-gridas-paklajs\/"},"modified":"2024-01-23T11:33:55","modified_gmt":"2024-01-23T09:33:55","slug":"waterrower-gridas-paklajs","status":"publish","type":"product","link":"https:\/\/underwood.shop\/lv\/Prece\/waterrower-gridas-paklajs\/","title":{"rendered":"WaterRower gr\u012bdas pakl\u0101js"},"content":{"rendered":"<p>Ra\u017eot\u0101js: WaterRower (ASV)<\/p>\n","protected":false},"excerpt":{"rendered":"<p>WaterRower gr\u012bdas pakl\u0101js nodro\u0161ina air\u0113\u0161anas iek\u0101rtas stabilit\u0101ti ar\u012b visintens\u012bv\u0101k\u0101 treni\u0146a laik\u0101, turkl\u0101t aizsarg\u0101jot j\u016bsu gr\u012bdu pret nodilumu, skr\u0101p\u0113jumiem un sviedru l\u0101s\u0113m.<\/p>\n<p>Gr\u012bdas pakl\u0101ja izm\u0113ri 230 \u00d7 92 cm (Garums \u00d7 Platums)<\/p>\n","protected":false},"featured_media":4541,"template":"","meta":[],"product_brand":[],"product_cat":[238],"product_tag":[],"class_list":{"0":"post-4540","1":"product","2":"type-product","3":"status-publish","4":"has-post-thumbnail","6":"product_cat-waterrower-papildaprikojums","7":"product_shipping_class-5e-piemaksa-lv","9":"first","10":"instock","11":"taxable","12":"shipping-taxable","13":"purchasable","14":"product-type-simple","15":"thumb-no-effect","16":"prod-rating-on"},"yoast_head":"<!-- This site is optimized with the Yoast SEO Premium plugin v15.4 - https:\/\/yoast.com\/wordpress\/plugins\/seo\/ -->\n<title>WaterRower gr\u012bdas pakl\u0101js - Waterrower<\/title>\n<meta name=\"robots\" content=\"index, follow, max-snippet:-1, max-image-preview:large, max-video-preview:-1\" \/>\n<link rel=\"canonical\" href=\"https:\/\/underwood.shop\/lv\/Prece\/waterrower-gridas-paklajs\/\" \/>\n<meta property=\"og:locale\" content=\"lv_LV\" \/>\n<meta property=\"og:type\" content=\"article\" \/>\n<meta property=\"og:title\" content=\"WaterRower gr\u012bdas pakl\u0101js - Waterrower\" \/>\n<meta property=\"og:description\" content=\"WaterRower gr\u012bdas pakl\u0101js nodro\u0161ina air\u0113\u0161anas iek\u0101rtas stabilit\u0101ti ar\u012b visintens\u012bv\u0101k\u0101 treni\u0146a laik\u0101, turkl\u0101t aizsarg\u0101jot j\u016bsu gr\u012bdu pret nodilumu, skr\u0101p\u0113jumiem un sviedru l\u0101s\u0113m.  Gr\u012bdas pakl\u0101ja izm\u0113ri 230 \u00d7 92 cm (Garums \u00d7 Platums)\" \/>\n<meta property=\"og:url\" content=\"https:\/\/underwood.shop\/lv\/Prece\/waterrower-gridas-paklajs\/\" \/>\n<meta property=\"og:site_name\" content=\"Waterrower\" \/>\n<meta property=\"article:publisher\" content=\"https:\/\/www.facebook.com\/waterrowerestonia\/?__tn__=kCH-R&amp;amp%3beid=ARAHna99jrDdgHX4Qh4qbjJkFTpB4Rwy04X3-WA-4U2KCSk1EprOpmgRUXpe4abCNxt2chxG6BVLWZ9c&amp;amp%3bhc_ref=ARSxIXDOcUF0ktwkMczSBfWtc1fZ9u55etWQkZNNCRCuUe4coWN4nqGgxEvEyaa79_I&amp;amp%3bfref=nf&amp;amp%3b__xts__%5b0%5d=68.ARCYkSnJqv07cWt_rtH40XwNXpPvnNDwq-c0oxKJjQtwENHIXyQcbmKmIx74uSjtgZFfsTfyLEBbKQIICK07KQVhZnDYF-9XAOSImiVGnc3nHwbftJHs_4Zo0kXfvYL_HAh-9aLqykXKd9KjeqMVCr0-FP3q9bNk5Wtr5x5v3PPQW7WdGl1BUoKfO8XXxc0SBxo0lRaSzWTsYpbMsWCEWJGV-O7-SMGlKr72Vh-hTpEOIsz8VDnxdGTTJGROy_FL6N70jWTGZcPzrJqNVZ5FXY8oD5vrCAgYNkAUN_A-cirAtWZjSwQaxPlYzGkVQXsplX6562coH6Dslig6V9fj\" \/>\n<meta property=\"article:modified_time\" content=\"2024-01-23T09:33:55+00:00\" \/>\n<meta property=\"og:image\" content=\"https:\/\/underwood.shop\/wp-content\/uploads\/2018\/06\/wr_lisa-matt.jpg\" \/>\n\t<meta property=\"og:image:width\" content=\"450\" \/>\n\t<meta property=\"og:image:height\" content=\"450\" \/>\n<meta name=\"twitter:card\" content=\"summary_large_image\" \/>\n<meta name=\"twitter:label1\" content=\"Written by\">\n\t<meta name=\"twitter:data1\" content=\"Jaanus Veskla\">\n\t<meta name=\"twitter:label2\" content=\"Est. reading time\">\n\t<meta name=\"twitter:data2\" content=\"0 minutes\">\n<script type=\"application\/ld+json\" class=\"yoast-schema-graph\">{\"@context\":\"https:\/\/schema.org\",\"@graph\":[{\"@type\":\"WebSite\",\"@id\":\"https:\/\/underwood.shop\/lv\/#website\",\"url\":\"https:\/\/underwood.shop\/lv\/\",\"name\":\"Waterrower\",\"description\":\"Sac\\u012bk\\u0161u autom\\u0101tu un m\\u0101c\\u012bbu autom\\u0101tu tirdzniec\\u012bba\",\"potentialAction\":[{\"@type\":\"SearchAction\",\"target\":\"https:\/\/underwood.shop\/lv\/?s={search_term_string}\",\"query-input\":\"required name=search_term_string\"}],\"inLanguage\":\"lv-LV\"},{\"@type\":\"ImageObject\",\"@id\":\"https:\/\/underwood.shop\/lv\/Prece\/waterrower-gridas-paklajs\/#primaryimage\",\"inLanguage\":\"lv-LV\",\"url\":\"https:\/\/underwood.shop\/wp-content\/uploads\/2018\/06\/wr_lisa-matt.jpg\",\"width\":450,\"height\":450},{\"@type\":\"WebPage\",\"@id\":\"https:\/\/underwood.shop\/lv\/Prece\/waterrower-gridas-paklajs\/#webpage\",\"url\":\"https:\/\/underwood.shop\/lv\/Prece\/waterrower-gridas-paklajs\/\",\"name\":\"WaterRower gr\\u012bdas pakl\\u0101js - Waterrower\",\"isPartOf\":{\"@id\":\"https:\/\/underwood.shop\/lv\/#website\"},\"primaryImageOfPage\":{\"@id\":\"https:\/\/underwood.shop\/lv\/Prece\/waterrower-gridas-paklajs\/#primaryimage\"},\"datePublished\":\"2018-04-30T07:53:49+00:00\",\"dateModified\":\"2024-01-23T09:33:55+00:00\",\"inLanguage\":\"lv-LV\",\"potentialAction\":[{\"@type\":\"ReadAction\",\"target\":[\"https:\/\/underwood.shop\/lv\/Prece\/waterrower-gridas-paklajs\/\"]}]}]}<\/script>\n<!-- \/ Yoast SEO Premium plugin. -->","_links":{"self":[{"href":"https:\/\/underwood.shop\/lv\/wp-json\/wp\/v2\/product\/4540","targetHints":{"allow":["GET"]}}],"collection":[{"href":"https:\/\/underwood.shop\/lv\/wp-json\/wp\/v2\/product"}],"about":[{"href":"https:\/\/underwood.shop\/lv\/wp-json\/wp\/v2\/types\/product"}],"wp:featuredmedia":[{"embeddable":true,"href":"https:\/\/underwood.shop\/lv\/wp-json\/wp\/v2\/media\/4541"}],"wp:attachment":[{"href":"https:\/\/underwood.shop\/lv\/wp-json\/wp\/v2\/media?parent=4540"}],"wp:term":[{"taxonomy":"product_brand","embeddable":true,"href":"https:\/\/underwood.shop\/lv\/wp-json\/wp\/v2\/product_brand?post=4540"},{"taxonomy":"product_cat","embeddable":true,"href":"https:\/\/underwood.shop\/lv\/wp-json\/wp\/v2\/product_cat?post=4540"},{"taxonomy":"product_tag","embeddable":true,"href":"https:\/\/underwood.shop\/lv\/wp-json\/wp\/v2\/product_tag?post=4540"}],"curies":[{"name":"wp","href":"https:\/\/api.w.org\/{rel}","templated":true}]}}