{"id":4451,"date":"2018-04-18T08:40:02","date_gmt":"2018-04-18T05:40:02","guid":{"rendered":"https:\/\/underwood.shop\/product\/waterrower-classic-airesanas-trenazieris-riekstkoks\/"},"modified":"2024-12-01T00:01:24","modified_gmt":"2024-11-30T22:01:24","slug":"waterrower-classic-airesanas-trenazieris-riekstkoks","status":"publish","type":"product","link":"https:\/\/underwood.shop\/lv\/Prece\/waterrower-classic-airesanas-trenazieris-riekstkoks\/","title":{"rendered":"WaterRower Classic air\u0113\u0161anas trena\u017eieris &#8211; riekstkoks"},"content":{"rendered":"<p>Riekstkoks, t\u0101pat k\u0101 visi parejies koksnes materi\u0101li, no kuriem WaterRower air\u0113\u0161anas trena\u017eierus izgatavo, ir \u013coti ilgsto\u0161s un v\u0113rt\u012bgs lapu koks un sav\u0101 lieto\u0161anas laik\u0101 saglab\u0101 savus s\u0101kumizm\u0113rus. Pateicoties savai sp\u0113jai samazin\u0101t vibr\u0101ciju un troksni, koksne ir lielisks materi\u0101ls air\u0113\u0161anas trena\u017eieru izgatavo\u0161anai.<\/p>\n<p>Patent\u0113ts \u016bdens spararats ir veidots t\u0101, lai atdarin\u0101tu re\u0101lu laivas kust\u012bbas dinamiku, air\u0113\u0161anas laik\u0101 radot pat\u012bkamu un hipnotiski klusu \u016bdens burbu\u013co\u0161anas ska\u0146u. \u0160\u0137iet, ka air\u0113 re\u0101l\u0101 \u016bdenskr\u0101tuv\u0113 \u012bst\u0101 laiv\u0101!<\/p>\n<p>Ier\u012bcei ir S4 dators. S4 dators ir lietot\u0101jam draudz\u012bgs un pied\u0101v\u0101 daudz iesp\u0113ju, k\u0101 izsekot un p\u0101rbaud\u012bt savu treni\u0146u. Dators par\u0101da laiku, att\u0101lumu, \u0101trumu\/intensit\u0101ti, pulsu (bezvadu pulsa josta ir pieejama papildu apr\u012bkojum\u0101). K\u0101 papildu funkcijas var iestat\u012bt da\u017e\u0101das treni\u0146a programmas. S4 datoru ar USB kabeli var savienot ar PC vai Mac datoru sacens\u012bb\u0101m tie\u0161saist\u0113 un ar Android ier\u012bci treni\u0146u dienasgr\u0101matas uztur\u0113\u0161anai (izmantojot Coxwain lietojumprogrammu).<\/p>\n<p>Papildus ir iesp\u0113jams uzst\u0101d\u012bt SmartRow sp\u0113j\u012bguma sensoru, kas nodro\u0161ina Bluetooth savienojumu ar viedier\u012bc\u0113m.<\/p>\n<p>Komplekt\u0101 ietilpst: air\u0113\u0161anas trena\u017eieris, \u016bdens s\u016bknis, hlor\u012bda tabletes, USB kabelis, DVD pam\u0101c\u012bbas video, lieto\u0161anas un mont\u0101\u017eas instrukcija, Wood Care Oil. Standarta apr\u012bkojum\u0101 ir 15\u201c rokturis.<\/p>\n<p>Iepakojuma izm\u0113ri: 72,5&#215;62,5&#215;60 cm, 27 kg; 210 x 15 x 8 cm, 11 kg (garums \u00d7 platums \u00d7 augstums, svars)<\/p>\n<p>Ra\u017eot\u0101js: WaterRower (USA)<\/p>\n","protected":false},"excerpt":{"rendered":"<ul>\n<li>R\u0101mja materi\u0101ls: riekstkoks<\/li>\n<li>Ier\u012bcei ir unik\u0101ls patent\u0113ts \u016bdens spararats.<\/li>\n<li>Garums horizont\u0101li: 209 cm<\/li>\n<li>Platums: 57 cm<\/li>\n<li>Augstums: 51 cm<\/li>\n<li>Svars: 30 kg (ar \u016bdeni aptuveni 47 kg)<\/li>\n<li>Rokturis: 15&#8243; (standarta apr\u012bkojum\u0101)<\/li>\n<li>Dators: S4<\/li>\n<\/ul>\n<p>WaterRower air\u0113\u0161anas trena\u017eieris ir izgatavots no meln\u0101 Amerikas riekstkoka k\u0101 rokdarbs. Air\u0113\u0161anas trena\u017eiera koka r\u0101mis ir apstr\u0101d\u0101ts ar \u012bpa\u0161u D\u0101nijas e\u013c\u013cu, kas nodro\u0161ina \u0101rk\u0101rt\u012bgi dzi\u013cu sp\u012bdumu un ilgsto\u0161i skaistu apdari. Klassic modelis k\u013cuva paz\u012bstams no popul\u0101r\u0101 seri\u0101la \u201eK\u0101r\u0161u nami\u0146\u0161\u201d (\u201eHouse of cards&#8221;).<\/p>\n","protected":false},"featured_media":4715,"template":"","meta":[],"product_brand":[],"product_cat":[226],"product_tag":[],"class_list":{"0":"post-4451","1":"product","2":"type-product","3":"status-publish","4":"has-post-thumbnail","6":"product_cat-waterrower-airesanas-trenazieris","7":"product_shipping_class-20e-piemaksa-lv","9":"first","10":"instock","11":"taxable","12":"shipping-taxable","13":"purchasable","14":"product-type-simple","15":"thumb-has-effect","16":"prod-rating-on"},"yoast_head":"<!-- This site is optimized with the Yoast SEO Premium plugin v15.4 - https:\/\/yoast.com\/wordpress\/plugins\/seo\/ -->\n<title>WaterRower Classic air\u0113\u0161anas trena\u017eieris - riekstkoks - Waterrower<\/title>\n<meta name=\"robots\" content=\"index, follow, max-snippet:-1, max-image-preview:large, max-video-preview:-1\" \/>\n<link rel=\"canonical\" href=\"https:\/\/underwood.shop\/lv\/Prece\/waterrower-classic-airesanas-trenazieris-riekstkoks\/\" \/>\n<meta property=\"og:locale\" content=\"lv_LV\" \/>\n<meta property=\"og:type\" content=\"article\" \/>\n<meta property=\"og:title\" content=\"WaterRower Classic air\u0113\u0161anas trena\u017eieris - riekstkoks - Waterrower\" \/>\n<meta property=\"og:description\" content=\"R\u0101mja materi\u0101ls: riekstkoks  Ier\u012bcei ir unik\u0101ls patent\u0113ts \u016bdens spararats.  Garums horizont\u0101li: 209 cm  Platums: 57 cm  Augstums: 51 cm  Svars: 30 kg (ar \u016bdeni aptuveni 47 kg)  Rokturis: 15&quot; (standarta apr\u012bkojum\u0101)  Dators: S4  WaterRower air\u0113\u0161anas trena\u017eieris ir izgatavots no meln\u0101 Amerikas riekstkoka k\u0101 rokdarbs. Air\u0113\u0161anas trena\u017eiera koka r\u0101mis ir apstr\u0101d\u0101ts ar \u012bpa\u0161u D\u0101nijas e\u013c\u013cu, kas nodro\u0161ina \u0101rk\u0101rt\u012bgi dzi\u013cu sp\u012bdumu un ilgsto\u0161i skaistu apdari. Klassic modelis k\u013cuva paz\u012bstams no popul\u0101r\u0101 seri\u0101la \u201eK\u0101r\u0161u nami\u0146\u0161\u201d (\u201eHouse of cards&quot;).\" \/>\n<meta property=\"og:url\" content=\"https:\/\/underwood.shop\/lv\/Prece\/waterrower-classic-airesanas-trenazieris-riekstkoks\/\" \/>\n<meta property=\"og:site_name\" content=\"Waterrower\" \/>\n<meta property=\"article:publisher\" content=\"https:\/\/www.facebook.com\/waterrowerestonia\/?__tn__=kCH-R&amp;amp%3beid=ARAHna99jrDdgHX4Qh4qbjJkFTpB4Rwy04X3-WA-4U2KCSk1EprOpmgRUXpe4abCNxt2chxG6BVLWZ9c&amp;amp%3bhc_ref=ARSxIXDOcUF0ktwkMczSBfWtc1fZ9u55etWQkZNNCRCuUe4coWN4nqGgxEvEyaa79_I&amp;amp%3bfref=nf&amp;amp%3b__xts__%5b0%5d=68.ARCYkSnJqv07cWt_rtH40XwNXpPvnNDwq-c0oxKJjQtwENHIXyQcbmKmIx74uSjtgZFfsTfyLEBbKQIICK07KQVhZnDYF-9XAOSImiVGnc3nHwbftJHs_4Zo0kXfvYL_HAh-9aLqykXKd9KjeqMVCr0-FP3q9bNk5Wtr5x5v3PPQW7WdGl1BUoKfO8XXxc0SBxo0lRaSzWTsYpbMsWCEWJGV-O7-SMGlKr72Vh-hTpEOIsz8VDnxdGTTJGROy_FL6N70jWTGZcPzrJqNVZ5FXY8oD5vrCAgYNkAUN_A-cirAtWZjSwQaxPlYzGkVQXsplX6562coH6Dslig6V9fj\" \/>\n<meta property=\"article:modified_time\" content=\"2024-11-30T22:01:24+00:00\" \/>\n<meta property=\"og:image\" content=\"https:\/\/underwood.shop\/wp-content\/uploads\/2018\/11\/wr_pahkel-2.jpg\" \/>\n\t<meta property=\"og:image:width\" content=\"1721\" \/>\n\t<meta property=\"og:image:height\" content=\"900\" \/>\n<meta name=\"twitter:card\" content=\"summary_large_image\" \/>\n<meta name=\"twitter:label1\" content=\"Written by\">\n\t<meta name=\"twitter:data1\" content=\"Jaanus Veskla\">\n\t<meta name=\"twitter:label2\" content=\"Est. reading time\">\n\t<meta name=\"twitter:data2\" content=\"1 minute\">\n<script type=\"application\/ld+json\" class=\"yoast-schema-graph\">{\"@context\":\"https:\/\/schema.org\",\"@graph\":[{\"@type\":\"WebSite\",\"@id\":\"https:\/\/underwood.shop\/lv\/#website\",\"url\":\"https:\/\/underwood.shop\/lv\/\",\"name\":\"Waterrower\",\"description\":\"Sac\\u012bk\\u0161u autom\\u0101tu un m\\u0101c\\u012bbu autom\\u0101tu tirdzniec\\u012bba\",\"potentialAction\":[{\"@type\":\"SearchAction\",\"target\":\"https:\/\/underwood.shop\/lv\/?s={search_term_string}\",\"query-input\":\"required name=search_term_string\"}],\"inLanguage\":\"lv-LV\"},{\"@type\":\"ImageObject\",\"@id\":\"https:\/\/underwood.shop\/lv\/Prece\/waterrower-classic-airesanas-trenazieris-riekstkoks\/#primaryimage\",\"inLanguage\":\"lv-LV\",\"url\":\"https:\/\/underwood.shop\/wp-content\/uploads\/2018\/11\/wr_pahkel-2.jpg\",\"width\":1721,\"height\":900},{\"@type\":\"WebPage\",\"@id\":\"https:\/\/underwood.shop\/lv\/Prece\/waterrower-classic-airesanas-trenazieris-riekstkoks\/#webpage\",\"url\":\"https:\/\/underwood.shop\/lv\/Prece\/waterrower-classic-airesanas-trenazieris-riekstkoks\/\",\"name\":\"WaterRower Classic air\\u0113\\u0161anas trena\\u017eieris - riekstkoks - Waterrower\",\"isPartOf\":{\"@id\":\"https:\/\/underwood.shop\/lv\/#website\"},\"primaryImageOfPage\":{\"@id\":\"https:\/\/underwood.shop\/lv\/Prece\/waterrower-classic-airesanas-trenazieris-riekstkoks\/#primaryimage\"},\"datePublished\":\"2018-04-18T05:40:02+00:00\",\"dateModified\":\"2024-11-30T22:01:24+00:00\",\"inLanguage\":\"lv-LV\",\"potentialAction\":[{\"@type\":\"ReadAction\",\"target\":[\"https:\/\/underwood.shop\/lv\/Prece\/waterrower-classic-airesanas-trenazieris-riekstkoks\/\"]}]}]}<\/script>\n<!-- \/ Yoast SEO Premium plugin. -->","_links":{"self":[{"href":"https:\/\/underwood.shop\/lv\/wp-json\/wp\/v2\/product\/4451","targetHints":{"allow":["GET"]}}],"collection":[{"href":"https:\/\/underwood.shop\/lv\/wp-json\/wp\/v2\/product"}],"about":[{"href":"https:\/\/underwood.shop\/lv\/wp-json\/wp\/v2\/types\/product"}],"wp:featuredmedia":[{"embeddable":true,"href":"https:\/\/underwood.shop\/lv\/wp-json\/wp\/v2\/media\/4715"}],"wp:attachment":[{"href":"https:\/\/underwood.shop\/lv\/wp-json\/wp\/v2\/media?parent=4451"}],"wp:term":[{"taxonomy":"product_brand","embeddable":true,"href":"https:\/\/underwood.shop\/lv\/wp-json\/wp\/v2\/product_brand?post=4451"},{"taxonomy":"product_cat","embeddable":true,"href":"https:\/\/underwood.shop\/lv\/wp-json\/wp\/v2\/product_cat?post=4451"},{"taxonomy":"product_tag","embeddable":true,"href":"https:\/\/underwood.shop\/lv\/wp-json\/wp\/v2\/product_tag?post=4451"}],"curies":[{"name":"wp","href":"https:\/\/api.w.org\/{rel}","templated":true}]}}