{"id":4447,"date":"2018-04-18T05:40:02","date_gmt":"2018-04-18T02:40:02","guid":{"rendered":"https:\/\/underwood.shop\/product\/waterrower-oxbridge-airesanas-trenazieris-kirsis\/"},"modified":"2021-03-18T23:13:05","modified_gmt":"2021-03-18T21:13:05","slug":"waterrower-oxbridge-airesanas-trenazieris-kirsis","status":"publish","type":"product","link":"https:\/\/underwood.shop\/lv\/Prece\/waterrower-oxbridge-airesanas-trenazieris-kirsis\/","title":{"rendered":"WaterRower Oxbridge air\u0113\u0161anas trena\u017eieris &#8211; \u0137irsis"},"content":{"rendered":"<p>\u0136irsis, t\u0101pat k\u0101 visi koka materi\u0101li, no ka ir ra\u017eoti WaterRower air\u0113\u0161anas trena\u017eieri, ir \u013coti ilgsto\u0161s un v\u0113rt\u012bgs lapu koks. Pateicoties savai sp\u0113jai samazin\u0101t vibr\u0101ciju un troksni, koksne ir lielisks materi\u0101ls air\u0113\u0161anas trena\u017eieru izgatavo\u0161anai.<\/p>\n<p>Patent\u0113ts \u016bdens spararats ir veidots t\u0101, lai atdarin\u0101tu re\u0101lu laivas kust\u012bbas dinamiku, air\u0113\u0161anas laik\u0101 radot pat\u012bkamu un hipnotiski klusu \u016bdens burbu\u013co\u0161anas ska\u0146u. \u0160\u0137iet, ka air\u0113 re\u0101l\u0101 \u016bdenskr\u0101tuv\u0113 \u012bst\u0101 laiv\u0101!<\/p>\n<p>Ier\u012bcei ir S4 dators. S4 dators ir lietot\u0101jam draudz\u012bgs un pied\u0101v\u0101 daudz iesp\u0113ju, k\u0101 izsekot un p\u0101rbaud\u012bt savu treni\u0146u. Dators par\u0101da laiku, att\u0101lumu, \u0101trumu\/intensit\u0101ti, pulsu (bezvadu pulsa josta ir pieejama papildu apr\u012bkojum\u0101). K\u0101 papildu funkcijas var iestat\u012bt da\u017e\u0101das treni\u0146a programmas. S4 datoru ar USB kabeli var savienot ar PC vai Mac datoru sacens\u012bb\u0101m tie\u0161saist\u0113 un ar Android ier\u012bci treni\u0146u dienasgr\u0101matas uztur\u0113\u0161anai (izmantojot Coxwain lietojumprogrammu).<\/p>\n<p>Papildus ir iesp\u0113jams uzst\u0101d\u012bt SmartRow sp\u0113j\u012bguma sensoru, kas nodro\u0161ina Bluetooth savienojumu ar viedier\u012bc\u0113m.<\/p>\n<p>Komplekt\u0101 ietilpst: air\u0113\u0161anas trena\u017eieris, \u016bdens s\u016bknis, hlor\u012bda tabletes, USB kabelis, DVD pam\u0101c\u012bbas video, lieto\u0161anas un mont\u0101\u017eas instrukcija, Wood Care Oil. Standarta apr\u012bkojum\u0101 ir 15\u201c rokturis.<\/p>\n<p>Iepakojuma izm\u0113ri: 72,5\u00d762,5\u00d760 cm, 27 kg; 210\u00d715\u00d78 cm, 11 kg (garums \u00d7 platums \u00d7 augstums, svars)<\/p>\n<p>Ra\u017eot\u0101js: WaterRower (USA)<\/p>\n","protected":false},"excerpt":{"rendered":"<ul>\n<li>R\u0101mja materi\u0101ls: \u0137irsis<\/li>\n<li>Ier\u012bcei ir unik\u0101ls patent\u0113ts \u016bdens spararats<\/li>\n<li>Garums horizont\u0101li: 209 cm<\/li>\n<li>Platums: 57 cm<\/li>\n<li>Augstums: 51 cm<\/li>\n<li>Svars: 30 kg (ar \u016bdeni aptuveni 47 kg)<\/li>\n<li>Rokturis: 15&#8243; (standarta apr\u012bkojum\u0101)<\/li>\n<li>Dators: S4<\/li>\n<\/ul>\n<p>WaterRower Oxbridge air\u0113\u0161anas trena\u017eieris ir izgatavota no \u0137ir\u0161a koksnes k\u0101 rokdarbs. Laika gait\u0101, iedarbojoties dienasgaismai, \u0137ir\u0161a koksne ieg\u016bst dzi\u013cu sarkan\u012bgu nokr\u0101su. Air\u0113\u0161anas trena\u017eiera koka r\u0101mis ir apstr\u0101d\u0101ts ar \u012bpa\u0161u D\u0101nijas e\u013c\u013cu, kas nodro\u0161ina \u0101rk\u0101rt\u012bgi dzi\u013cu sp\u012bdumu un ilgsto\u0161i skaistu apdari.<\/p>\n","protected":false},"featured_media":4730,"template":"","meta":[],"product_brand":[],"product_cat":[226],"product_tag":[],"class_list":{"0":"post-4447","1":"product","2":"type-product","3":"status-publish","4":"has-post-thumbnail","6":"product_cat-waterrower-airesanas-trenazieris","7":"product_shipping_class-20e-piemaksa-lv","9":"first","10":"onbackorder","11":"taxable","12":"shipping-taxable","13":"purchasable","14":"product-type-simple","15":"thumb-has-effect","16":"prod-rating-on"},"yoast_head":"<!-- This site is optimized with the Yoast SEO Premium plugin v15.4 - https:\/\/yoast.com\/wordpress\/plugins\/seo\/ -->\n<title>WaterRower Oxbridge air\u0113\u0161anas trena\u017eieris - \u0137irsis - Waterrower<\/title>\n<meta name=\"robots\" content=\"index, follow, max-snippet:-1, max-image-preview:large, max-video-preview:-1\" \/>\n<link rel=\"canonical\" href=\"https:\/\/underwood.shop\/lv\/Prece\/waterrower-oxbridge-airesanas-trenazieris-kirsis\/\" \/>\n<meta property=\"og:locale\" content=\"lv_LV\" \/>\n<meta property=\"og:type\" content=\"article\" \/>\n<meta property=\"og:title\" content=\"WaterRower Oxbridge air\u0113\u0161anas trena\u017eieris - \u0137irsis - Waterrower\" \/>\n<meta property=\"og:description\" content=\"R\u0101mja materi\u0101ls: \u0137irsis  Ier\u012bcei ir unik\u0101ls patent\u0113ts \u016bdens spararats  Garums horizont\u0101li: 209 cm  Platums: 57 cm  Augstums: 51 cm  Svars: 30 kg (ar \u016bdeni aptuveni 47 kg)  Rokturis: 15&quot; (standarta apr\u012bkojum\u0101)  Dators: S4  WaterRower Oxbridge air\u0113\u0161anas trena\u017eieris ir izgatavota no \u0137ir\u0161a koksnes k\u0101 rokdarbs. Laika gait\u0101, iedarbojoties dienasgaismai, \u0137ir\u0161a koksne ieg\u016bst dzi\u013cu sarkan\u012bgu nokr\u0101su. Air\u0113\u0161anas trena\u017eiera koka r\u0101mis ir apstr\u0101d\u0101ts ar \u012bpa\u0161u D\u0101nijas e\u013c\u013cu, kas nodro\u0161ina \u0101rk\u0101rt\u012bgi dzi\u013cu sp\u012bdumu un ilgsto\u0161i skaistu apdari.\" \/>\n<meta property=\"og:url\" content=\"https:\/\/underwood.shop\/lv\/Prece\/waterrower-oxbridge-airesanas-trenazieris-kirsis\/\" \/>\n<meta property=\"og:site_name\" content=\"Waterrower\" \/>\n<meta property=\"article:publisher\" content=\"https:\/\/www.facebook.com\/waterrowerestonia\/?__tn__=kCH-R&amp;amp%3beid=ARAHna99jrDdgHX4Qh4qbjJkFTpB4Rwy04X3-WA-4U2KCSk1EprOpmgRUXpe4abCNxt2chxG6BVLWZ9c&amp;amp%3bhc_ref=ARSxIXDOcUF0ktwkMczSBfWtc1fZ9u55etWQkZNNCRCuUe4coWN4nqGgxEvEyaa79_I&amp;amp%3bfref=nf&amp;amp%3b__xts__%5b0%5d=68.ARCYkSnJqv07cWt_rtH40XwNXpPvnNDwq-c0oxKJjQtwENHIXyQcbmKmIx74uSjtgZFfsTfyLEBbKQIICK07KQVhZnDYF-9XAOSImiVGnc3nHwbftJHs_4Zo0kXfvYL_HAh-9aLqykXKd9KjeqMVCr0-FP3q9bNk5Wtr5x5v3PPQW7WdGl1BUoKfO8XXxc0SBxo0lRaSzWTsYpbMsWCEWJGV-O7-SMGlKr72Vh-hTpEOIsz8VDnxdGTTJGROy_FL6N70jWTGZcPzrJqNVZ5FXY8oD5vrCAgYNkAUN_A-cirAtWZjSwQaxPlYzGkVQXsplX6562coH6Dslig6V9fj\" \/>\n<meta property=\"article:modified_time\" content=\"2021-03-18T21:13:05+00:00\" \/>\n<meta property=\"og:image\" content=\"https:\/\/underwood.shop\/wp-content\/uploads\/2018\/11\/wr_kirss.jpg\" \/>\n\t<meta property=\"og:image:width\" content=\"1721\" \/>\n\t<meta property=\"og:image:height\" content=\"900\" \/>\n<meta name=\"twitter:card\" content=\"summary_large_image\" \/>\n<meta name=\"twitter:label1\" content=\"Written by\">\n\t<meta name=\"twitter:data1\" content=\"Jaanus Veskla\">\n\t<meta name=\"twitter:label2\" content=\"Est. reading time\">\n\t<meta name=\"twitter:data2\" content=\"1 minute\">\n<script type=\"application\/ld+json\" class=\"yoast-schema-graph\">{\"@context\":\"https:\/\/schema.org\",\"@graph\":[{\"@type\":\"WebSite\",\"@id\":\"https:\/\/underwood.shop\/lv\/#website\",\"url\":\"https:\/\/underwood.shop\/lv\/\",\"name\":\"Waterrower\",\"description\":\"Sac\\u012bk\\u0161u autom\\u0101tu un m\\u0101c\\u012bbu autom\\u0101tu tirdzniec\\u012bba\",\"potentialAction\":[{\"@type\":\"SearchAction\",\"target\":\"https:\/\/underwood.shop\/lv\/?s={search_term_string}\",\"query-input\":\"required name=search_term_string\"}],\"inLanguage\":\"lv-LV\"},{\"@type\":\"ImageObject\",\"@id\":\"https:\/\/underwood.shop\/lv\/Prece\/waterrower-oxbridge-airesanas-trenazieris-kirsis\/#primaryimage\",\"inLanguage\":\"lv-LV\",\"url\":\"https:\/\/underwood.shop\/wp-content\/uploads\/2018\/11\/wr_kirss.jpg\",\"width\":1721,\"height\":900},{\"@type\":\"WebPage\",\"@id\":\"https:\/\/underwood.shop\/lv\/Prece\/waterrower-oxbridge-airesanas-trenazieris-kirsis\/#webpage\",\"url\":\"https:\/\/underwood.shop\/lv\/Prece\/waterrower-oxbridge-airesanas-trenazieris-kirsis\/\",\"name\":\"WaterRower Oxbridge air\\u0113\\u0161anas trena\\u017eieris - \\u0137irsis - Waterrower\",\"isPartOf\":{\"@id\":\"https:\/\/underwood.shop\/lv\/#website\"},\"primaryImageOfPage\":{\"@id\":\"https:\/\/underwood.shop\/lv\/Prece\/waterrower-oxbridge-airesanas-trenazieris-kirsis\/#primaryimage\"},\"datePublished\":\"2018-04-18T02:40:02+00:00\",\"dateModified\":\"2021-03-18T21:13:05+00:00\",\"inLanguage\":\"lv-LV\",\"potentialAction\":[{\"@type\":\"ReadAction\",\"target\":[\"https:\/\/underwood.shop\/lv\/Prece\/waterrower-oxbridge-airesanas-trenazieris-kirsis\/\"]}]}]}<\/script>\n<!-- \/ Yoast SEO Premium plugin. -->","_links":{"self":[{"href":"https:\/\/underwood.shop\/lv\/wp-json\/wp\/v2\/product\/4447","targetHints":{"allow":["GET"]}}],"collection":[{"href":"https:\/\/underwood.shop\/lv\/wp-json\/wp\/v2\/product"}],"about":[{"href":"https:\/\/underwood.shop\/lv\/wp-json\/wp\/v2\/types\/product"}],"wp:featuredmedia":[{"embeddable":true,"href":"https:\/\/underwood.shop\/lv\/wp-json\/wp\/v2\/media\/4730"}],"wp:attachment":[{"href":"https:\/\/underwood.shop\/lv\/wp-json\/wp\/v2\/media?parent=4447"}],"wp:term":[{"taxonomy":"product_brand","embeddable":true,"href":"https:\/\/underwood.shop\/lv\/wp-json\/wp\/v2\/product_brand?post=4447"},{"taxonomy":"product_cat","embeddable":true,"href":"https:\/\/underwood.shop\/lv\/wp-json\/wp\/v2\/product_cat?post=4447"},{"taxonomy":"product_tag","embeddable":true,"href":"https:\/\/underwood.shop\/lv\/wp-json\/wp\/v2\/product_tag?post=4447"}],"curies":[{"name":"wp","href":"https:\/\/api.w.org\/{rel}","templated":true}]}}