{"id":8092,"date":"2017-09-26T05:56:47","date_gmt":"2017-09-26T02:56:47","guid":{"rendered":"https:\/\/underwood.shop\/kontakt\/"},"modified":"2021-12-30T08:15:06","modified_gmt":"2021-12-30T06:15:06","slug":"kontakti","status":"publish","type":"page","link":"https:\/\/underwood.shop\/lv\/kontakti\/","title":{"rendered":"Kontakti"},"content":{"rendered":"<p>[vc_row full_width=&#8221;stretch_row_content_no_spaces&#8221;][vc_column][vc_gmaps link=&#8221;#E-8_JTNDaWZyYW1lJTIwc3JjJTNEJTIyaHR0cHMlM0ElMkYlMkZ3d3cuZ29vZ2xlLmNvbSUyRm1hcHMlMkZlbWJlZCUzRnBiJTNEJTIxMW0xOCUyMTFtMTIlMjExbTMlMjExZDEwMTQuOTM4Mzc4OTYzNDg3NCUyMTJkMjQuODEyMjUxNDYwODA5ODg2JTIxM2Q1OS40MTg0NTA3MzIwNzA0MDQlMjEybTMlMjExZjAlMjEyZjAlMjEzZjAlMjEzbTIlMjExaTEwMjQlMjEyaTc2OCUyMTRmMTMuMSUyMTNtMyUyMTFtMiUyMTFzMHgwJTI1M0EweDI5ZTcwYmVhN2FmNDYxYmQlMjEyek5UbkNzREkxSnpBMkxqUWlUaUF5Tk1Ld05EZ25ORFl1TWlKRiUyMTVlMCUyMTNtMiUyMTFzZXQlMjEyc2VlJTIxNHYxNjQwODQ0Nzg3OTM2JTIxNW0yJTIxMXNldCUyMTJzZWUlMjIlMjB3aWR0aCUzRCUyMjYwMCUyMiUyMGhlaWdodCUzRCUyMjQ1MCUyMiUyMHN0eWxlJTNEJTIyYm9yZGVyJTNBMCUzQiUyMiUyMGFsbG93ZnVsbHNjcmVlbiUzRCUyMiUyMiUyMGxvYWRpbmclM0QlMjJsYXp5JTIyJTNFJTNDJTJGaWZyYW1lJTNF&#8221;][\/vc_column][\/vc_row][vc_row][vc_column offset=&#8221;vc_col-lg-offset-2 vc_col-lg-8 vc_col-md-offset-1 vc_col-md-10&#8243;][la_divider height=&#8221;lg:65px;&#8221;][la_heading title=&#8221;Sazinieties ar mums&#8221; title_fz=&#8221;lg:72px;&#8221; subtitle_fz=&#8221;lg:14px;&#8221; subtitle_color=&#8221;#232324&#8243;]\n<p style=\"text-align: center;\">Var iznom\u0101t ar\u012b WaterRower air\u0113\u0161anas trena\u017eierus, jaut\u0101jiet pied\u0101v\u0101jumu<\/p>\n<p>&nbsp;<\/p>\n<p style=\"text-align: center;\">Underwood Enterprise O\u00dc<\/p>\n<p style=\"text-align: center;\">Re\u0123: 12814185<\/p>\n<p style=\"text-align: center;\">PVN: EE101779913<\/p>\n<p style=\"text-align: center;\">Juridisk\u0101 adrese:<\/p>\n<p style=\"text-align: center;\">Vesiroosi tn 9, 76401 Laagri alevik<\/p>\n<p style=\"text-align: center;\">Saue vald, Harjumaa<\/p>\n<p style=\"text-align: center;\">[la_social_link]\n<p>[\/la_heading][\/vc_column][\/vc_row][vc_row full_width=&#8221;stretch_row&#8221; parallax=&#8221;content-moving&#8221;][vc_column width=&#8221;5\/6&#8243; offset=&#8221;vc_col-lg-offset-3 vc_col-lg-6 vc_col-md-offset-2 vc_col-md-8 vc_col-sm-offset-1&#8243;][la_divider height=&#8221;lg:35px;&#8221;][vc_row_inner][vc_column_inner css=&#8221;.vc_custom_1497225305278{padding-right: 0px !important;padding-left: 0px !important;}&#8221;][la_icon_boxes icon_type=&#8221;la_icon_outline&#8221; icon_la_icon_outline=&#8221;la-icon ui-3_phone-call&#8221; icon_pos=&#8221;top&#8221; icon_size=&#8221;30&#8243; icon_nucleo_outline=&#8221;nc-icon-outline ui-3_phone-call&#8221; icon_color=&#8221;#343538&#8243; el_class=&#8221;text-center&#8221; desc_fz=&#8221;lg:11px;&#8221; desc_color=&#8221;#343538&#8243; desc_class=&#8221;text-uppercase&#8221;]+372 585 012 99 (EE, EN)<br \/>\n+372 556 88 331 (RU)[\/la_icon_boxes][la_icon_boxes icon_type=&#8221;la_icon_outline&#8221; icon_la_icon_outline=&#8221;la-icon ui-1_email-84&#8243; icon_pos=&#8221;top&#8221; icon_size=&#8221;30&#8243; icon_nucleo_outline=&#8221;nc-icon-outline ui-1_email-84&#8243; icon_color=&#8221;#343538&#8243; el_class=&#8221;text-center&#8221; desc_fz=&#8221;lg:11px;&#8221; desc_color=&#8221;#343538&#8243; desc_class=&#8221;text-uppercase&#8221;]info@underwood.ee[\/la_icon_boxes][la_icon_boxes icon_type=&#8221;la_icon_outline&#8221; icon_la_icon_outline=&#8221;la-icon location_pin&#8221; icon_pos=&#8221;top&#8221; icon_size=&#8221;30&#8243; icon_nucleo_outline=&#8221;nc-icon-outline location_pin&#8221; icon_color=&#8221;#343538&#8243; el_class=&#8221;text-center&#8221; desc_fz=&#8221;lg:11px;&#8221; desc_color=&#8221;#343538&#8243; desc_class=&#8221;text-uppercase&#8221;]<strong>Izst\u0101\u017eu z\u0101le:<\/strong> Valukoja 32\/3 korpus 6, 11415 Tallinn (tikai zvanot)<\/p>\n<p><strong>Noliktava:<\/strong> Kuuse p\u00f5ik 30 ladu 5, 76401 Laagri[\/la_icon_boxes][\/vc_column_inner][\/vc_row_inner]\n<div class=\"wpcf7 no-js\" id=\"wpcf7-f4689-o1\" lang=\"en-US\" dir=\"ltr\" data-wpcf7-id=\"4689\">\n<div class=\"screen-reader-response\"><p role=\"status\" aria-live=\"polite\" aria-atomic=\"true\"><\/p> <ul><\/ul><\/div>\n<form action=\"\/lv\/wp-json\/wp\/v2\/pages\/8092#wpcf7-f4689-o1\" method=\"post\" class=\"wpcf7-form init\" aria-label=\"Contact form\" novalidate=\"novalidate\" data-status=\"init\">\n<fieldset class=\"hidden-fields-container\"><input type=\"hidden\" name=\"_wpcf7\" value=\"4689\" \/><input type=\"hidden\" name=\"_wpcf7_version\" value=\"6.1.5\" \/><input type=\"hidden\" name=\"_wpcf7_locale\" value=\"en_US\" \/><input type=\"hidden\" name=\"_wpcf7_unit_tag\" value=\"wpcf7-f4689-o1\" \/><input type=\"hidden\" name=\"_wpcf7_container_post\" value=\"0\" \/><input type=\"hidden\" name=\"_wpcf7_posted_data_hash\" value=\"\" \/><input type=\"hidden\" name=\"_wpcf7_recaptcha_response\" value=\"\" \/>\n<\/fieldset>\n<div class=\"cf7-style-default\">\n\t<div class=\"row\">\n\t\t<div class=\"col-xs-12\">\n\t\t\t<p><span class=\"wpcf7-form-control-wrap\" data-name=\"your-email\"><input size=\"40\" maxlength=\"400\" class=\"wpcf7-form-control wpcf7-email wpcf7-validates-as-required wpcf7-text wpcf7-validates-as-email\" aria-required=\"true\" aria-invalid=\"false\" placeholder=\"Tavs e-pasts\" value=\"\" type=\"email\" name=\"your-email\" \/><\/span>\n\t\t\t<\/p>\n\t\t<\/div>\n\t<\/div>\n\t<div class=\"row\">\n\t\t<div class=\"col-xs-12\">\n\t\t\t<p><span class=\"wpcf7-form-control-wrap\" data-name=\"your-phone\"><input size=\"40\" maxlength=\"400\" class=\"wpcf7-form-control wpcf7-tel wpcf7-validates-as-required wpcf7-text wpcf7-validates-as-tel\" aria-required=\"true\" aria-invalid=\"false\" placeholder=\"Tavs numurs\" value=\"\" type=\"tel\" name=\"your-phone\" \/><\/span>\n\t\t\t<\/p>\n\t\t<\/div>\n\t<\/div>\n\t<div class=\"row\">\n\t\t<div class=\"col-xs-12\">\n\t\t\t<p><span class=\"wpcf7-form-control-wrap\" data-name=\"your-message\"><textarea cols=\"40\" rows=\"5\" maxlength=\"2000\" class=\"wpcf7-form-control wpcf7-textarea wpcf7-validates-as-required\" aria-required=\"true\" aria-invalid=\"false\" placeholder=\"Zi\u0146a\" name=\"your-message\"><\/textarea><\/span>\n\t\t\t<\/p>\n\t\t<\/div>\n\t<\/div>\n\t<div class=\"row\">\n\t\t<div class=\"col-xs-12\">\n\t\t\t<p><input class=\"wpcf7-form-control wpcf7-submit has-spinner btn btn-secondary size-full\" type=\"submit\" value=\"S\u016bt\u012bt\" \/>\n\t\t\t<\/p>\n\t\t<\/div>\n\t<\/div>\n<\/div><div class=\"wpcf7-response-output\" aria-hidden=\"true\"><\/div>\n<\/form>\n<\/div>\n[la_divider height=&#8221;lg:25px;&#8221;][\/vc_column][\/vc_row][vc_row full_width=&#8221;stretch_row_content&#8221;][vc_column][vc_single_image image=&#8221;4656&#8243; img_size=&#8221;full&#8221; alignment=&#8221;center&#8221; css_animation=&#8221;fadeInUp&#8221;][\/vc_column][\/vc_row]<\/p>\n","protected":false},"excerpt":{"rendered":"<p>[vc_row full_width=&#8221;stretch_row_content_no_spaces&#8221;][vc_column][vc_gmaps link=&#8221;#E-8_JTNDaWZyYW1lJTIwc3JjJTNEJTIyaHR0cHMlM0ElMkYlMkZ3d3cuZ29vZ2xlLmNvbSUyRm1hcHMlMkZlbWJlZCUzRnBiJTNEJTIxMW0xOCUyMTFtMTIlMjExbTMlMjExZDEwMTQuOTM4Mzc4OTYzNDg3NCUyMTJkMjQuODEyMjUxNDYwODA5ODg2JTIxM2Q1OS40MTg0NTA3MzIwNzA0MDQlMjEybTMlMjExZjAlMjEyZjAlMjEzZjAlMjEzbTIlMjExaTEwMjQlMjEyaTc2OCUyMTRmMTMuMSUyMTNtMyUyMTFtMiUyMTFzMHgwJTI1M0EweDI5ZTcwYmVhN2FmNDYxYmQlMjEyek5UbkNzREkxSnpBMkxqUWlUaUF5Tk1Ld05EZ25ORFl1TWlKRiUyMTVlMCUyMTNtMiUyMTFzZXQlMjEyc2VlJTIxNHYxNjQwODQ0Nzg3OTM2JTIxNW0yJTIxMXNldCUyMTJzZWUlMjIlMjB3aWR0aCUzRCUyMjYwMCUyMiUyMGhlaWdodCUzRCUyMjQ1MCUyMiUyMHN0eWxlJTNEJTIyYm9yZGVyJTNBMCUzQiUyMiUyMGFsbG93ZnVsbHNjcmVlbiUzRCUyMiUyMiUyMGxvYWRpbmclM0QlMjJsYXp5JTIyJTNFJTNDJTJGaWZyYW1lJTNF&#8221;][\/vc_column][\/vc_row][vc_row][vc_column offset=&#8221;vc_col-lg-offset-2 vc_col-lg-8 vc_col-md-offset-1 vc_col-md-10&#8243;][la_divider height=&#8221;lg:65px;&#8221;][la_heading title=&#8221;Sazinieties ar mums&#8221; title_fz=&#8221;lg:72px;&#8221; subtitle_fz=&#8221;lg:14px;&#8221; subtitle_color=&#8221;#232324&#8243;] Var iznom\u0101t ar\u012b WaterRower air\u0113\u0161anas trena\u017eierus, jaut\u0101jiet pied\u0101v\u0101jumu &nbsp; Underwood Enterprise O\u00dc Re\u0123: 12814185 PVN: EE101779913 Juridisk\u0101 adrese: Vesiroosi tn 9, 76401 Laagri alevik Saue vald, Harjumaa [la_social_link] [\/la_heading][\/vc_column][\/vc_row][vc_row full_width=&#8221;stretch_row&#8221; parallax=&#8221;content-moving&#8221;][vc_column width=&#8221;5\/6&#8243; offset=&#8221;vc_col-lg-offset-3 vc_col-lg-6 vc_col-md-offset-2 vc_col-md-8 vc_col-sm-offset-1&#8243;][la_divider height=&#8221;lg:35px;&#8221;][vc_row_inner][vc_column_inner css=&#8221;.vc_custom_1497225305278{padding-right: 0px !important;padding-left: 0px !important;}&#8221;][la_icon_boxes icon_type=&#8221;la_icon_outline&#8221; icon_la_icon_outline=&#8221;la-icon ui-3_phone-call&#8221;&hellip;<\/p>\n","protected":false},"author":4,"featured_media":0,"parent":0,"menu_order":0,"comment_status":"closed","ping_status":"closed","template":"","meta":{"footnotes":""},"class_list":["post-8092","page","type-page","status-publish","hentry"],"yoast_head":"<!-- This site is optimized with the Yoast SEO Premium plugin v15.4 - https:\/\/yoast.com\/wordpress\/plugins\/seo\/ -->\n<title>Kontakti - Waterrower<\/title>\n<meta name=\"robots\" content=\"index, follow, max-snippet:-1, max-image-preview:large, max-video-preview:-1\" \/>\n<link rel=\"canonical\" href=\"https:\/\/underwood.shop\/lv\/kontakti\/\" \/>\n<meta property=\"og:locale\" content=\"lv_LV\" \/>\n<meta property=\"og:type\" content=\"article\" \/>\n<meta property=\"og:title\" content=\"Kontakti - Waterrower\" \/>\n<meta property=\"og:description\" content=\"[vc_row full_width=&#8221;stretch_row_content_no_spaces&#8221;][vc_column][vc_gmaps link=&#8221;#E-8_JTNDaWZyYW1lJTIwc3JjJTNEJTIyaHR0cHMlM0ElMkYlMkZ3d3cuZ29vZ2xlLmNvbSUyRm1hcHMlMkZlbWJlZCUzRnBiJTNEJTIxMW0xOCUyMTFtMTIlMjExbTMlMjExZDEwMTQuOTM4Mzc4OTYzNDg3NCUyMTJkMjQuODEyMjUxNDYwODA5ODg2JTIxM2Q1OS40MTg0NTA3MzIwNzA0MDQlMjEybTMlMjExZjAlMjEyZjAlMjEzZjAlMjEzbTIlMjExaTEwMjQlMjEyaTc2OCUyMTRmMTMuMSUyMTNtMyUyMTFtMiUyMTFzMHgwJTI1M0EweDI5ZTcwYmVhN2FmNDYxYmQlMjEyek5UbkNzREkxSnpBMkxqUWlUaUF5Tk1Ld05EZ25ORFl1TWlKRiUyMTVlMCUyMTNtMiUyMTFzZXQlMjEyc2VlJTIxNHYxNjQwODQ0Nzg3OTM2JTIxNW0yJTIxMXNldCUyMTJzZWUlMjIlMjB3aWR0aCUzRCUyMjYwMCUyMiUyMGhlaWdodCUzRCUyMjQ1MCUyMiUyMHN0eWxlJTNEJTIyYm9yZGVyJTNBMCUzQiUyMiUyMGFsbG93ZnVsbHNjcmVlbiUzRCUyMiUyMiUyMGxvYWRpbmclM0QlMjJsYXp5JTIyJTNFJTNDJTJGaWZyYW1lJTNF&#8221;][\/vc_column][\/vc_row][vc_row][vc_column offset=&#8221;vc_col-lg-offset-2 vc_col-lg-8 vc_col-md-offset-1 vc_col-md-10&#8243;][la_divider height=&#8221;lg:65px;&#8221;][la_heading title=&#8221;Sazinieties ar mums&#8221; title_fz=&#8221;lg:72px;&#8221; subtitle_fz=&#8221;lg:14px;&#8221; subtitle_color=&#8221;#232324&#8243;] Var iznom\u0101t ar\u012b WaterRower air\u0113\u0161anas trena\u017eierus, jaut\u0101jiet pied\u0101v\u0101jumu &nbsp; Underwood Enterprise O\u00dc Re\u0123: 12814185 PVN: EE101779913 Juridisk\u0101 adrese: Vesiroosi tn 9, 76401 Laagri alevik Saue vald, Harjumaa [la_social_link] [\/la_heading][\/vc_column][\/vc_row][vc_row full_width=&#8221;stretch_row&#8221; parallax=&#8221;content-moving&#8221;][vc_column width=&#8221;5\/6&#8243; offset=&#8221;vc_col-lg-offset-3 vc_col-lg-6 vc_col-md-offset-2 vc_col-md-8 vc_col-sm-offset-1&#8243;][la_divider height=&#8221;lg:35px;&#8221;][vc_row_inner][vc_column_inner css=&#8221;.vc_custom_1497225305278{padding-right: 0px !important;padding-left: 0px !important;}&#8221;][la_icon_boxes icon_type=&#8221;la_icon_outline&#8221; icon_la_icon_outline=&#8221;la-icon ui-3_phone-call&#8221;&hellip;\" \/>\n<meta property=\"og:url\" content=\"https:\/\/underwood.shop\/lv\/kontakti\/\" \/>\n<meta property=\"og:site_name\" content=\"Waterrower\" \/>\n<meta property=\"article:publisher\" content=\"https:\/\/www.facebook.com\/waterrowerestonia\/?__tn__=kCH-R&amp;amp%3beid=ARAHna99jrDdgHX4Qh4qbjJkFTpB4Rwy04X3-WA-4U2KCSk1EprOpmgRUXpe4abCNxt2chxG6BVLWZ9c&amp;amp%3bhc_ref=ARSxIXDOcUF0ktwkMczSBfWtc1fZ9u55etWQkZNNCRCuUe4coWN4nqGgxEvEyaa79_I&amp;amp%3bfref=nf&amp;amp%3b__xts__%5b0%5d=68.ARCYkSnJqv07cWt_rtH40XwNXpPvnNDwq-c0oxKJjQtwENHIXyQcbmKmIx74uSjtgZFfsTfyLEBbKQIICK07KQVhZnDYF-9XAOSImiVGnc3nHwbftJHs_4Zo0kXfvYL_HAh-9aLqykXKd9KjeqMVCr0-FP3q9bNk5Wtr5x5v3PPQW7WdGl1BUoKfO8XXxc0SBxo0lRaSzWTsYpbMsWCEWJGV-O7-SMGlKr72Vh-hTpEOIsz8VDnxdGTTJGROy_FL6N70jWTGZcPzrJqNVZ5FXY8oD5vrCAgYNkAUN_A-cirAtWZjSwQaxPlYzGkVQXsplX6562coH6Dslig6V9fj\" \/>\n<meta property=\"article:modified_time\" content=\"2021-12-30T06:15:06+00:00\" \/>\n<meta name=\"twitter:card\" content=\"summary_large_image\" \/>\n<meta name=\"twitter:label1\" content=\"Written by\">\n\t<meta name=\"twitter:data1\" content=\"Jaanus Veskla\">\n\t<meta name=\"twitter:label2\" content=\"Est. reading time\">\n\t<meta name=\"twitter:data2\" content=\"1 minute\">\n<script type=\"application\/ld+json\" class=\"yoast-schema-graph\">{\"@context\":\"https:\/\/schema.org\",\"@graph\":[{\"@type\":\"WebSite\",\"@id\":\"https:\/\/underwood.shop\/lv\/#website\",\"url\":\"https:\/\/underwood.shop\/lv\/\",\"name\":\"Waterrower\",\"description\":\"Sac\\u012bk\\u0161u autom\\u0101tu un m\\u0101c\\u012bbu autom\\u0101tu tirdzniec\\u012bba\",\"potentialAction\":[{\"@type\":\"SearchAction\",\"target\":\"https:\/\/underwood.shop\/lv\/?s={search_term_string}\",\"query-input\":\"required name=search_term_string\"}],\"inLanguage\":\"lv-LV\"},{\"@type\":\"WebPage\",\"@id\":\"https:\/\/underwood.shop\/lv\/kontakti\/#webpage\",\"url\":\"https:\/\/underwood.shop\/lv\/kontakti\/\",\"name\":\"Kontakti - Waterrower\",\"isPartOf\":{\"@id\":\"https:\/\/underwood.shop\/lv\/#website\"},\"datePublished\":\"2017-09-26T02:56:47+00:00\",\"dateModified\":\"2021-12-30T06:15:06+00:00\",\"inLanguage\":\"lv-LV\",\"potentialAction\":[{\"@type\":\"ReadAction\",\"target\":[\"https:\/\/underwood.shop\/lv\/kontakti\/\"]}]}]}<\/script>\n<!-- \/ Yoast SEO Premium plugin. -->","_links":{"self":[{"href":"https:\/\/underwood.shop\/lv\/wp-json\/wp\/v2\/pages\/8092","targetHints":{"allow":["GET"]}}],"collection":[{"href":"https:\/\/underwood.shop\/lv\/wp-json\/wp\/v2\/pages"}],"about":[{"href":"https:\/\/underwood.shop\/lv\/wp-json\/wp\/v2\/types\/page"}],"author":[{"embeddable":true,"href":"https:\/\/underwood.shop\/lv\/wp-json\/wp\/v2\/users\/4"}],"replies":[{"embeddable":true,"href":"https:\/\/underwood.shop\/lv\/wp-json\/wp\/v2\/comments?post=8092"}],"version-history":[{"count":0,"href":"https:\/\/underwood.shop\/lv\/wp-json\/wp\/v2\/pages\/8092\/revisions"}],"wp:attachment":[{"href":"https:\/\/underwood.shop\/lv\/wp-json\/wp\/v2\/media?parent=8092"}],"curies":[{"name":"wp","href":"https:\/\/api.w.org\/{rel}","templated":true}]}}