{"id":4748,"date":"2018-11-09T16:24:40","date_gmt":"2018-11-09T14:24:40","guid":{"rendered":"https:\/\/underwood.shop\/?page_id=4748"},"modified":"2018-11-09T16:24:40","modified_gmt":"2018-11-09T14:24:40","slug":"garantijas-noteikumi","status":"publish","type":"page","link":"https:\/\/underwood.shop\/lv\/garantijas-noteikumi\/","title":{"rendered":"Garantijas noteikumi"},"content":{"rendered":"<p>Visiem ra\u017eojumiem ir sp\u0113k\u0101 2 gadus ilga garantija. Turkl\u0101t WaterRower air\u0113\u0161anas trena\u017eieriem ir sp\u0113k\u0101 ra\u017eot\u0101ja dota 3 gadu garantija kust\u012bgaj\u0101m deta\u013c\u0101m un 5 gadu garantija iek\u0101rtas karkasam.<\/p>\n<p>Garantijas gad\u012bjum\u0101 l\u016bdzam sazin\u0101ties pa e-pastu, adrese: <a href=\"mailto:info@underwood.ee\">info@underwood.ee<\/a><\/p>\n","protected":false},"excerpt":{"rendered":"<p>Visiem ra\u017eojumiem ir sp\u0113k\u0101 2 gadus ilga garantija. Turkl\u0101t WaterRower air\u0113\u0161anas trena\u017eieriem ir sp\u0113k\u0101 ra\u017eot\u0101ja dota 3 gadu garantija kust\u012bgaj\u0101m deta\u013c\u0101m un 5 gadu garantija iek\u0101rtas karkasam. Garantijas gad\u012bjum\u0101 l\u016bdzam sazin\u0101ties pa e-pastu, adrese: info@underwood.ee<\/p>\n","protected":false},"author":4,"featured_media":0,"parent":0,"menu_order":0,"comment_status":"closed","ping_status":"closed","template":"","meta":{"footnotes":""},"class_list":["post-4748","page","type-page","status-publish","hentry"],"yoast_head":"<!-- This site is optimized with the Yoast SEO Premium plugin v15.4 - https:\/\/yoast.com\/wordpress\/plugins\/seo\/ -->\n<title>Garantijas noteikumi - Waterrower<\/title>\n<meta name=\"robots\" content=\"index, follow, max-snippet:-1, max-image-preview:large, max-video-preview:-1\" \/>\n<link rel=\"canonical\" href=\"https:\/\/underwood.shop\/lv\/garantijas-noteikumi\/\" \/>\n<meta property=\"og:locale\" content=\"lv_LV\" \/>\n<meta property=\"og:type\" content=\"article\" \/>\n<meta property=\"og:title\" content=\"Garantijas noteikumi - Waterrower\" \/>\n<meta property=\"og:description\" content=\"Visiem ra\u017eojumiem ir sp\u0113k\u0101 2 gadus ilga garantija. Turkl\u0101t WaterRower air\u0113\u0161anas trena\u017eieriem ir sp\u0113k\u0101 ra\u017eot\u0101ja dota 3 gadu garantija kust\u012bgaj\u0101m deta\u013c\u0101m un 5 gadu garantija iek\u0101rtas karkasam. Garantijas gad\u012bjum\u0101 l\u016bdzam sazin\u0101ties pa e-pastu, adrese: info@underwood.ee\" \/>\n<meta property=\"og:url\" content=\"https:\/\/underwood.shop\/lv\/garantijas-noteikumi\/\" \/>\n<meta property=\"og:site_name\" content=\"Waterrower\" \/>\n<meta property=\"article:publisher\" content=\"https:\/\/www.facebook.com\/waterrowerestonia\/?__tn__=kCH-R&amp;amp%3beid=ARAHna99jrDdgHX4Qh4qbjJkFTpB4Rwy04X3-WA-4U2KCSk1EprOpmgRUXpe4abCNxt2chxG6BVLWZ9c&amp;amp%3bhc_ref=ARSxIXDOcUF0ktwkMczSBfWtc1fZ9u55etWQkZNNCRCuUe4coWN4nqGgxEvEyaa79_I&amp;amp%3bfref=nf&amp;amp%3b__xts__%5b0%5d=68.ARCYkSnJqv07cWt_rtH40XwNXpPvnNDwq-c0oxKJjQtwENHIXyQcbmKmIx74uSjtgZFfsTfyLEBbKQIICK07KQVhZnDYF-9XAOSImiVGnc3nHwbftJHs_4Zo0kXfvYL_HAh-9aLqykXKd9KjeqMVCr0-FP3q9bNk5Wtr5x5v3PPQW7WdGl1BUoKfO8XXxc0SBxo0lRaSzWTsYpbMsWCEWJGV-O7-SMGlKr72Vh-hTpEOIsz8VDnxdGTTJGROy_FL6N70jWTGZcPzrJqNVZ5FXY8oD5vrCAgYNkAUN_A-cirAtWZjSwQaxPlYzGkVQXsplX6562coH6Dslig6V9fj\" \/>\n<meta name=\"twitter:card\" content=\"summary_large_image\" \/>\n<meta name=\"twitter:label1\" content=\"Written by\">\n\t<meta name=\"twitter:data1\" content=\"Jaanus Veskla\">\n\t<meta name=\"twitter:label2\" content=\"Est. reading time\">\n\t<meta name=\"twitter:data2\" content=\"0 minutes\">\n<script type=\"application\/ld+json\" class=\"yoast-schema-graph\">{\"@context\":\"https:\/\/schema.org\",\"@graph\":[{\"@type\":\"WebSite\",\"@id\":\"https:\/\/underwood.shop\/lv\/#website\",\"url\":\"https:\/\/underwood.shop\/lv\/\",\"name\":\"Waterrower\",\"description\":\"Sac\\u012bk\\u0161u autom\\u0101tu un m\\u0101c\\u012bbu autom\\u0101tu tirdzniec\\u012bba\",\"potentialAction\":[{\"@type\":\"SearchAction\",\"target\":\"https:\/\/underwood.shop\/lv\/?s={search_term_string}\",\"query-input\":\"required name=search_term_string\"}],\"inLanguage\":\"lv-LV\"},{\"@type\":\"WebPage\",\"@id\":\"https:\/\/underwood.shop\/lv\/garantijas-noteikumi\/#webpage\",\"url\":\"https:\/\/underwood.shop\/lv\/garantijas-noteikumi\/\",\"name\":\"Garantijas noteikumi - Waterrower\",\"isPartOf\":{\"@id\":\"https:\/\/underwood.shop\/lv\/#website\"},\"datePublished\":\"2018-11-09T14:24:40+00:00\",\"dateModified\":\"2018-11-09T14:24:40+00:00\",\"inLanguage\":\"lv-LV\",\"potentialAction\":[{\"@type\":\"ReadAction\",\"target\":[\"https:\/\/underwood.shop\/lv\/garantijas-noteikumi\/\"]}]}]}<\/script>\n<!-- \/ Yoast SEO Premium plugin. -->","_links":{"self":[{"href":"https:\/\/underwood.shop\/lv\/wp-json\/wp\/v2\/pages\/4748","targetHints":{"allow":["GET"]}}],"collection":[{"href":"https:\/\/underwood.shop\/lv\/wp-json\/wp\/v2\/pages"}],"about":[{"href":"https:\/\/underwood.shop\/lv\/wp-json\/wp\/v2\/types\/page"}],"author":[{"embeddable":true,"href":"https:\/\/underwood.shop\/lv\/wp-json\/wp\/v2\/users\/4"}],"replies":[{"embeddable":true,"href":"https:\/\/underwood.shop\/lv\/wp-json\/wp\/v2\/comments?post=4748"}],"version-history":[{"count":0,"href":"https:\/\/underwood.shop\/lv\/wp-json\/wp\/v2\/pages\/4748\/revisions"}],"wp:attachment":[{"href":"https:\/\/underwood.shop\/lv\/wp-json\/wp\/v2\/media?parent=4748"}],"curies":[{"name":"wp","href":"https:\/\/api.w.org\/{rel}","templated":true}]}}