{"id":4492,"date":"2017-10-05T15:07:55","date_gmt":"2017-10-05T08:07:55","guid":{"rendered":"https:\/\/underwood.shop\/?page_id=4492"},"modified":"2019-10-31T11:46:33","modified_gmt":"2019-10-31T09:46:33","slug":"privatuma_politika","status":"publish","type":"page","link":"https:\/\/underwood.shop\/lv\/privatuma_politika\/","title":{"rendered":"Priv\u0101tuma politika"},"content":{"rendered":"<p>[vc_row][vc_column width=&#8221;1\/6&#8243;][\/vc_column][vc_column width=&#8221;2\/3&#8243;][la_heading title=&#8221;Priv\u0101tuma politika&#8221;]\n<p style=\"text-align: left;\">Klienta personas dati, kas tiek uzzin\u0101ti e-veikala pas\u016bt\u012bjuma noform\u0113\u0161anas un pirkuma veik\u0161anas laik\u0101, tiek apstr\u0101d\u0101ti k\u0101 konfidenci\u0101la inform\u0101cija. Underwood Enterprise O\u00dc izmanto pirc\u0113ja ievad\u012btos personas datus (t. sk. v\u0101rds, t\u0101lru\u0146a numurs, adrese, e-pasta adrese, bankas rekviz\u012bti) tikai pas\u016bt\u012bjuma apstr\u0101dei un preces nos\u016bt\u012b\u0161anai preces pirc\u0113jam.<\/p>\n<p style=\"text-align: left;\">J\u016bsu priv\u0101tums mums ir \u013coti noz\u012bm\u012bgs. T\u0101d\u0113\u013c esam savu interneta vietni aizsarg\u0101ju\u0161i ar SSL dro\u0161\u012bbas sertifik\u0101tu, bie\u017ei atjaunin\u0101m programmat\u016bru, k\u0101 ar\u012b visu maks\u0101jumu veik\u0161anai izmantojam maks\u0101jumu centru, kas j\u016bsu datus vienm\u0113r apstr\u0101d\u0101 ar visliel\u0101ko uzman\u012bbu.<\/p>\n<p style=\"text-align: left;\">Underwood Enterprise O\u00dc uztic\u0113tos personas datus uztver k\u0101 konfidenci\u0101lus un tos izmanto tikai pie datu v\u0101k\u0161anas nor\u0101d\u012btajiem m\u0113r\u0137iem.<\/p>\n<p style=\"text-align: left;\">Underwood Enterprise O\u00dc klienta personas datus izmanto pas\u016bt\u012bto produktu pieg\u0101dei vai ar pas\u016bt\u012bjumiem saist\u012bto jaut\u0101jumu risin\u0101\u0161anai.<\/p>\n<p style=\"text-align: left;\">Ja rodas jaut\u0101jumi, sazinies ar klientu atbalstu pa t\u0101lruni\u00a0<strong>+372 5850 1299<\/strong>\u00a0vai nos\u016bti v\u0113stuli uz e-pasta adresi\u00a0<strong>info@underwood.ee<\/strong>.\u00a0Papildinform\u0101ciju un kontaktus atrad\u012bsit\u00a0<strong><u><a href=\"https:\/\/underwood.shop\/lv\/kontakti\/\">\u0161eit!<\/a><\/u><\/strong><\/p>\n<p>[\/la_heading][\/vc_column][vc_column width=&#8221;1\/6&#8243;][\/vc_column][\/vc_row]<\/p>\n","protected":false},"excerpt":{"rendered":"<p>[vc_row][vc_column width=&#8221;1\/6&#8243;][\/vc_column][vc_column width=&#8221;2\/3&#8243;][la_heading title=&#8221;Priv\u0101tuma politika&#8221;] Klienta personas dati, kas tiek uzzin\u0101ti e-veikala pas\u016bt\u012bjuma noform\u0113\u0161anas un pirkuma veik\u0161anas laik\u0101, tiek apstr\u0101d\u0101ti k\u0101 konfidenci\u0101la inform\u0101cija. Underwood Enterprise O\u00dc izmanto pirc\u0113ja ievad\u012btos personas datus (t. sk. v\u0101rds, t\u0101lru\u0146a numurs, adrese, e-pasta adrese, bankas rekviz\u012bti) tikai pas\u016bt\u012bjuma apstr\u0101dei un preces nos\u016bt\u012b\u0161anai preces pirc\u0113jam. J\u016bsu priv\u0101tums mums ir \u013coti noz\u012bm\u012bgs. T\u0101d\u0113\u013c esam savu interneta vietni&hellip;<\/p>\n","protected":false},"author":4,"featured_media":0,"parent":0,"menu_order":0,"comment_status":"closed","ping_status":"closed","template":"","meta":{"footnotes":""},"class_list":["post-4492","page","type-page","status-publish","hentry"],"yoast_head":"<!-- This site is optimized with the Yoast SEO Premium plugin v15.4 - https:\/\/yoast.com\/wordpress\/plugins\/seo\/ -->\n<title>Priv\u0101tuma politika - Waterrower<\/title>\n<meta name=\"robots\" content=\"index, follow, max-snippet:-1, max-image-preview:large, max-video-preview:-1\" \/>\n<link rel=\"canonical\" href=\"https:\/\/underwood.shop\/lv\/privatuma_politika\/\" \/>\n<meta property=\"og:locale\" content=\"lv_LV\" \/>\n<meta property=\"og:type\" content=\"article\" \/>\n<meta property=\"og:title\" content=\"Priv\u0101tuma politika - Waterrower\" \/>\n<meta property=\"og:description\" content=\"[vc_row][vc_column width=&#8221;1\/6&#8243;][\/vc_column][vc_column width=&#8221;2\/3&#8243;][la_heading title=&#8221;Priv\u0101tuma politika&#8221;] Klienta personas dati, kas tiek uzzin\u0101ti e-veikala pas\u016bt\u012bjuma noform\u0113\u0161anas un pirkuma veik\u0161anas laik\u0101, tiek apstr\u0101d\u0101ti k\u0101 konfidenci\u0101la inform\u0101cija. Underwood Enterprise O\u00dc izmanto pirc\u0113ja ievad\u012btos personas datus (t. sk. v\u0101rds, t\u0101lru\u0146a numurs, adrese, e-pasta adrese, bankas rekviz\u012bti) tikai pas\u016bt\u012bjuma apstr\u0101dei un preces nos\u016bt\u012b\u0161anai preces pirc\u0113jam. J\u016bsu priv\u0101tums mums ir \u013coti noz\u012bm\u012bgs. T\u0101d\u0113\u013c esam savu interneta vietni&hellip;\" \/>\n<meta property=\"og:url\" content=\"https:\/\/underwood.shop\/lv\/privatuma_politika\/\" \/>\n<meta property=\"og:site_name\" content=\"Waterrower\" \/>\n<meta property=\"article:publisher\" content=\"https:\/\/www.facebook.com\/waterrowerestonia\/?__tn__=kCH-R&amp;amp%3beid=ARAHna99jrDdgHX4Qh4qbjJkFTpB4Rwy04X3-WA-4U2KCSk1EprOpmgRUXpe4abCNxt2chxG6BVLWZ9c&amp;amp%3bhc_ref=ARSxIXDOcUF0ktwkMczSBfWtc1fZ9u55etWQkZNNCRCuUe4coWN4nqGgxEvEyaa79_I&amp;amp%3bfref=nf&amp;amp%3b__xts__%5b0%5d=68.ARCYkSnJqv07cWt_rtH40XwNXpPvnNDwq-c0oxKJjQtwENHIXyQcbmKmIx74uSjtgZFfsTfyLEBbKQIICK07KQVhZnDYF-9XAOSImiVGnc3nHwbftJHs_4Zo0kXfvYL_HAh-9aLqykXKd9KjeqMVCr0-FP3q9bNk5Wtr5x5v3PPQW7WdGl1BUoKfO8XXxc0SBxo0lRaSzWTsYpbMsWCEWJGV-O7-SMGlKr72Vh-hTpEOIsz8VDnxdGTTJGROy_FL6N70jWTGZcPzrJqNVZ5FXY8oD5vrCAgYNkAUN_A-cirAtWZjSwQaxPlYzGkVQXsplX6562coH6Dslig6V9fj\" \/>\n<meta property=\"article:modified_time\" content=\"2019-10-31T09:46:33+00:00\" \/>\n<meta name=\"twitter:card\" content=\"summary_large_image\" \/>\n<meta name=\"twitter:label1\" content=\"Written by\">\n\t<meta name=\"twitter:data1\" content=\"Jaanus Veskla\">\n\t<meta name=\"twitter:label2\" content=\"Est. reading time\">\n\t<meta name=\"twitter:data2\" content=\"1 minute\">\n<script type=\"application\/ld+json\" class=\"yoast-schema-graph\">{\"@context\":\"https:\/\/schema.org\",\"@graph\":[{\"@type\":\"WebSite\",\"@id\":\"https:\/\/underwood.shop\/lv\/#website\",\"url\":\"https:\/\/underwood.shop\/lv\/\",\"name\":\"Waterrower\",\"description\":\"Sac\\u012bk\\u0161u autom\\u0101tu un m\\u0101c\\u012bbu autom\\u0101tu tirdzniec\\u012bba\",\"potentialAction\":[{\"@type\":\"SearchAction\",\"target\":\"https:\/\/underwood.shop\/lv\/?s={search_term_string}\",\"query-input\":\"required name=search_term_string\"}],\"inLanguage\":\"lv-LV\"},{\"@type\":\"WebPage\",\"@id\":\"https:\/\/underwood.shop\/lv\/privatuma_politika\/#webpage\",\"url\":\"https:\/\/underwood.shop\/lv\/privatuma_politika\/\",\"name\":\"Priv\\u0101tuma politika - Waterrower\",\"isPartOf\":{\"@id\":\"https:\/\/underwood.shop\/lv\/#website\"},\"datePublished\":\"2017-10-05T08:07:55+00:00\",\"dateModified\":\"2019-10-31T09:46:33+00:00\",\"inLanguage\":\"lv-LV\",\"potentialAction\":[{\"@type\":\"ReadAction\",\"target\":[\"https:\/\/underwood.shop\/lv\/privatuma_politika\/\"]}]}]}<\/script>\n<!-- \/ Yoast SEO Premium plugin. -->","_links":{"self":[{"href":"https:\/\/underwood.shop\/lv\/wp-json\/wp\/v2\/pages\/4492","targetHints":{"allow":["GET"]}}],"collection":[{"href":"https:\/\/underwood.shop\/lv\/wp-json\/wp\/v2\/pages"}],"about":[{"href":"https:\/\/underwood.shop\/lv\/wp-json\/wp\/v2\/types\/page"}],"author":[{"embeddable":true,"href":"https:\/\/underwood.shop\/lv\/wp-json\/wp\/v2\/users\/4"}],"replies":[{"embeddable":true,"href":"https:\/\/underwood.shop\/lv\/wp-json\/wp\/v2\/comments?post=4492"}],"version-history":[{"count":0,"href":"https:\/\/underwood.shop\/lv\/wp-json\/wp\/v2\/pages\/4492\/revisions"}],"wp:attachment":[{"href":"https:\/\/underwood.shop\/lv\/wp-json\/wp\/v2\/media?parent=4492"}],"curies":[{"name":"wp","href":"https:\/\/api.w.org\/{rel}","templated":true}]}}