{"id":7770,"date":"2018-04-18T05:40:06","date_gmt":"2018-04-18T02:40:06","guid":{"rendered":"https:\/\/underwood.shop\/product\/nohrd-slimbeam-kaabeltrenazoor-pahkel\/"},"modified":"2021-09-26T17:33:55","modified_gmt":"2021-09-26T14:33:55","slug":"nohrd-slimbeam-walnut","status":"publish","type":"product","link":"https:\/\/underwood.shop\/en\/toode\/nohrd-slimbeam-walnut\/","title":{"rendered":"NOHrD SlimBeam &#8211; Walnut"},"content":{"rendered":"<p>A revolutionary upgrade to conventional cable machines, the SlimBeam is a commercial-grade weight stack with a height-adjustable dual cable pulley system. Suitable for use in fitness studios, residential gyms, and everything in between; the SlimBeam is a versatile and multi-functional piece of resistance training equipment that enables strength training exercise for every muscle group. The SlimBeam&#8217;s 75 kg weight stack comprises of 15 x 5 kg durable rubberised weight plates.<\/p>\n<p>Manufacturer: NOHrD (Germany)<\/p>\n","protected":false},"excerpt":{"rendered":"<p>\u2022 Corpus material: walnut veneer<br \/>\n\u2022 Baseplate diameter \u00f8 44 cm<br \/>\n\u2022 Corpus dimensions 215\u00d740\u00d720 cm (Height \u00d7 Width \u00d7 Depth)<br \/>\n\u2022 Distance from the wall 10 cm<br \/>\n\u2022 Weight plates 14 \u00d7 5 kg (+5 kg starting weight)<br \/>\n\u2022 Ratio 3:1 (standard)<br \/>\n\u2022 Weight 120 kg<\/p>\n","protected":false},"featured_media":3129,"template":"","meta":[],"product_brand":[],"product_cat":[305],"product_tag":[],"class_list":{"0":"post-7770","1":"product","2":"type-product","3":"status-publish","4":"has-post-thumbnail","6":"product_cat-slimbeam-cable-machine","7":"product_shipping_class-20e-surcharge-en","9":"first","10":"onbackorder","11":"taxable","12":"shipping-taxable","13":"purchasable","14":"product-type-simple","15":"thumb-has-effect","16":"prod-rating-on"},"yoast_head":"<!-- This site is optimized with the Yoast SEO Premium plugin v15.4 - https:\/\/yoast.com\/wordpress\/plugins\/seo\/ -->\n<title>NOHrD SlimBeam - Walnut - WATERROWER | NOHRD.<\/title>\n<meta name=\"robots\" content=\"index, follow, max-snippet:-1, max-image-preview:large, max-video-preview:-1\" \/>\n<link rel=\"canonical\" href=\"https:\/\/underwood.shop\/en\/toode\/nohrd-slimbeam-walnut\/\" \/>\n<meta property=\"og:locale\" content=\"en_US\" \/>\n<meta property=\"og:type\" content=\"article\" \/>\n<meta property=\"og:title\" content=\"NOHrD SlimBeam - Walnut - WATERROWER | NOHRD.\" \/>\n<meta property=\"og:description\" content=\"\u2022 Corpus material: walnut veneer \u2022 Baseplate diameter \u00f8 44 cm \u2022 Corpus dimensions 215\u00d740\u00d720 cm (Height \u00d7 Width \u00d7 Depth) \u2022 Distance from the wall 10 cm \u2022 Weight plates 14 \u00d7 5 kg (+5 kg starting weight) \u2022 Ratio 3:1 (standard) \u2022 Weight 120 kg\" \/>\n<meta property=\"og:url\" content=\"https:\/\/underwood.shop\/en\/toode\/nohrd-slimbeam-walnut\/\" \/>\n<meta property=\"og:site_name\" content=\"WATERROWER | NOHRD.\" \/>\n<meta property=\"article:publisher\" content=\"https:\/\/www.facebook.com\/waterrowerestonia\/?__tn__=kCH-R&amp;amp%3beid=ARAHna99jrDdgHX4Qh4qbjJkFTpB4Rwy04X3-WA-4U2KCSk1EprOpmgRUXpe4abCNxt2chxG6BVLWZ9c&amp;amp%3bhc_ref=ARSxIXDOcUF0ktwkMczSBfWtc1fZ9u55etWQkZNNCRCuUe4coWN4nqGgxEvEyaa79_I&amp;amp%3bfref=nf&amp;amp%3b__xts__%5b0%5d=68.ARCYkSnJqv07cWt_rtH40XwNXpPvnNDwq-c0oxKJjQtwENHIXyQcbmKmIx74uSjtgZFfsTfyLEBbKQIICK07KQVhZnDYF-9XAOSImiVGnc3nHwbftJHs_4Zo0kXfvYL_HAh-9aLqykXKd9KjeqMVCr0-FP3q9bNk5Wtr5x5v3PPQW7WdGl1BUoKfO8XXxc0SBxo0lRaSzWTsYpbMsWCEWJGV-O7-SMGlKr72Vh-hTpEOIsz8VDnxdGTTJGROy_FL6N70jWTGZcPzrJqNVZ5FXY8oD5vrCAgYNkAUN_A-cirAtWZjSwQaxPlYzGkVQXsplX6562coH6Dslig6V9fj\" \/>\n<meta property=\"article:modified_time\" content=\"2021-09-26T14:33:55+00:00\" \/>\n<meta property=\"og:image\" content=\"https:\/\/underwood.shop\/wp-content\/uploads\/2018\/04\/slimbeam_nussbaum_walnut_1-scaled.jpg\" \/>\n\t<meta property=\"og:image:width\" content=\"1482\" \/>\n\t<meta property=\"og:image:height\" content=\"2560\" \/>\n<meta name=\"twitter:card\" content=\"summary_large_image\" \/>\n<meta name=\"twitter:label1\" content=\"Written by\">\n\t<meta name=\"twitter:data1\" content=\"Jaanus Veskla\">\n\t<meta name=\"twitter:label2\" content=\"Est. reading time\">\n\t<meta name=\"twitter:data2\" content=\"0 minutes\">\n<script type=\"application\/ld+json\" class=\"yoast-schema-graph\">{\"@context\":\"https:\/\/schema.org\",\"@graph\":[{\"@type\":\"WebSite\",\"@id\":\"https:\/\/underwood.shop\/en\/#website\",\"url\":\"https:\/\/underwood.shop\/en\/\",\"name\":\"WATERROWER | NOHRD.\",\"description\":\"S\\u00f5udemasinate ja treeningseadmete m\\u00fc\\u00fck\",\"potentialAction\":[{\"@type\":\"SearchAction\",\"target\":\"https:\/\/underwood.shop\/en\/?s={search_term_string}\",\"query-input\":\"required name=search_term_string\"}],\"inLanguage\":\"en-US\"},{\"@type\":\"ImageObject\",\"@id\":\"https:\/\/underwood.shop\/en\/toode\/nohrd-slimbeam-walnut\/#primaryimage\",\"inLanguage\":\"en-US\",\"url\":\"https:\/\/underwood.shop\/wp-content\/uploads\/2018\/04\/slimbeam_nussbaum_walnut_1-scaled.jpg\",\"width\":1482,\"height\":2560},{\"@type\":\"WebPage\",\"@id\":\"https:\/\/underwood.shop\/en\/toode\/nohrd-slimbeam-walnut\/#webpage\",\"url\":\"https:\/\/underwood.shop\/en\/toode\/nohrd-slimbeam-walnut\/\",\"name\":\"NOHrD SlimBeam - Walnut - WATERROWER | NOHRD.\",\"isPartOf\":{\"@id\":\"https:\/\/underwood.shop\/en\/#website\"},\"primaryImageOfPage\":{\"@id\":\"https:\/\/underwood.shop\/en\/toode\/nohrd-slimbeam-walnut\/#primaryimage\"},\"datePublished\":\"2018-04-18T02:40:06+00:00\",\"dateModified\":\"2021-09-26T14:33:55+00:00\",\"inLanguage\":\"en-US\",\"potentialAction\":[{\"@type\":\"ReadAction\",\"target\":[\"https:\/\/underwood.shop\/en\/toode\/nohrd-slimbeam-walnut\/\"]}]}]}<\/script>\n<!-- \/ Yoast SEO Premium plugin. -->","_links":{"self":[{"href":"https:\/\/underwood.shop\/en\/wp-json\/wp\/v2\/product\/7770","targetHints":{"allow":["GET"]}}],"collection":[{"href":"https:\/\/underwood.shop\/en\/wp-json\/wp\/v2\/product"}],"about":[{"href":"https:\/\/underwood.shop\/en\/wp-json\/wp\/v2\/types\/product"}],"wp:featuredmedia":[{"embeddable":true,"href":"https:\/\/underwood.shop\/en\/wp-json\/wp\/v2\/media\/3129"}],"wp:attachment":[{"href":"https:\/\/underwood.shop\/en\/wp-json\/wp\/v2\/media?parent=7770"}],"wp:term":[{"taxonomy":"product_brand","embeddable":true,"href":"https:\/\/underwood.shop\/en\/wp-json\/wp\/v2\/product_brand?post=7770"},{"taxonomy":"product_cat","embeddable":true,"href":"https:\/\/underwood.shop\/en\/wp-json\/wp\/v2\/product_cat?post=7770"},{"taxonomy":"product_tag","embeddable":true,"href":"https:\/\/underwood.shop\/en\/wp-json\/wp\/v2\/product_tag?post=7770"}],"curies":[{"name":"wp","href":"https:\/\/api.w.org\/{rel}","templated":true}]}}