{"id":7692,"date":"2018-04-30T10:53:18","date_gmt":"2018-04-30T07:53:18","guid":{"rendered":"https:\/\/underwood.shop\/product\/dual-density-ergpad-soudepingi-pehmenduspadi\/"},"modified":"2025-09-24T10:56:01","modified_gmt":"2025-09-24T07:56:01","slug":"dual-density-ergpad","status":"publish","type":"product","link":"https:\/\/underwood.shop\/en\/toode\/dual-density-ergpad\/","title":{"rendered":"Dual-Density ErgPad\u2122"},"content":{"rendered":"","protected":false},"excerpt":{"rendered":"<p>V\u00e4hendab survet ja parendab s\u00f5udepingi mugavust. Ergonoomiline s\u00f5udepingi pehmenduspadi on loodud s\u00f5udetreeningut silmas pidades ja see sobib k\u00f5ikidele WaterRower mudelitele.<\/p>\n","protected":false},"featured_media":4182,"template":"","meta":[],"product_brand":[],"product_cat":[272],"product_tag":[],"class_list":{"0":"post-7692","1":"product","2":"type-product","3":"status-publish","4":"has-post-thumbnail","6":"product_cat-waterrower-accessories","7":"product_shipping_class-5e-surcharge-en","9":"first","10":"instock","11":"taxable","12":"shipping-taxable","13":"purchasable","14":"product-type-simple","15":"thumb-no-effect","16":"prod-rating-on"},"yoast_head":"<!-- This site is optimized with the Yoast SEO Premium plugin v15.4 - https:\/\/yoast.com\/wordpress\/plugins\/seo\/ -->\n<title>Dual-Density ErgPad\u2122 - WATERROWER | NOHRD.<\/title>\n<meta name=\"robots\" content=\"index, follow, max-snippet:-1, max-image-preview:large, max-video-preview:-1\" \/>\n<link rel=\"canonical\" href=\"https:\/\/underwood.shop\/en\/toode\/dual-density-ergpad\/\" \/>\n<meta property=\"og:locale\" content=\"en_US\" \/>\n<meta property=\"og:type\" content=\"article\" \/>\n<meta property=\"og:title\" content=\"Dual-Density ErgPad\u2122 - WATERROWER | NOHRD.\" \/>\n<meta property=\"og:description\" content=\"V\u00e4hendab survet ja parendab s\u00f5udepingi mugavust. Ergonoomiline s\u00f5udepingi pehmenduspadi on loodud s\u00f5udetreeningut silmas pidades ja see sobib k\u00f5ikidele WaterRower mudelitele.\" \/>\n<meta property=\"og:url\" content=\"https:\/\/underwood.shop\/en\/toode\/dual-density-ergpad\/\" \/>\n<meta property=\"og:site_name\" content=\"WATERROWER | NOHRD.\" \/>\n<meta property=\"article:publisher\" content=\"https:\/\/www.facebook.com\/waterrowerestonia\/?__tn__=kCH-R&amp;amp%3beid=ARAHna99jrDdgHX4Qh4qbjJkFTpB4Rwy04X3-WA-4U2KCSk1EprOpmgRUXpe4abCNxt2chxG6BVLWZ9c&amp;amp%3bhc_ref=ARSxIXDOcUF0ktwkMczSBfWtc1fZ9u55etWQkZNNCRCuUe4coWN4nqGgxEvEyaa79_I&amp;amp%3bfref=nf&amp;amp%3b__xts__%5b0%5d=68.ARCYkSnJqv07cWt_rtH40XwNXpPvnNDwq-c0oxKJjQtwENHIXyQcbmKmIx74uSjtgZFfsTfyLEBbKQIICK07KQVhZnDYF-9XAOSImiVGnc3nHwbftJHs_4Zo0kXfvYL_HAh-9aLqykXKd9KjeqMVCr0-FP3q9bNk5Wtr5x5v3PPQW7WdGl1BUoKfO8XXxc0SBxo0lRaSzWTsYpbMsWCEWJGV-O7-SMGlKr72Vh-hTpEOIsz8VDnxdGTTJGROy_FL6N70jWTGZcPzrJqNVZ5FXY8oD5vrCAgYNkAUN_A-cirAtWZjSwQaxPlYzGkVQXsplX6562coH6Dslig6V9fj\" \/>\n<meta property=\"article:modified_time\" content=\"2025-09-24T07:56:01+00:00\" \/>\n<meta property=\"og:image\" content=\"https:\/\/underwood.shop\/wp-content\/uploads\/2018\/06\/wr_lisa-seat-pad.jpg\" \/>\n\t<meta property=\"og:image:width\" content=\"700\" \/>\n\t<meta property=\"og:image:height\" content=\"700\" \/>\n<meta name=\"twitter:card\" content=\"summary_large_image\" \/>\n<meta name=\"twitter:label1\" content=\"Written by\">\n\t<meta name=\"twitter:data1\" content=\"Jaanus Veskla\">\n<script type=\"application\/ld+json\" class=\"yoast-schema-graph\">{\"@context\":\"https:\/\/schema.org\",\"@graph\":[{\"@type\":\"WebSite\",\"@id\":\"https:\/\/underwood.shop\/en\/#website\",\"url\":\"https:\/\/underwood.shop\/en\/\",\"name\":\"WATERROWER | NOHRD.\",\"description\":\"S\\u00f5udemasinate ja treeningseadmete m\\u00fc\\u00fck\",\"potentialAction\":[{\"@type\":\"SearchAction\",\"target\":\"https:\/\/underwood.shop\/en\/?s={search_term_string}\",\"query-input\":\"required name=search_term_string\"}],\"inLanguage\":\"en-US\"},{\"@type\":\"ImageObject\",\"@id\":\"https:\/\/underwood.shop\/en\/toode\/dual-density-ergpad\/#primaryimage\",\"inLanguage\":\"en-US\",\"url\":\"https:\/\/underwood.shop\/wp-content\/uploads\/2018\/06\/wr_lisa-seat-pad.jpg\",\"width\":700,\"height\":700},{\"@type\":\"WebPage\",\"@id\":\"https:\/\/underwood.shop\/en\/toode\/dual-density-ergpad\/#webpage\",\"url\":\"https:\/\/underwood.shop\/en\/toode\/dual-density-ergpad\/\",\"name\":\"Dual-Density ErgPad\\u2122 - WATERROWER | NOHRD.\",\"isPartOf\":{\"@id\":\"https:\/\/underwood.shop\/en\/#website\"},\"primaryImageOfPage\":{\"@id\":\"https:\/\/underwood.shop\/en\/toode\/dual-density-ergpad\/#primaryimage\"},\"datePublished\":\"2018-04-30T07:53:18+00:00\",\"dateModified\":\"2025-09-24T07:56:01+00:00\",\"inLanguage\":\"en-US\",\"potentialAction\":[{\"@type\":\"ReadAction\",\"target\":[\"https:\/\/underwood.shop\/en\/toode\/dual-density-ergpad\/\"]}]}]}<\/script>\n<!-- \/ Yoast SEO Premium plugin. -->","_links":{"self":[{"href":"https:\/\/underwood.shop\/en\/wp-json\/wp\/v2\/product\/7692","targetHints":{"allow":["GET"]}}],"collection":[{"href":"https:\/\/underwood.shop\/en\/wp-json\/wp\/v2\/product"}],"about":[{"href":"https:\/\/underwood.shop\/en\/wp-json\/wp\/v2\/types\/product"}],"wp:featuredmedia":[{"embeddable":true,"href":"https:\/\/underwood.shop\/en\/wp-json\/wp\/v2\/media\/4182"}],"wp:attachment":[{"href":"https:\/\/underwood.shop\/en\/wp-json\/wp\/v2\/media?parent=7692"}],"wp:term":[{"taxonomy":"product_brand","embeddable":true,"href":"https:\/\/underwood.shop\/en\/wp-json\/wp\/v2\/product_brand?post=7692"},{"taxonomy":"product_cat","embeddable":true,"href":"https:\/\/underwood.shop\/en\/wp-json\/wp\/v2\/product_cat?post=7692"},{"taxonomy":"product_tag","embeddable":true,"href":"https:\/\/underwood.shop\/en\/wp-json\/wp\/v2\/product_tag?post=7692"}],"curies":[{"name":"wp","href":"https:\/\/api.w.org\/{rel}","templated":true}]}}