{"id":10798,"date":"2018-04-18T05:40:06","date_gmt":"2018-04-18T02:40:06","guid":{"rendered":"https:\/\/underwood.shop\/?post_type=product&#038;p=10798"},"modified":"2026-02-21T17:41:48","modified_gmt":"2026-02-21T15:41:48","slug":"nohrd-slimbeam-shadow","status":"publish","type":"product","link":"https:\/\/underwood.shop\/en\/toode\/nohrd-slimbeam-shadow\/","title":{"rendered":"NOHRD SlimBeam Shadow"},"content":{"rendered":"<p>A revolutionary upgrade to conventional cable machines, the SlimBeam is a commercial-grade weight stack with a height-adjustable dual cable pulley system. Suitable for use in fitness studios, residential gyms, and everything in between; the SlimBeam is a versatile and multi-functional piece of resistance training equipment that enables strength training exercise for every muscle group. The SlimBeam\u2019s 75 kg weight stack comprises of 15 x 5 kg durable rubberised weight plates.<\/p>\n<p>Manufaturer: NOHRD (Germany)<\/p>\n","protected":false},"excerpt":{"rendered":"<p>\u2022 Corpus material: oak veneer<br \/>\n\u2022 Baseplate diameter \u00f8 44 cm<br \/>\n\u2022 Corpus dimensions 215\u00d740\u00d720 cm (Height \u00d7 Width \u00d7 Depth)<br \/>\n\u2022 Distance from the wall 10 cm<br \/>\n\u2022 Weight plates 14 \u00d7 5 kg (+5 kg starting weight)<br \/>\n\u2022 Ratio 3:1 (standard)<br \/>\n\u2022 Weight 120 kg<\/p>\n","protected":false},"featured_media":4229,"template":"","meta":[],"product_brand":[525],"product_cat":[305],"product_tag":[],"class_list":{"0":"post-10798","1":"product","2":"type-product","3":"status-publish","4":"has-post-thumbnail","6":"product_brand-nohrd","7":"product_cat-slimbeam-cable-machine","9":"first","10":"onbackorder","11":"taxable","12":"shipping-taxable","13":"purchasable","14":"product-type-simple","15":"thumb-no-effect","16":"prod-rating-on"},"yoast_head":"<!-- This site is optimized with the Yoast SEO Premium plugin v15.4 - https:\/\/yoast.com\/wordpress\/plugins\/seo\/ -->\n<title>NOHRD SlimBeam Shadow - WATERROWER | NOHRD.<\/title>\n<meta name=\"robots\" content=\"index, follow, max-snippet:-1, max-image-preview:large, max-video-preview:-1\" \/>\n<link rel=\"canonical\" href=\"https:\/\/underwood.shop\/en\/toode\/nohrd-slimbeam-shadow\/\" \/>\n<meta property=\"og:locale\" content=\"en_US\" \/>\n<meta property=\"og:type\" content=\"article\" \/>\n<meta property=\"og:title\" content=\"NOHRD SlimBeam Shadow - WATERROWER | NOHRD.\" \/>\n<meta property=\"og:description\" content=\"\u2022 Corpus material: oak veneer \u2022 Baseplate diameter \u00f8 44 cm \u2022 Corpus dimensions 215\u00d740\u00d720 cm (Height \u00d7 Width \u00d7 Depth) \u2022 Distance from the wall 10 cm \u2022 Weight plates 14 \u00d7 5 kg (+5 kg starting weight) \u2022 Ratio 3:1 (standard) \u2022 Weight 120 kg\" \/>\n<meta property=\"og:url\" content=\"https:\/\/underwood.shop\/en\/toode\/nohrd-slimbeam-shadow\/\" \/>\n<meta property=\"og:site_name\" content=\"WATERROWER | NOHRD.\" \/>\n<meta property=\"article:publisher\" content=\"https:\/\/www.facebook.com\/waterrowerestonia\/?__tn__=kCH-R&amp;amp%3beid=ARAHna99jrDdgHX4Qh4qbjJkFTpB4Rwy04X3-WA-4U2KCSk1EprOpmgRUXpe4abCNxt2chxG6BVLWZ9c&amp;amp%3bhc_ref=ARSxIXDOcUF0ktwkMczSBfWtc1fZ9u55etWQkZNNCRCuUe4coWN4nqGgxEvEyaa79_I&amp;amp%3bfref=nf&amp;amp%3b__xts__%5b0%5d=68.ARCYkSnJqv07cWt_rtH40XwNXpPvnNDwq-c0oxKJjQtwENHIXyQcbmKmIx74uSjtgZFfsTfyLEBbKQIICK07KQVhZnDYF-9XAOSImiVGnc3nHwbftJHs_4Zo0kXfvYL_HAh-9aLqykXKd9KjeqMVCr0-FP3q9bNk5Wtr5x5v3PPQW7WdGl1BUoKfO8XXxc0SBxo0lRaSzWTsYpbMsWCEWJGV-O7-SMGlKr72Vh-hTpEOIsz8VDnxdGTTJGROy_FL6N70jWTGZcPzrJqNVZ5FXY8oD5vrCAgYNkAUN_A-cirAtWZjSwQaxPlYzGkVQXsplX6562coH6Dslig6V9fj\" \/>\n<meta property=\"article:modified_time\" content=\"2026-02-21T15:41:48+00:00\" \/>\n<meta property=\"og:image\" content=\"https:\/\/underwood.shop\/wp-content\/uploads\/2018\/06\/slimbeam-black.jpg\" \/>\n\t<meta property=\"og:image:width\" content=\"519\" \/>\n\t<meta property=\"og:image:height\" content=\"900\" \/>\n<meta name=\"twitter:card\" content=\"summary_large_image\" \/>\n<meta name=\"twitter:label1\" content=\"Written by\">\n\t<meta name=\"twitter:data1\" content=\"Jaanus Veskla\">\n\t<meta name=\"twitter:label2\" content=\"Est. reading time\">\n\t<meta name=\"twitter:data2\" content=\"0 minutes\">\n<script type=\"application\/ld+json\" class=\"yoast-schema-graph\">{\"@context\":\"https:\/\/schema.org\",\"@graph\":[{\"@type\":\"WebSite\",\"@id\":\"https:\/\/underwood.shop\/en\/#website\",\"url\":\"https:\/\/underwood.shop\/en\/\",\"name\":\"WATERROWER | NOHRD.\",\"description\":\"S\\u00f5udemasinate ja treeningseadmete m\\u00fc\\u00fck\",\"potentialAction\":[{\"@type\":\"SearchAction\",\"target\":\"https:\/\/underwood.shop\/en\/?s={search_term_string}\",\"query-input\":\"required name=search_term_string\"}],\"inLanguage\":\"en-US\"},{\"@type\":\"ImageObject\",\"@id\":\"https:\/\/underwood.shop\/en\/toode\/nohrd-slimbeam-shadow\/#primaryimage\",\"inLanguage\":\"en-US\",\"url\":\"https:\/\/underwood.shop\/wp-content\/uploads\/2018\/06\/slimbeam-black.jpg\",\"width\":519,\"height\":900},{\"@type\":\"WebPage\",\"@id\":\"https:\/\/underwood.shop\/en\/toode\/nohrd-slimbeam-shadow\/#webpage\",\"url\":\"https:\/\/underwood.shop\/en\/toode\/nohrd-slimbeam-shadow\/\",\"name\":\"NOHRD SlimBeam Shadow - WATERROWER | NOHRD.\",\"isPartOf\":{\"@id\":\"https:\/\/underwood.shop\/en\/#website\"},\"primaryImageOfPage\":{\"@id\":\"https:\/\/underwood.shop\/en\/toode\/nohrd-slimbeam-shadow\/#primaryimage\"},\"datePublished\":\"2018-04-18T02:40:06+00:00\",\"dateModified\":\"2026-02-21T15:41:48+00:00\",\"inLanguage\":\"en-US\",\"potentialAction\":[{\"@type\":\"ReadAction\",\"target\":[\"https:\/\/underwood.shop\/en\/toode\/nohrd-slimbeam-shadow\/\"]}]}]}<\/script>\n<!-- \/ Yoast SEO Premium plugin. -->","_links":{"self":[{"href":"https:\/\/underwood.shop\/en\/wp-json\/wp\/v2\/product\/10798","targetHints":{"allow":["GET"]}}],"collection":[{"href":"https:\/\/underwood.shop\/en\/wp-json\/wp\/v2\/product"}],"about":[{"href":"https:\/\/underwood.shop\/en\/wp-json\/wp\/v2\/types\/product"}],"wp:featuredmedia":[{"embeddable":true,"href":"https:\/\/underwood.shop\/en\/wp-json\/wp\/v2\/media\/4229"}],"wp:attachment":[{"href":"https:\/\/underwood.shop\/en\/wp-json\/wp\/v2\/media?parent=10798"}],"wp:term":[{"taxonomy":"product_brand","embeddable":true,"href":"https:\/\/underwood.shop\/en\/wp-json\/wp\/v2\/product_brand?post=10798"},{"taxonomy":"product_cat","embeddable":true,"href":"https:\/\/underwood.shop\/en\/wp-json\/wp\/v2\/product_cat?post=10798"},{"taxonomy":"product_tag","embeddable":true,"href":"https:\/\/underwood.shop\/en\/wp-json\/wp\/v2\/product_tag?post=10798"}],"curies":[{"name":"wp","href":"https:\/\/api.w.org\/{rel}","templated":true}]}}